
{"id":7182,"date":"2025-04-07T11:53:57","date_gmt":"2025-04-07T09:53:57","guid":{"rendered":"https:\/\/przedszkole150.edu.wroclaw.pl\/?page_id=7182"},"modified":"2025-04-07T11:53:57","modified_gmt":"2025-04-07T09:53:57","slug":"razem-ratujmy-swiat","status":"publish","type":"page","link":"https:\/\/przedszkole150.edu.wroclaw.pl\/index.php\/razem-ratujmy-swiat\/","title":{"rendered":"RAZEM RATUJMY \u015aWIAT"},"content":{"rendered":"<div class=\"wpb-content-wrapper\"><p>[vc_row][vc_column][vc_column_text]<\/p>\n<p style=\"text-align: center\"><span style=\"font-family: times new roman, times;font-size: 14pt\">\u201eRAZEM RATUJMY \u015aWIAT\u201d<\/span><\/p>\n<p><span style=\"font-family: times new roman, times;font-size: 14pt\">Dnia 04.04.2025 r. dzieci z gr. IV i VIII wzi\u0119\u0142y udzia\u0142 w teatrzyku &#8211; bajce Pani Ilony Kali\u0144skiej pt. \u201eRazem ratujmy \u015bwiat\u201d. <\/span><\/p>\n<p><span style=\"font-family: times new roman, times;font-size: 14pt\">Bajka pt. &#8222;Razem ratujmy \u015bwiat&#8221; porusza nast\u0119puj\u0105ce zagadnienia: ochrona las\u00f3w, ochrona wody, selektywna gospodarka odpadami \u2013 segregacja odpad\u00f3w, gospodarka obiegowa na przyk\u0142adzie produkt\u00f3w s\u0142u\u017c\u0105cych nam podczas zakup\u00f3w (reklam\u00f3wek), ochrona powietrza i atmosfery, zr\u00f3wnowa\u017cona mobilno\u015b\u0107. Dzi\u0119ki tej bajce dzieci poznaj\u0105 aktualne wyzwania wsp\u00f3\u0142czesnego \u015bwiata zwi\u0105zane z ekologi\u0105. Forma przekazu jest niezwykle przyjazna dzieciom: to pe\u0142na muzyki bajka. Towarzysz\u0105c Kasi w\u0119druj\u0105cej po lesie m\u0142odzi s\u0142uchacze poznaj\u0105 tajemnice Pani Przyrody, aktualnie borykaj\u0105cej si\u0119 z r\u00f3\u017cnymi problemami. <\/span>[\/vc_column_text][vc_gallery type=&#8221;image_grid&#8221; images=&#8221;7183,7184,7185,7186,7187&#8243; css=&#8221;&#8221;][\/vc_column][\/vc_row]<\/p>\n<\/div>","protected":false},"excerpt":{"rendered":"<p>[vc_row][vc_column][vc_column_text] \u201eRAZEM RATUJMY \u015aWIAT\u201d Dnia 04.04.2025 r. dzieci z gr. IV i VIII wzi\u0119\u0142y udzia\u0142 w teatrzyku &#8211; bajce Pani Ilony Kali\u0144skiej pt. \u201eRazem ratujmy \u015bwiat\u201d. Bajka pt. &#8222;Razem ratujmy [&hellip;]<\/p>\n","protected":false},"author":211,"featured_media":0,"parent":0,"menu_order":0,"comment_status":"closed","ping_status":"closed","template":"","meta":{"ngg_post_thumbnail":0,"footnotes":""},"class_list":["post-7182","page","type-page","status-publish","hentry","clearfix"],"_links":{"self":[{"href":"https:\/\/przedszkole150.edu.wroclaw.pl\/index.php\/wp-json\/wp\/v2\/pages\/7182","targetHints":{"allow":["GET"]}}],"collection":[{"href":"https:\/\/przedszkole150.edu.wroclaw.pl\/index.php\/wp-json\/wp\/v2\/pages"}],"about":[{"href":"https:\/\/przedszkole150.edu.wroclaw.pl\/index.php\/wp-json\/wp\/v2\/types\/page"}],"author":[{"embeddable":true,"href":"https:\/\/przedszkole150.edu.wroclaw.pl\/index.php\/wp-json\/wp\/v2\/users\/211"}],"replies":[{"embeddable":true,"href":"https:\/\/przedszkole150.edu.wroclaw.pl\/index.php\/wp-json\/wp\/v2\/comments?post=7182"}],"version-history":[{"count":2,"href":"https:\/\/przedszkole150.edu.wroclaw.pl\/index.php\/wp-json\/wp\/v2\/pages\/7182\/revisions"}],"predecessor-version":[{"id":7189,"href":"https:\/\/przedszkole150.edu.wroclaw.pl\/index.php\/wp-json\/wp\/v2\/pages\/7182\/revisions\/7189"}],"wp:attachment":[{"href":"https:\/\/przedszkole150.edu.wroclaw.pl\/index.php\/wp-json\/wp\/v2\/media?parent=7182"}],"curies":[{"name":"wp","href":"https:\/\/api.w.org\/{rel}","templated":true}]}}