
{"id":72,"date":"2021-04-19T14:51:24","date_gmt":"2021-04-19T12:51:24","guid":{"rendered":"http:\/\/przedszkole150.edu.wroclaw.pl\/?page_id=72"},"modified":"2024-08-27T09:02:57","modified_gmt":"2024-08-27T07:02:57","slug":"rodo","status":"publish","type":"page","link":"https:\/\/przedszkole150.edu.wroclaw.pl\/index.php\/strona-glowna\/rodo\/","title":{"rendered":"RODO"},"content":{"rendered":"<p><a href=\"https:\/\/przedszkole150.edu.wroclaw.pl\/index.php\/klauzula-informacyjna-dla-osob-upowarznionych-do-odbioru-dziecka-z-przedszkola\/\">Klauzula &#8211; dla os\u00f3b upowa\u017cnionych do odbioru dziecka z przedszkola<\/a><\/p>\n<p><a href=\"https:\/\/przedszkole150.edu.wroclaw.pl\/index.php\/klauzula-informacyjna-pracownik-samorzadowy\/\">Klauzula &#8211; pracownik samorz\u0105dowy<\/a><\/p>\n<p><a href=\"https:\/\/przedszkole150.edu.wroclaw.pl\/index.php\/klauzula-nformacyjna-edukacja-dziecka-w-placowce\/\">Klauzula &#8211; edukacja dziecka w plac\u00f3wce<\/a><\/p>\n<p><a href=\"https:\/\/przedszkole150.edu.wroclaw.pl\/index.php\/klauzula-informacyjna-zatrudnienie-nauczyciel\/\">Klauzula &#8211; pracownik &#8211; nauczyciel<\/a><\/p>\n<p><a href=\"https:\/\/przedszkole150.edu.wroclaw.pl\/index.php\/klauzula-informacyjna-rekrutacja-pracownika\/\">Za\u0142. 7k. Klauzula &#8211; rekrutacja pracownika<\/a><\/p>\n<p><a href=\"https:\/\/przedszkole150.edu.wroclaw.pl\/index.php\/klauzula-informacyjna-umowa-najmu\/\">Klauzula &#8211; umowa najmu<\/a><\/p>\n<p><a href=\"https:\/\/przedszkole150.edu.wroclaw.pl\/index.php\/klauzula-informacyjna-postepowanie-o-udzielenie-zamowienia-publicznego\/\">Klauzula &#8211; zam\u00f3wienia publiczne<\/a><\/p>\n<p><a href=\"https:\/\/przedszkole150.edu.wroclaw.pl\/wp-content\/uploads\/sites\/61\/2021\/12\/Klauzula-przyjecie-dziecka-w-ramach-dyzuru-wakacyjnego.pdf\">Klauzula &#8211; przyj\u0119cie dziecka w ramach dy\u017curu wakacyjnego<\/a><\/p>\n<p><a href=\"https:\/\/przedszkole150.edu.wroclaw.pl\/index.php\/klauzla-informacyjna-ppk\/\">Klauzula &#8211; PPK<\/a><\/p>\n<p><a href=\"https:\/\/przedszkole150.edu.wroclaw.pl\/index.php\/klauzula-informacyjna-zawarcie-umowy\/\">Klauzula &#8211; umowa<\/a><\/p>\n<p><a href=\"https:\/\/przedszkole150.edu.wroclaw.pl\/index.php\/klauzula-informacyjna-korzystanie-z-srony-internetowej\/\">Klauzula &#8211; strona www<\/a><\/p>\n<p><a href=\"https:\/\/przedszkole150.edu.wroclaw.pl\/index.php\/klauzula-informacyjna-korespondencja-elektroniczna\/\">Klauzula &#8211; korespondencja elektroniczna<\/a><\/p>\n<p><a href=\"https:\/\/przedszkole150.edu.wroclaw.pl\/index.php\/klauzula-informacyjna-postepowanie-administracyjne\/\">Klauzula post\u0119powanie administracyjne<\/a><\/p>\n<p><a href=\"https:\/\/przedszkole150.edu.wroclaw.pl\/index.php\/klauzula-zlozenie-pisma-w-placowce\/\">Klauzula &#8211; z\u0142o\u017cenie pisma w plac\u00f3wce<\/a><\/p>\n<p><a href=\"https:\/\/przedszkole150.edu.wroclaw.pl\/index.php\/klauzula-informacyjna-zfss\/\">Klauzula\u00a0 &#8211; ZF\u015aS<\/a><\/p>\n<p><a href=\"https:\/\/przedszkole150.edu.wroclaw.pl\/index.php\/klauzula-informacyjna-wolontariat\/\">Klauzula informacyjna- wolontariat<\/a><\/p>\n<p><a href=\"https:\/\/przedszkole150.edu.wroclaw.pl\/index.php\/klauzula-informacyjna-opiekun-wycieczki\/\">Klauzura &#8211; opiekun wycieczki<\/a><\/p>\n<p><a href=\"https:\/\/przedszkole150.edu.wroclaw.pl\/index.php\/klauzula-informacyjna-prace-spoleczne-uzyteczne\/\">Klauzula informacyjna- prace spo\u0142eczne u\u017cyteczne<\/a><\/p>\n<p><a href=\"https:\/\/przedszkole150.edu.wroclaw.pl\/index.php\/klauzula-informacyjna-praktykant\/\">Klauzula &#8211; praktykant<\/a><\/p>\n<p>&nbsp;<\/p>\n<p><span style=\"font-family: georgia, palatino;font-size: 12pt\">Kontakt do inspektora ochrony danych<\/span><\/p>\n<p><span style=\"font-family: georgia, palatino;font-size: 12pt\">IOD: Tomasz Grzybowski,<\/span><\/p>\n<p><span style=\"font-family: georgia, palatino;font-size: 12pt\"><a href=\"mailto:inspektor@corecolsunting.pl\">inspektor@coreconsulting.pl<\/a><\/span><\/p>\n<p><span style=\"font-family: georgia, palatino;font-size: 12pt\">lub<\/span><\/p>\n<p><span style=\"font-family: georgia, palatino;font-size: 12pt\">CORE Consulting<\/span><\/p>\n<p><span style=\"font-family: georgia, palatino;font-size: 12pt\"><span lang=\"pl\">61-772 Pozna\u0144, Stary Rynek 80\/82<\/span><\/span><\/p>\n","protected":false},"excerpt":{"rendered":"<p>Klauzula &#8211; dla os\u00f3b upowa\u017cnionych do odbioru dziecka z przedszkola Klauzula &#8211; pracownik samorz\u0105dowy Klauzula &#8211; edukacja dziecka w plac\u00f3wce Klauzula &#8211; pracownik &#8211; nauczyciel Za\u0142. 7k. Klauzula &#8211; rekrutacja [&hellip;]<\/p>\n","protected":false},"author":72,"featured_media":0,"parent":16,"menu_order":0,"comment_status":"closed","ping_status":"closed","template":"","meta":{"ngg_post_thumbnail":0,"footnotes":""},"class_list":["post-72","page","type-page","status-publish","hentry","clearfix"],"_links":{"self":[{"href":"https:\/\/przedszkole150.edu.wroclaw.pl\/index.php\/wp-json\/wp\/v2\/pages\/72","targetHints":{"allow":["GET"]}}],"collection":[{"href":"https:\/\/przedszkole150.edu.wroclaw.pl\/index.php\/wp-json\/wp\/v2\/pages"}],"about":[{"href":"https:\/\/przedszkole150.edu.wroclaw.pl\/index.php\/wp-json\/wp\/v2\/types\/page"}],"author":[{"embeddable":true,"href":"https:\/\/przedszkole150.edu.wroclaw.pl\/index.php\/wp-json\/wp\/v2\/users\/72"}],"replies":[{"embeddable":true,"href":"https:\/\/przedszkole150.edu.wroclaw.pl\/index.php\/wp-json\/wp\/v2\/comments?post=72"}],"version-history":[{"count":26,"href":"https:\/\/przedszkole150.edu.wroclaw.pl\/index.php\/wp-json\/wp\/v2\/pages\/72\/revisions"}],"predecessor-version":[{"id":6177,"href":"https:\/\/przedszkole150.edu.wroclaw.pl\/index.php\/wp-json\/wp\/v2\/pages\/72\/revisions\/6177"}],"up":[{"embeddable":true,"href":"https:\/\/przedszkole150.edu.wroclaw.pl\/index.php\/wp-json\/wp\/v2\/pages\/16"}],"wp:attachment":[{"href":"https:\/\/przedszkole150.edu.wroclaw.pl\/index.php\/wp-json\/wp\/v2\/media?parent=72"}],"curies":[{"name":"wp","href":"https:\/\/api.w.org\/{rel}","templated":true}]}}