
{"id":7236,"date":"2025-04-13T12:48:26","date_gmt":"2025-04-13T10:48:26","guid":{"rendered":"https:\/\/przedszkole150.edu.wroclaw.pl\/?page_id=7236"},"modified":"2025-04-13T12:52:52","modified_gmt":"2025-04-13T10:52:52","slug":"dzien-swiadomosci-autyzmu-i-niebieskie-igrzyska-2025-2","status":"publish","type":"page","link":"https:\/\/przedszkole150.edu.wroclaw.pl\/index.php\/dzien-swiadomosci-autyzmu-i-niebieskie-igrzyska-2025-2\/","title":{"rendered":"Dzie\u0144 \u015awiadomo\u015bci Autyzmu i Niebieskie Igrzyska 2025"},"content":{"rendered":"<div class=\"wpb-content-wrapper\"><p>[vc_row][vc_column][vc_column_text]<\/p>\n<div class=\"x_elementToProof\" data-olk-copy-source=\"MessageBody\"><span style=\"font-family: times new roman, times;font-size: 14pt\">Nasze przedszkole po raz kolejny w\u0142\u0105czy\u0142o si\u0119 o obchody <span style=\"color: #0000ff\"><b>\u015awiatowego Dnia \u015awiadomo\u015bci Autyzmu.<\/b><\/span><\/span><\/div>\n<div class=\"x_elementToProof\"><span style=\"font-family: times new roman, times;font-size: 14pt\">10.04.2025 r. w ca\u0142ym przedszkolu realizowany by\u0142 projekt dzia\u0142a\u0144 edukacyjnych <span style=\"color: #0000ff\">\u201eDzie\u0144 \u015awiadomo\u015bci Autyzmu 2025\u201d<\/span> , w ramach kt\u00f3rego do\u0142\u0105czyli\u015bmy do og\u00f3lnopolskiej akcji <span style=\"color: #0000ff\"><b>Niebieskich Igrzysk 2025<\/b>.<\/span><\/span><\/div>\n<div class=\"x_elementToProof\"><span style=\"font-family: times new roman, times;font-size: 14pt\">Niebieskie Igrzyska to wydarzenie o charakterze edukacyjnym i sportowo -integracyjnym, kt\u00f3rego celem jest pokazanie, \u017ce ka\u017cdy mo\u017ce by\u0107 sportowcem i ka\u017cdy ma szans\u0119 osi\u0105gn\u0105\u0107 sukces na miar\u0119 swoich mo\u017cliwo\u015bci. Akcja ma r\u00f3wnie\u017c na celu zwi\u0119kszenie wra\u017cliwo\u015bci i \u015bwiadomo\u015bci spo\u0142ecznej na temat autyzmu.<\/span><\/div>\n<div class=\"x_elementToProof\"><span style=\"font-family: times new roman, times;font-size: 14pt\">Tego dnia w naszym przedszkolu kr\u00f3lowa\u0142 kolor niebieski, zar\u00f3wno w\u015br\u00f3d naszych ubra\u0144, jak r\u00f3wnie\u017c dekoracji w salach oraz w holu przedszkola. Imprez\u0119 rozpocz\u0119li\u015bmy od wsp\u00f3lnego od\u015bpiewania Hymnu Niebieskich Igrzysk. Nast\u0119pnie przy d\u017awi\u0119kach muzyki\u00a0 dzieci wraz z nauczycielami przemaszerowa\u0142y ze zniczem olimpijskim po przedszkolnym ogrodzie.<br \/>\n<\/span><\/div>\n<div class=\"x_elementToProof\"><span style=\"font-family: times new roman, times;font-size: 14pt\">Podczas imprezy zorganizowali\u015bmy r\u00f3\u017cnorodne konkurencje sportowe, w kt\u00f3rych dzieci ze wszystkich grup mog\u0142y wykaza\u0107 si\u0119 sprawno\u015bci\u0105 fizyczn\u0105 oraz zdolno\u015bci\u0105 do podejmowania dzia\u0142a\u0144 w r\u00f3\u017cnych sytuacjach. By\u0142a to te\u017c doskona\u0142a okazja do uczenia si\u0119 wsp\u00f3\u0142pracy i pokonywania barier. Zabawa by\u0142a wspania\u0142a!<\/span><\/div>\n<p>[\/vc_column_text][vc_gallery type=&#8221;image_grid&#8221; images=&#8221;7226,7225,7224,7222,7221,7220,7219,7218,7217,7216,7215,7214,7213,7212,7211,7210,7209,7208,7207,7206,7205,7204,7203&#8243; css=&#8221;&#8221;][\/vc_column][\/vc_row]<\/p>\n<\/div>","protected":false},"excerpt":{"rendered":"<p>[vc_row][vc_column][vc_column_text] Nasze przedszkole po raz kolejny w\u0142\u0105czy\u0142o si\u0119 o obchody \u015awiatowego Dnia \u015awiadomo\u015bci Autyzmu. 10.04.2025 r. w ca\u0142ym przedszkolu realizowany by\u0142 projekt dzia\u0142a\u0144 edukacyjnych \u201eDzie\u0144 \u015awiadomo\u015bci Autyzmu 2025\u201d , w [&hellip;]<\/p>\n","protected":false},"author":200,"featured_media":0,"parent":0,"menu_order":0,"comment_status":"closed","ping_status":"closed","template":"","meta":{"ngg_post_thumbnail":0,"footnotes":""},"class_list":["post-7236","page","type-page","status-publish","hentry","clearfix"],"_links":{"self":[{"href":"https:\/\/przedszkole150.edu.wroclaw.pl\/index.php\/wp-json\/wp\/v2\/pages\/7236","targetHints":{"allow":["GET"]}}],"collection":[{"href":"https:\/\/przedszkole150.edu.wroclaw.pl\/index.php\/wp-json\/wp\/v2\/pages"}],"about":[{"href":"https:\/\/przedszkole150.edu.wroclaw.pl\/index.php\/wp-json\/wp\/v2\/types\/page"}],"author":[{"embeddable":true,"href":"https:\/\/przedszkole150.edu.wroclaw.pl\/index.php\/wp-json\/wp\/v2\/users\/200"}],"replies":[{"embeddable":true,"href":"https:\/\/przedszkole150.edu.wroclaw.pl\/index.php\/wp-json\/wp\/v2\/comments?post=7236"}],"version-history":[{"count":2,"href":"https:\/\/przedszkole150.edu.wroclaw.pl\/index.php\/wp-json\/wp\/v2\/pages\/7236\/revisions"}],"predecessor-version":[{"id":7238,"href":"https:\/\/przedszkole150.edu.wroclaw.pl\/index.php\/wp-json\/wp\/v2\/pages\/7236\/revisions\/7238"}],"wp:attachment":[{"href":"https:\/\/przedszkole150.edu.wroclaw.pl\/index.php\/wp-json\/wp\/v2\/media?parent=7236"}],"curies":[{"name":"wp","href":"https:\/\/api.w.org\/{rel}","templated":true}]}}