
{"id":7270,"date":"2025-04-17T14:36:58","date_gmt":"2025-04-17T12:36:58","guid":{"rendered":"https:\/\/przedszkole150.edu.wroclaw.pl\/?page_id=7270"},"modified":"2025-04-17T14:36:58","modified_gmt":"2025-04-17T12:36:58","slug":"konkurs-wiosna-budzi-krasnale-wroclawskie-krasnale-w-kapeluszach-wiosennych","status":"publish","type":"page","link":"https:\/\/przedszkole150.edu.wroclaw.pl\/index.php\/konkurs-wiosna-budzi-krasnale-wroclawskie-krasnale-w-kapeluszach-wiosennych\/","title":{"rendered":"Konkurs &#8222;Wiosna budzi krasnale &#8211; Wroc\u0142awskie krasnale w kapeluszach wiosennych&#8221;"},"content":{"rendered":"<div class=\"wpb-content-wrapper\"><p>[vc_row][vc_column][vc_column_text]<span data-olk-copy-source=\"MessageBody\">\u00a0<span style=\"font-family: times new roman, times;font-size: 14pt\">Jest nam niezmiernie mi\u0142o poinformowa\u0107, i\u017c <strong>Aliviya z grupy IV<\/strong> zaj\u0119\u0142a pierwsze miejsce w mi\u0119dzyprzedszkolnym\u00a0 konkursie pt. <em>&#8221; Wiosna budzi krasnale- Wroc\u0142awskie krasnale w kapeluszach wiosennych&#8221;.<\/em> <\/span><\/span><\/p>\n<p><span data-olk-copy-source=\"MessageBody\"><span style=\"font-family: times new roman, times;font-size: 14pt\">Gratulacje !!!\u00a0<\/span><\/span>[\/vc_column_text][vc_gallery type=&#8221;image_grid&#8221; images=&#8221;7271,7272,7274&#8243; css=&#8221;&#8221;][\/vc_column][\/vc_row]<\/p>\n<\/div>","protected":false},"excerpt":{"rendered":"<p>[vc_row][vc_column][vc_column_text]\u00a0Jest nam niezmiernie mi\u0142o poinformowa\u0107, i\u017c Aliviya z grupy IV zaj\u0119\u0142a pierwsze miejsce w mi\u0119dzyprzedszkolnym\u00a0 konkursie pt. &#8221; Wiosna budzi krasnale- Wroc\u0142awskie krasnale w kapeluszach wiosennych&#8221;. Gratulacje !!!\u00a0[\/vc_column_text][vc_gallery type=&#8221;image_grid&#8221; images=&#8221;7271,7272,7274&#8243; [&hellip;]<\/p>\n","protected":false},"author":200,"featured_media":0,"parent":0,"menu_order":0,"comment_status":"closed","ping_status":"closed","template":"","meta":{"ngg_post_thumbnail":0,"footnotes":""},"class_list":["post-7270","page","type-page","status-publish","hentry","clearfix"],"_links":{"self":[{"href":"https:\/\/przedszkole150.edu.wroclaw.pl\/index.php\/wp-json\/wp\/v2\/pages\/7270","targetHints":{"allow":["GET"]}}],"collection":[{"href":"https:\/\/przedszkole150.edu.wroclaw.pl\/index.php\/wp-json\/wp\/v2\/pages"}],"about":[{"href":"https:\/\/przedszkole150.edu.wroclaw.pl\/index.php\/wp-json\/wp\/v2\/types\/page"}],"author":[{"embeddable":true,"href":"https:\/\/przedszkole150.edu.wroclaw.pl\/index.php\/wp-json\/wp\/v2\/users\/200"}],"replies":[{"embeddable":true,"href":"https:\/\/przedszkole150.edu.wroclaw.pl\/index.php\/wp-json\/wp\/v2\/comments?post=7270"}],"version-history":[{"count":1,"href":"https:\/\/przedszkole150.edu.wroclaw.pl\/index.php\/wp-json\/wp\/v2\/pages\/7270\/revisions"}],"predecessor-version":[{"id":7276,"href":"https:\/\/przedszkole150.edu.wroclaw.pl\/index.php\/wp-json\/wp\/v2\/pages\/7270\/revisions\/7276"}],"wp:attachment":[{"href":"https:\/\/przedszkole150.edu.wroclaw.pl\/index.php\/wp-json\/wp\/v2\/media?parent=7270"}],"curies":[{"name":"wp","href":"https:\/\/api.w.org\/{rel}","templated":true}]}}