
{"id":7279,"date":"2025-04-22T08:18:21","date_gmt":"2025-04-22T06:18:21","guid":{"rendered":"https:\/\/przedszkole150.edu.wroclaw.pl\/?page_id=7279"},"modified":"2025-04-22T08:18:21","modified_gmt":"2025-04-22T06:18:21","slug":"wielkanoc-w-przedszkolu-2025","status":"publish","type":"page","link":"https:\/\/przedszkole150.edu.wroclaw.pl\/index.php\/wielkanoc-w-przedszkolu-2025\/","title":{"rendered":"Wielkanoc w przedszkolu 2025"},"content":{"rendered":"<div class=\"wpb-content-wrapper\"><p>[vc_row][vc_column][vc_column_text]<span style=\"font-family: times new roman, times;font-size: 14pt\">Nasze przedszkolaki jak co roku z wielkim zaanga\u017cowaniem przygotowywa\u0142y si\u0119 do nadchodz\u0105cych \u015bwi\u0105t. Korytarze i sale zape\u0142ni\u0142y si\u0119 kolorowymi pisankami, zaj\u0105czkami i kurczaczkami. Wiosenne dekoracje, kt\u00f3re dzieci z wielkim zaanga\u017cowaniem tworzy\u0142y podczas zaj\u0119\u0107 wprowadzi\u0142y \u015bwi\u0105teczn\u0105 atmosfer\u0119 w naszym przedszkolu.<\/span>[\/vc_column_text][vc_gallery type=&#8221;image_grid&#8221; images=&#8221;7280,7281,7282,7283,7284,7285,7286,7287,7288,7289,7290,7291,7292,7293,7294,7295&#8243; css=&#8221;&#8221;][\/vc_column][\/vc_row]<\/p>\n<\/div>","protected":false},"excerpt":{"rendered":"<p>[vc_row][vc_column][vc_column_text]Nasze przedszkolaki jak co roku z wielkim zaanga\u017cowaniem przygotowywa\u0142y si\u0119 do nadchodz\u0105cych \u015bwi\u0105t. Korytarze i sale zape\u0142ni\u0142y si\u0119 kolorowymi pisankami, zaj\u0105czkami i kurczaczkami. Wiosenne dekoracje, kt\u00f3re dzieci z wielkim zaanga\u017cowaniem [&hellip;]<\/p>\n","protected":false},"author":200,"featured_media":0,"parent":0,"menu_order":0,"comment_status":"closed","ping_status":"closed","template":"","meta":{"ngg_post_thumbnail":0,"footnotes":""},"class_list":["post-7279","page","type-page","status-publish","hentry","clearfix"],"_links":{"self":[{"href":"https:\/\/przedszkole150.edu.wroclaw.pl\/index.php\/wp-json\/wp\/v2\/pages\/7279","targetHints":{"allow":["GET"]}}],"collection":[{"href":"https:\/\/przedszkole150.edu.wroclaw.pl\/index.php\/wp-json\/wp\/v2\/pages"}],"about":[{"href":"https:\/\/przedszkole150.edu.wroclaw.pl\/index.php\/wp-json\/wp\/v2\/types\/page"}],"author":[{"embeddable":true,"href":"https:\/\/przedszkole150.edu.wroclaw.pl\/index.php\/wp-json\/wp\/v2\/users\/200"}],"replies":[{"embeddable":true,"href":"https:\/\/przedszkole150.edu.wroclaw.pl\/index.php\/wp-json\/wp\/v2\/comments?post=7279"}],"version-history":[{"count":1,"href":"https:\/\/przedszkole150.edu.wroclaw.pl\/index.php\/wp-json\/wp\/v2\/pages\/7279\/revisions"}],"predecessor-version":[{"id":7296,"href":"https:\/\/przedszkole150.edu.wroclaw.pl\/index.php\/wp-json\/wp\/v2\/pages\/7279\/revisions\/7296"}],"wp:attachment":[{"href":"https:\/\/przedszkole150.edu.wroclaw.pl\/index.php\/wp-json\/wp\/v2\/media?parent=7279"}],"curies":[{"name":"wp","href":"https:\/\/api.w.org\/{rel}","templated":true}]}}