
{"id":7342,"date":"2025-05-16T07:49:37","date_gmt":"2025-05-16T05:49:37","guid":{"rendered":"https:\/\/przedszkole150.edu.wroclaw.pl\/?page_id=7342"},"modified":"2025-05-16T07:49:37","modified_gmt":"2025-05-16T05:49:37","slug":"pisanki-kraszanki-jajka-malowane-konkurs-plastyczny","status":"publish","type":"page","link":"https:\/\/przedszkole150.edu.wroclaw.pl\/index.php\/pisanki-kraszanki-jajka-malowane-konkurs-plastyczny\/","title":{"rendered":"&#8222;Pisanki, kraszanki, jajka malowane&#8221; &#8211; konkurs plastyczny"},"content":{"rendered":"<div class=\"wpb-content-wrapper\"><p>[vc_row][vc_column][vc_column_text]<\/p>\n<p><span style=\"font-family: times new roman, times;font-size: 14pt\">Dzieci z grupy II: Stella, Gabrysia i Amelka L. zdoby\u0142y wyr\u00f3\u017cnienie w mi\u0119dzyprzedszkolnym konkursie: &#8222;Pisanki, kraszanki, jajka malowane&#8221;, kt\u00f3rego organizatorem by\u0142o Przedszkole nr 23.<\/span><\/p>\n<p><span style=\"font-family: times new roman, times;font-size: 14pt\">Celem konkursu by\u0142o doskonalenie indywidualnych zdolno\u015bci plastycznych oraz rozwijanie tw\u00f3rczej wyobra\u017ani.<\/span><\/p>\n<p><span style=\"font-family: times new roman, times;font-size: 14pt\">Gratulujemy!!!<\/span>[\/vc_column_text][vc_gallery type=&#8221;image_grid&#8221; images=&#8221;7343,7344,7345,7346,7347&#8243; css=&#8221;&#8221;][\/vc_column][\/vc_row]<\/p>\n<\/div>","protected":false},"excerpt":{"rendered":"<p>[vc_row][vc_column][vc_column_text] Dzieci z grupy II: Stella, Gabrysia i Amelka L. zdoby\u0142y wyr\u00f3\u017cnienie w mi\u0119dzyprzedszkolnym konkursie: &#8222;Pisanki, kraszanki, jajka malowane&#8221;, kt\u00f3rego organizatorem by\u0142o Przedszkole nr 23. Celem konkursu by\u0142o doskonalenie indywidualnych [&hellip;]<\/p>\n","protected":false},"author":200,"featured_media":0,"parent":0,"menu_order":0,"comment_status":"closed","ping_status":"closed","template":"","meta":{"ngg_post_thumbnail":0,"footnotes":""},"class_list":["post-7342","page","type-page","status-publish","hentry","clearfix"],"_links":{"self":[{"href":"https:\/\/przedszkole150.edu.wroclaw.pl\/index.php\/wp-json\/wp\/v2\/pages\/7342","targetHints":{"allow":["GET"]}}],"collection":[{"href":"https:\/\/przedszkole150.edu.wroclaw.pl\/index.php\/wp-json\/wp\/v2\/pages"}],"about":[{"href":"https:\/\/przedszkole150.edu.wroclaw.pl\/index.php\/wp-json\/wp\/v2\/types\/page"}],"author":[{"embeddable":true,"href":"https:\/\/przedszkole150.edu.wroclaw.pl\/index.php\/wp-json\/wp\/v2\/users\/200"}],"replies":[{"embeddable":true,"href":"https:\/\/przedszkole150.edu.wroclaw.pl\/index.php\/wp-json\/wp\/v2\/comments?post=7342"}],"version-history":[{"count":1,"href":"https:\/\/przedszkole150.edu.wroclaw.pl\/index.php\/wp-json\/wp\/v2\/pages\/7342\/revisions"}],"predecessor-version":[{"id":7348,"href":"https:\/\/przedszkole150.edu.wroclaw.pl\/index.php\/wp-json\/wp\/v2\/pages\/7342\/revisions\/7348"}],"wp:attachment":[{"href":"https:\/\/przedszkole150.edu.wroclaw.pl\/index.php\/wp-json\/wp\/v2\/media?parent=7342"}],"curies":[{"name":"wp","href":"https:\/\/api.w.org\/{rel}","templated":true}]}}