
{"id":7352,"date":"2025-05-16T08:10:15","date_gmt":"2025-05-16T06:10:15","guid":{"rendered":"https:\/\/przedszkole150.edu.wroclaw.pl\/?page_id=7352"},"modified":"2025-05-16T08:10:15","modified_gmt":"2025-05-16T06:10:15","slug":"giga-laurka-dla-straznikow-lasow-2025","status":"publish","type":"page","link":"https:\/\/przedszkole150.edu.wroclaw.pl\/index.php\/giga-laurka-dla-straznikow-lasow-2025\/","title":{"rendered":"GIGA LAURKA DLA STRA\u017bNIK\u00d3W LAS\u00d3W 2025"},"content":{"rendered":"<div class=\"wpb-content-wrapper\"><p>[vc_row][vc_column][vc_column_text css=&#8221;&#8221;]<span style=\"font-family: times new roman, times;font-size: 14pt\">Dzieci z gr. IV, VI, VIII wzi\u0119\u0142y udzia\u0142 w IV edycji og\u00f3lnopolskiej akcji ,,Ca\u0142a Polska maluje GIGA Laurk\u0119 dla Stra\u017cnik\u00f3w Las\u00f3w\u201d.<br \/>\n<\/span><\/p>\n<p><span style=\"font-family: times new roman, times;font-size: 14pt\">Tegoroczne dzia\u0142ania Stra\u017cnik\u00f3w Las\u00f3w zosta\u0142y obj\u0119te Honorowym Patronatem Marsza\u0142ka Wojew\u00f3dztwa Dolno\u015bl\u0105skiego.<\/span><\/p>\n<p><span style=\"font-family: times new roman, times;font-size: 14pt\">W 2024 roku w Polsce odnotowano 5431 po\u017car\u00f3w las\u00f3w, z czego ponad 4500 wybuch\u0142o z winy cz\u0142owieka. Dlaczego o wi\u0119kszo\u015bci z nich nie s\u0142yszeli\u015bmy? Poniewa\u017c Stra\u017cnicy Las\u00f3w, czyli STRA\u017bACY i LE\u015aNICY czuwaj\u0105, by si\u0119 one nie rozprzestrzenia\u0142y. Dlatego chcieli\u015bmy bardzo gor\u0105co i wyj\u0105tkowo podzi\u0119kowa\u0107 za ich prac\u0119 w\u0142\u0105czaj\u0105c si\u0119 w tworzenie<\/span><br \/>\n<span style=\"font-family: times new roman, times;font-size: 14pt\">GIGA Laurki, sk\u0142adaj\u0105cej si\u0119 z tysi\u0119cy laurek namalowanych przez dzieci z ca\u0142ej Polski.<\/span><\/p>\n<p><span style=\"font-family: times new roman, times;font-size: 14pt\">Organizatorem akcji by\u0142a Fabryka Aktywno\u015bci M\u0142odych w Gorzowie Wielkopolskim.\u00a0<\/span>[\/vc_column_text][vc_gallery type=&#8221;image_grid&#8221; images=&#8221;7356,7361,7362,7360,7357,7358,7359,7355,7354,7353&#8243; css=&#8221;&#8221;][\/vc_column][\/vc_row]<\/p>\n<\/div>","protected":false},"excerpt":{"rendered":"<p>[vc_row][vc_column][vc_column_text css=&#8221;&#8221;]Dzieci z gr. IV, VI, VIII wzi\u0119\u0142y udzia\u0142 w IV edycji og\u00f3lnopolskiej akcji ,,Ca\u0142a Polska maluje GIGA Laurk\u0119 dla Stra\u017cnik\u00f3w Las\u00f3w\u201d. Tegoroczne dzia\u0142ania Stra\u017cnik\u00f3w Las\u00f3w zosta\u0142y obj\u0119te Honorowym Patronatem [&hellip;]<\/p>\n","protected":false},"author":211,"featured_media":0,"parent":0,"menu_order":0,"comment_status":"closed","ping_status":"closed","template":"","meta":{"ngg_post_thumbnail":0,"footnotes":""},"class_list":["post-7352","page","type-page","status-publish","hentry","clearfix"],"_links":{"self":[{"href":"https:\/\/przedszkole150.edu.wroclaw.pl\/index.php\/wp-json\/wp\/v2\/pages\/7352","targetHints":{"allow":["GET"]}}],"collection":[{"href":"https:\/\/przedszkole150.edu.wroclaw.pl\/index.php\/wp-json\/wp\/v2\/pages"}],"about":[{"href":"https:\/\/przedszkole150.edu.wroclaw.pl\/index.php\/wp-json\/wp\/v2\/types\/page"}],"author":[{"embeddable":true,"href":"https:\/\/przedszkole150.edu.wroclaw.pl\/index.php\/wp-json\/wp\/v2\/users\/211"}],"replies":[{"embeddable":true,"href":"https:\/\/przedszkole150.edu.wroclaw.pl\/index.php\/wp-json\/wp\/v2\/comments?post=7352"}],"version-history":[{"count":1,"href":"https:\/\/przedszkole150.edu.wroclaw.pl\/index.php\/wp-json\/wp\/v2\/pages\/7352\/revisions"}],"predecessor-version":[{"id":7363,"href":"https:\/\/przedszkole150.edu.wroclaw.pl\/index.php\/wp-json\/wp\/v2\/pages\/7352\/revisions\/7363"}],"wp:attachment":[{"href":"https:\/\/przedszkole150.edu.wroclaw.pl\/index.php\/wp-json\/wp\/v2\/media?parent=7352"}],"curies":[{"name":"wp","href":"https:\/\/api.w.org\/{rel}","templated":true}]}}