
{"id":7370,"date":"2025-05-18T17:47:57","date_gmt":"2025-05-18T15:47:57","guid":{"rendered":"https:\/\/przedszkole150.edu.wroclaw.pl\/?page_id=7370"},"modified":"2025-05-18T17:47:57","modified_gmt":"2025-05-18T15:47:57","slug":"senbazuru-80-000-zurawi-dla-pokoju","status":"publish","type":"page","link":"https:\/\/przedszkole150.edu.wroclaw.pl\/index.php\/senbazuru-80-000-zurawi-dla-pokoju\/","title":{"rendered":"SENBAZURU 80 000 \u017curawi dla pokoju"},"content":{"rendered":"<p>8 maj\u0105 na Placu Wolno\u015bci mia\u0142o miejsce bardzo wa\u017cne wydarzenie,w kt\u00f3rym mieli\u015bmy przyjemno\u015b\u0107 bra\u0107 udzia\u0142.Rok 2025 we Wroc\u0142awiu jest Rokiem Pojednania.Projekt \u201eSenbazuru -80 000 \u017burawi dla Pokoju\u201d powsta\u0142 na bazie poruszaj\u0105cej historii japo\u0144skiej dziewczynki,kt\u00f3ra wierz\u0105c w legend\u0119 o tysi\u0105cu papierowych \u017curawi. Z\u0142o\u017cy\u0142a ich setki w nadziei na pok\u00f3j w \u015bwiecie i zdrowie,staj\u0105c si\u0119 symbolem sprzeciwu wobec przemocy i wojen na \u015bwiecie.Nasze przedszkole przyst\u0105pi\u0142o r\u00f3wnie\u017c do tak wa\u017cnej akcji. do akcji. Nasze przedszkolaki wraz z Paniami oraz Rodzicam,i ze zu\u017cytych arkuszy papieru A4 wykonali sztuk\u0105 origami a\u017c 749 \u017curawi.\u00a0 Dzieci z grupy 9 reprezentowa\u0142y w tym wa\u017cnym dniu nasz przedszkole, zape\u0142niaj\u0105c mozaik\u0119 naszymi \u017curawiami. Skorzystali\u015bmy z towarzysz\u0105cych wydarzeniu atrakcji.Zwiedzili\u015bmy Muzeum Teatru, Muzeum Historyczne oraz wys\u0142uchali\u015bmy koncertu w wykonaniu dziewczynki i jej mamy, kt\u00f3re przylecia\u0142y z Japonii. <img loading=\"lazy\" decoding=\"async\" class=\"alignnone size-medium wp-image-7374\" src=\"https:\/\/przedszkole150.edu.wroclaw.pl\/wp-content\/uploads\/sites\/61\/2025\/05\/IMG_1449-225x300.jpeg\" alt=\"\" width=\"225\" height=\"300\" srcset=\"https:\/\/przedszkole150.edu.wroclaw.pl\/wp-content\/uploads\/sites\/61\/2025\/05\/IMG_1449-225x300.jpeg 225w, https:\/\/przedszkole150.edu.wroclaw.pl\/wp-content\/uploads\/sites\/61\/2025\/05\/IMG_1449-768x1024.jpeg 768w, https:\/\/przedszkole150.edu.wroclaw.pl\/wp-content\/uploads\/sites\/61\/2025\/05\/IMG_1449-1152x1536.jpeg 1152w, https:\/\/przedszkole150.edu.wroclaw.pl\/wp-content\/uploads\/sites\/61\/2025\/05\/IMG_1449-1536x2048.jpeg 1536w, https:\/\/przedszkole150.edu.wroclaw.pl\/wp-content\/uploads\/sites\/61\/2025\/05\/IMG_1449-scaled.jpeg 1920w\" sizes=\"auto, (max-width: 225px) 100vw, 225px\" \/><img loading=\"lazy\" decoding=\"async\" class=\"alignnone size-medium wp-image-7373\" src=\"https:\/\/przedszkole150.edu.wroclaw.pl\/wp-content\/uploads\/sites\/61\/2025\/05\/IMG_1443-225x300.jpeg\" alt=\"\" width=\"225\" height=\"300\" srcset=\"https:\/\/przedszkole150.edu.wroclaw.pl\/wp-content\/uploads\/sites\/61\/2025\/05\/IMG_1443-225x300.jpeg 225w, https:\/\/przedszkole150.edu.wroclaw.pl\/wp-content\/uploads\/sites\/61\/2025\/05\/IMG_1443-768x1024.jpeg 768w, https:\/\/przedszkole150.edu.wroclaw.pl\/wp-content\/uploads\/sites\/61\/2025\/05\/IMG_1443-1152x1536.jpeg 1152w, https:\/\/przedszkole150.edu.wroclaw.pl\/wp-content\/uploads\/sites\/61\/2025\/05\/IMG_1443-1536x2048.jpeg 1536w, https:\/\/przedszkole150.edu.wroclaw.pl\/wp-content\/uploads\/sites\/61\/2025\/05\/IMG_1443-scaled.jpeg 1920w\" sizes=\"auto, (max-width: 225px) 100vw, 225px\" \/><img loading=\"lazy\" decoding=\"async\" class=\"alignnone size-medium wp-image-7371\" src=\"https:\/\/przedszkole150.edu.wroclaw.pl\/wp-content\/uploads\/sites\/61\/2025\/05\/IMG_1341-300x225.jpeg\" alt=\"\" width=\"300\" height=\"225\" srcset=\"https:\/\/przedszkole150.edu.wroclaw.pl\/wp-content\/uploads\/sites\/61\/2025\/05\/IMG_1341-300x225.jpeg 300w, https:\/\/przedszkole150.edu.wroclaw.pl\/wp-content\/uploads\/sites\/61\/2025\/05\/IMG_1341-1024x768.jpeg 1024w, https:\/\/przedszkole150.edu.wroclaw.pl\/wp-content\/uploads\/sites\/61\/2025\/05\/IMG_1341-768x576.jpeg 768w, https:\/\/przedszkole150.edu.wroclaw.pl\/wp-content\/uploads\/sites\/61\/2025\/05\/IMG_1341-1536x1152.jpeg 1536w, https:\/\/przedszkole150.edu.wroclaw.pl\/wp-content\/uploads\/sites\/61\/2025\/05\/IMG_1341-2048x1536.jpeg 2048w\" sizes=\"auto, (max-width: 300px) 100vw, 300px\" \/><\/p>\n","protected":false},"excerpt":{"rendered":"<p>8 maj\u0105 na Placu Wolno\u015bci mia\u0142o miejsce bardzo wa\u017cne wydarzenie,w kt\u00f3rym mieli\u015bmy przyjemno\u015b\u0107 bra\u0107 udzia\u0142.Rok 2025 we Wroc\u0142awiu jest Rokiem Pojednania.Projekt \u201eSenbazuru -80 000 \u017burawi dla Pokoju\u201d powsta\u0142 na bazie [&hellip;]<\/p>\n","protected":false},"author":264,"featured_media":0,"parent":0,"menu_order":0,"comment_status":"closed","ping_status":"closed","template":"","meta":{"ngg_post_thumbnail":0,"footnotes":""},"class_list":["post-7370","page","type-page","status-publish","hentry","clearfix"],"_links":{"self":[{"href":"https:\/\/przedszkole150.edu.wroclaw.pl\/index.php\/wp-json\/wp\/v2\/pages\/7370","targetHints":{"allow":["GET"]}}],"collection":[{"href":"https:\/\/przedszkole150.edu.wroclaw.pl\/index.php\/wp-json\/wp\/v2\/pages"}],"about":[{"href":"https:\/\/przedszkole150.edu.wroclaw.pl\/index.php\/wp-json\/wp\/v2\/types\/page"}],"author":[{"embeddable":true,"href":"https:\/\/przedszkole150.edu.wroclaw.pl\/index.php\/wp-json\/wp\/v2\/users\/264"}],"replies":[{"embeddable":true,"href":"https:\/\/przedszkole150.edu.wroclaw.pl\/index.php\/wp-json\/wp\/v2\/comments?post=7370"}],"version-history":[{"count":1,"href":"https:\/\/przedszkole150.edu.wroclaw.pl\/index.php\/wp-json\/wp\/v2\/pages\/7370\/revisions"}],"predecessor-version":[{"id":7375,"href":"https:\/\/przedszkole150.edu.wroclaw.pl\/index.php\/wp-json\/wp\/v2\/pages\/7370\/revisions\/7375"}],"wp:attachment":[{"href":"https:\/\/przedszkole150.edu.wroclaw.pl\/index.php\/wp-json\/wp\/v2\/media?parent=7370"}],"curies":[{"name":"wp","href":"https:\/\/api.w.org\/{rel}","templated":true}]}}