
{"id":7606,"date":"2025-09-23T19:33:20","date_gmt":"2025-09-23T17:33:20","guid":{"rendered":"https:\/\/przedszkole150.edu.wroclaw.pl\/?page_id=7606"},"modified":"2025-09-23T19:33:20","modified_gmt":"2025-09-23T17:33:20","slug":"pierwsze-dni-w-grupie-maluszkow","status":"publish","type":"page","link":"https:\/\/przedszkole150.edu.wroclaw.pl\/index.php\/pierwsze-dni-w-grupie-maluszkow\/","title":{"rendered":"Pierwsze dni w grupie maluszk\u00f3w"},"content":{"rendered":"<div class=\"wpb-content-wrapper\"><p>[vc_row][vc_column][vc_column_text]<span class=\"html-span xdj266r x14z9mp xat24cr x1lziwak xexx8yu xyri2b x18d9i69 x1c1uobl x1hl2dhg x16tdsg8 x1vvkbs x4k7w5x x1h91t0o x1h9r5lt x1jfb8zj xv2umb2 x1beo9mf xaigb6o x12ejxvf x3igimt xarpa2k xedcshv x1lytzrv x1t2pt76 x7ja8zs x1qrby5j\"><span class=\"x193iq5w xeuugli x13faqbe x1vvkbs x1xmvt09 x1lliihq x1s928wv xhkezso x1gmr53x x1cpjm7i x1fgarty x1943h6x xudqn12 x3x7a5m x6prxxf xvq8zen xo1l8bm x14ctfv\" dir=\"auto\">Pierwsze dni w przedszkolu to wyj\u0105tkowy czas \u2013 pe\u0142en emocji, nowych do\u015bwiadcze\u0144 i odkry\u0107. Dla naszych maluszk\u00f3w to wa\u017cny krok w stron\u0119 samodzielno\u015bci i poznawania \u015bwiata poza domem. <\/span><\/span><\/p>\n<p><span class=\"html-span xdj266r x14z9mp xat24cr x1lziwak xexx8yu xyri2b x18d9i69 x1c1uobl x1hl2dhg x16tdsg8 x1vvkbs x4k7w5x x1h91t0o x1h9r5lt x1jfb8zj xv2umb2 x1beo9mf xaigb6o x12ejxvf x3igimt xarpa2k xedcshv x1lytzrv x1t2pt76 x7ja8zs x1qrby5j\"><span class=\"x193iq5w xeuugli x13faqbe x1vvkbs x1xmvt09 x1lliihq x1s928wv xhkezso x1gmr53x x1cpjm7i x1fgarty x1943h6x xudqn12 x3x7a5m x6prxxf xvq8zen xo1l8bm x14ctfv\" dir=\"auto\">Pocz\u0105tek wrze\u015bnia up\u0142yn\u0105\u0142 nam na wzajemnym poznawaniu si\u0119 \u2013 dzieci mia\u0142y okazj\u0119 zapozna\u0107 si\u0119 z nowym miejscem, paniami oraz kolegami i kole\u017cankami z grupy. Cho\u0107 nie oby\u0142o si\u0119 bez \u0142ez i t\u0119sknoty za rodzicami, z dnia na dzie\u0144 w sali pojawia si\u0119 coraz wi\u0119cej u\u015bmiech\u00f3w, a zabawa staje si\u0119 coraz bardziej swobodna. <\/span><\/span><\/p>\n<p><span class=\"html-span xdj266r x14z9mp xat24cr x1lziwak xexx8yu xyri2b x18d9i69 x1c1uobl x1hl2dhg x16tdsg8 x1vvkbs x4k7w5x x1h91t0o x1h9r5lt x1jfb8zj xv2umb2 x1beo9mf xaigb6o x12ejxvf x3igimt xarpa2k xedcshv x1lytzrv x1t2pt76 x7ja8zs x1qrby5j\"><span class=\"x193iq5w xeuugli x13faqbe x1vvkbs x1xmvt09 x1lliihq x1s928wv xhkezso x1gmr53x x1cpjm7i x1fgarty x1943h6x xudqn12 x3x7a5m x6prxxf xvq8zen xo1l8bm x14ctfv\" dir=\"auto\">W tym czasie skupiamy si\u0119 na budowaniu poczucia bezpiecze\u0144stwa, sta\u0142ych rytua\u0142ach dnia oraz rozwijaniu samodzielno\u015bci. Maluszki ucz\u0105 si\u0119 wsp\u00f3lnego sprz\u0105tania zabawek, mycia r\u0105czek, siadania przy stole czy rozpoznawania swoich znaczk\u00f3w. Du\u017co czasu sp\u0119dzamy na zabawie \u2013 zar\u00f3wno w sali, jak i na \u015bwie\u017cym powietrzu. Dzieci bior\u0105 udzia\u0142 w prostych zaj\u0119ciach plastycznych, muzycznych i ruchowych, kt\u00f3re dostosowane s\u0105 do ich potrzeb i mo\u017cliwo\u015bci. <\/span><\/span><\/p>\n<p><span class=\"html-span xdj266r x14z9mp xat24cr x1lziwak xexx8yu xyri2b x18d9i69 x1c1uobl x1hl2dhg x16tdsg8 x1vvkbs x4k7w5x x1h91t0o x1h9r5lt x1jfb8zj xv2umb2 x1beo9mf xaigb6o x12ejxvf x3igimt xarpa2k xedcshv x1lytzrv x1t2pt76 x7ja8zs x1qrby5j\"><span class=\"x193iq5w xeuugli x13faqbe x1vvkbs x1xmvt09 x1lliihq x1s928wv xhkezso x1gmr53x x1cpjm7i x1fgarty x1943h6x xudqn12 x3x7a5m x6prxxf xvq8zen xo1l8bm x14ctfv\" dir=\"auto\">Cho\u0107 to dopiero pocz\u0105tek przedszkolnej przygody, ju\u017c teraz wida\u0107, jak szybko maluszki si\u0119 rozwijaj\u0105, nabieraj\u0105 odwagi i z ka\u017cdym dniem czuj\u0105 si\u0119 coraz pewniej w nowym otoczeniu.<\/span><\/span>[\/vc_column_text][vc_gallery type=&#8221;image_grid&#8221; images=&#8221;7635,7636,7637,7638,7639,7640,7641,7642,7643&#8243; css=&#8221;&#8221;][\/vc_column][\/vc_row]<\/p>\n<\/div>","protected":false},"excerpt":{"rendered":"<p>[vc_row][vc_column][vc_column_text]Pierwsze dni w przedszkolu to wyj\u0105tkowy czas \u2013 pe\u0142en emocji, nowych do\u015bwiadcze\u0144 i odkry\u0107. Dla naszych maluszk\u00f3w to wa\u017cny krok w stron\u0119 samodzielno\u015bci i poznawania \u015bwiata poza domem. Pocz\u0105tek wrze\u015bnia [&hellip;]<\/p>\n","protected":false},"author":200,"featured_media":0,"parent":0,"menu_order":0,"comment_status":"closed","ping_status":"closed","template":"","meta":{"ngg_post_thumbnail":0,"footnotes":""},"class_list":["post-7606","page","type-page","status-publish","hentry","clearfix"],"_links":{"self":[{"href":"https:\/\/przedszkole150.edu.wroclaw.pl\/index.php\/wp-json\/wp\/v2\/pages\/7606","targetHints":{"allow":["GET"]}}],"collection":[{"href":"https:\/\/przedszkole150.edu.wroclaw.pl\/index.php\/wp-json\/wp\/v2\/pages"}],"about":[{"href":"https:\/\/przedszkole150.edu.wroclaw.pl\/index.php\/wp-json\/wp\/v2\/types\/page"}],"author":[{"embeddable":true,"href":"https:\/\/przedszkole150.edu.wroclaw.pl\/index.php\/wp-json\/wp\/v2\/users\/200"}],"replies":[{"embeddable":true,"href":"https:\/\/przedszkole150.edu.wroclaw.pl\/index.php\/wp-json\/wp\/v2\/comments?post=7606"}],"version-history":[{"count":2,"href":"https:\/\/przedszkole150.edu.wroclaw.pl\/index.php\/wp-json\/wp\/v2\/pages\/7606\/revisions"}],"predecessor-version":[{"id":7644,"href":"https:\/\/przedszkole150.edu.wroclaw.pl\/index.php\/wp-json\/wp\/v2\/pages\/7606\/revisions\/7644"}],"wp:attachment":[{"href":"https:\/\/przedszkole150.edu.wroclaw.pl\/index.php\/wp-json\/wp\/v2\/media?parent=7606"}],"curies":[{"name":"wp","href":"https:\/\/api.w.org\/{rel}","templated":true}]}}