
{"id":7649,"date":"2025-09-24T20:20:54","date_gmt":"2025-09-24T18:20:54","guid":{"rendered":"https:\/\/przedszkole150.edu.wroclaw.pl\/?page_id=7649"},"modified":"2025-09-24T20:20:54","modified_gmt":"2025-09-24T18:20:54","slug":"dzien-pustej-sali-2025","status":"publish","type":"page","link":"https:\/\/przedszkole150.edu.wroclaw.pl\/index.php\/dzien-pustej-sali-2025\/","title":{"rendered":"Dzie\u0144 Pustej Sali 2025"},"content":{"rendered":"<div class=\"wpb-content-wrapper\"><p>[vc_row][vc_column][vc_gallery type=&#8221;image_grid&#8221; images=&#8221;7650,7651,7652,7653,7654,7655,7656,7657,7658,7659,7660,7661,7662,7663,7664,7665,7666,7667,7668,7669,7670,7671,7672,7673,7674,7675,7676&#8243; css=&#8221;&#8221;][vc_column_text]<\/p>\n<p data-start=\"0\" data-end=\"375\"><span style=\"font-family: times new roman, times;font-size: 14pt\">W ostatnim tygodniu wrze\u015bnia nasze przedszkole do\u0142\u0105czy\u0142o do inicjatywy\u00a0\u00a0<em data-start=\"55\" data-end=\"74\"><span style=\"color: #008000\">Dzie\u0144 Pustej Sali<\/span> &#8211; <\/em>aktywno\u015bci edukacyjnej, realizowanej poza tradycyjn\u0105 sal\u0105 przedszkoln\u0105, kt\u00f3rej celem jest zwr\u00f3cenie uwagi na korzy\u015bci p\u0142yn\u0105ce z aktywno\u015bci na otwartej przestrzeni. <\/span><\/p>\n<p data-start=\"0\" data-end=\"375\"><span style=\"font-family: times new roman, times;font-size: 14pt\">W tych dniach przenie\u015bli\u015bmy zaj\u0119cia edukacyjne poza mury przedszkola, gdzie czeka\u0142a na dzieci masa atrakcji. By\u0142y sportowe konkurencje \u2013 biegi, skoki i weso\u0142e wy\u015bcigi, kt\u00f3re wywo\u0142a\u0142y mn\u00f3stwo \u015bmiechu. Chodnik zamieni\u0142 si\u0119 w kolorow\u0105 galeri\u0119, bo maluchy ch\u0119tnie chwyci\u0142y za kredy i tworzy\u0142y swoje niezwyk\u0142e rysunki.<\/span><\/p>\n<p data-start=\"377\" data-end=\"686\"><span style=\"font-family: times new roman, times;font-size: 14pt\">Nie zabrak\u0142o te\u017c chwili na obserwacj\u0119 przyrody \u2013 dzieci z zainteresowaniem obserwowa\u0142y li\u015bcie, owady i ptaki. Na zako\u0144czenie wszyscy dali si\u0119 porwa\u0107 zabawom muzycznym: ta\u0144com, rytmom i wsp\u00f3lnemu \u015bpiewaniu. To by\u0142y chwile pe\u0142ne ruchu, tw\u00f3rczej energii i u\u015bmiech\u00f3w \u2013 dok\u0142adnie takie, jak lubi\u0105 nasze Nutki!<\/span><\/p>\n<p>[\/vc_column_text][\/vc_column][\/vc_row]<\/p>\n<\/div>","protected":false},"excerpt":{"rendered":"<p>[vc_row][vc_column][vc_gallery type=&#8221;image_grid&#8221; images=&#8221;7650,7651,7652,7653,7654,7655,7656,7657,7658,7659,7660,7661,7662,7663,7664,7665,7666,7667,7668,7669,7670,7671,7672,7673,7674,7675,7676&#8243; css=&#8221;&#8221;][vc_column_text] W ostatnim tygodniu wrze\u015bnia nasze przedszkole do\u0142\u0105czy\u0142o do inicjatywy\u00a0\u00a0Dzie\u0144 Pustej Sali &#8211; aktywno\u015bci edukacyjnej, realizowanej poza tradycyjn\u0105 sal\u0105 przedszkoln\u0105, kt\u00f3rej celem jest zwr\u00f3cenie uwagi na korzy\u015bci [&hellip;]<\/p>\n","protected":false},"author":200,"featured_media":0,"parent":0,"menu_order":0,"comment_status":"closed","ping_status":"closed","template":"","meta":{"ngg_post_thumbnail":0,"footnotes":""},"class_list":["post-7649","page","type-page","status-publish","hentry","clearfix"],"_links":{"self":[{"href":"https:\/\/przedszkole150.edu.wroclaw.pl\/index.php\/wp-json\/wp\/v2\/pages\/7649","targetHints":{"allow":["GET"]}}],"collection":[{"href":"https:\/\/przedszkole150.edu.wroclaw.pl\/index.php\/wp-json\/wp\/v2\/pages"}],"about":[{"href":"https:\/\/przedszkole150.edu.wroclaw.pl\/index.php\/wp-json\/wp\/v2\/types\/page"}],"author":[{"embeddable":true,"href":"https:\/\/przedszkole150.edu.wroclaw.pl\/index.php\/wp-json\/wp\/v2\/users\/200"}],"replies":[{"embeddable":true,"href":"https:\/\/przedszkole150.edu.wroclaw.pl\/index.php\/wp-json\/wp\/v2\/comments?post=7649"}],"version-history":[{"count":1,"href":"https:\/\/przedszkole150.edu.wroclaw.pl\/index.php\/wp-json\/wp\/v2\/pages\/7649\/revisions"}],"predecessor-version":[{"id":7677,"href":"https:\/\/przedszkole150.edu.wroclaw.pl\/index.php\/wp-json\/wp\/v2\/pages\/7649\/revisions\/7677"}],"wp:attachment":[{"href":"https:\/\/przedszkole150.edu.wroclaw.pl\/index.php\/wp-json\/wp\/v2\/media?parent=7649"}],"curies":[{"name":"wp","href":"https:\/\/api.w.org\/{rel}","templated":true}]}}