
{"id":7697,"date":"2025-10-01T17:03:47","date_gmt":"2025-10-01T15:03:47","guid":{"rendered":"https:\/\/przedszkole150.edu.wroclaw.pl\/?page_id=7697"},"modified":"2025-10-01T17:03:47","modified_gmt":"2025-10-01T15:03:47","slug":"jabluszka-chetnie-jemy-wiec-dzien-jablka-swietujemy","status":"publish","type":"page","link":"https:\/\/przedszkole150.edu.wroclaw.pl\/index.php\/jabluszka-chetnie-jemy-wiec-dzien-jablka-swietujemy\/","title":{"rendered":"Jab\u0142uszka ch\u0119tnie jemy, wi\u0119c Dzie\u0144 Jab\u0142ka \u015bwi\u0119tujemy!"},"content":{"rendered":"<div class=\"wpb-content-wrapper\"><p>[vc_row][vc_column][vc_column_text]<\/p>\n<p data-start=\"130\" data-end=\"446\"><span style=\"font-family: times new roman, times;font-size: 14pt\">W poniedzia\u0142ek 29.09.2025 r. w naszym przedszkolu obchodzili\u015bmy weso\u0142e i pe\u0142ne kolor\u00f3w \u015bwi\u0119to \u2013 <span style=\"color: #ff0000\"><strong data-start=\"218\" data-end=\"234\">Dzie\u0144 Jab\u0142ka<\/strong>.<\/span> <\/span><\/p>\n<p data-start=\"130\" data-end=\"446\"><span style=\"font-family: times new roman, times;font-size: 14pt\">Tego dnia w salach pojawi\u0142y si\u0119 pi\u0119kne dekoracje w barwach czerwieni i zieleni. Na tablicach zawis\u0142y ilustracje jab\u0142oni i koszyk\u00f3w pe\u0142nych owoc\u00f3w, a w koszyczkach czeka\u0142y prawdziwe jab\u0142ka r\u00f3\u017cnych odmian.<\/span><\/p>\n<p data-start=\"448\" data-end=\"717\"><span style=\"font-family: times new roman, times;font-size: 14pt\">Dzieci mia\u0142y okazj\u0119 dowiedzie\u0107 si\u0119 wielu ciekawostek o jab\u0142kach \u2013 sk\u0105d pochodz\u0105, jakie maj\u0105 odmiany, a tak\u017ce dlaczego warto je je\u015b\u0107, aby by\u0107 zdrowym i pe\u0142nym energii. Przedszkolaki uczy\u0142y si\u0119 rozpoznawa\u0107 jab\u0142ka po wygl\u0105dzie, pr\u00f3bowa\u0142y opisa\u0107 ich smak i zapach.<\/span><\/p>\n<p data-start=\"719\" data-end=\"963\"><span style=\"font-family: times new roman, times;font-size: 14pt\">Nie zabrak\u0142o r\u00f3wnie\u017c <strong data-start=\"740\" data-end=\"764\">dzia\u0142a\u0144 plastycznych<\/strong>. Dzieci wykonywa\u0142y pi\u0119kne prace \u2013 malowa\u0142y farbami, wykleja\u0142y kolorowym papierem, lepi\u0142y z plasteliny i masy solnej.<\/span><\/p>\n<p data-start=\"965\" data-end=\"1257\"><span style=\"font-family: times new roman, times;font-size: 14pt\">\u015awi\u0119to zako\u0144czy\u0142o si\u0119 wsp\u00f3ln\u0105 zabaw\u0105 przy piosenkach o owocach oraz\u00a0 wystaw\u0105 prac plastycznych, kt\u00f3re ozdobi\u0142y nasze korytarze. <\/span><\/p>\n<p data-start=\"965\" data-end=\"1257\"><span style=\"font-family: times new roman, times;font-size: 14pt\">To by\u0142 radosny dzie\u0144 pe\u0142en u\u015bmiech\u00f3w, zabawy i wiedzy, a przedszkolaki jeszcze bardziej przekona\u0142y si\u0119, \u017ce jab\u0142ka to nie tylko smaczny, ale i bardzo zdrowy owoc!<\/span><\/p>\n<p>[\/vc_column_text][vc_gallery type=&#8221;image_grid&#8221; images=&#8221;7698,7699,7700,7701,7702,7703,7704,7705,7706,7707,7708,7709,7710,7711,7712,7713&#8243; css=&#8221;&#8221;][\/vc_column][\/vc_row]<\/p>\n<\/div>","protected":false},"excerpt":{"rendered":"<p>[vc_row][vc_column][vc_column_text] W poniedzia\u0142ek 29.09.2025 r. w naszym przedszkolu obchodzili\u015bmy weso\u0142e i pe\u0142ne kolor\u00f3w \u015bwi\u0119to \u2013 Dzie\u0144 Jab\u0142ka. Tego dnia w salach pojawi\u0142y si\u0119 pi\u0119kne dekoracje w barwach czerwieni i zieleni. [&hellip;]<\/p>\n","protected":false},"author":200,"featured_media":0,"parent":0,"menu_order":0,"comment_status":"closed","ping_status":"closed","template":"","meta":{"ngg_post_thumbnail":0,"footnotes":""},"class_list":["post-7697","page","type-page","status-publish","hentry","clearfix"],"_links":{"self":[{"href":"https:\/\/przedszkole150.edu.wroclaw.pl\/index.php\/wp-json\/wp\/v2\/pages\/7697","targetHints":{"allow":["GET"]}}],"collection":[{"href":"https:\/\/przedszkole150.edu.wroclaw.pl\/index.php\/wp-json\/wp\/v2\/pages"}],"about":[{"href":"https:\/\/przedszkole150.edu.wroclaw.pl\/index.php\/wp-json\/wp\/v2\/types\/page"}],"author":[{"embeddable":true,"href":"https:\/\/przedszkole150.edu.wroclaw.pl\/index.php\/wp-json\/wp\/v2\/users\/200"}],"replies":[{"embeddable":true,"href":"https:\/\/przedszkole150.edu.wroclaw.pl\/index.php\/wp-json\/wp\/v2\/comments?post=7697"}],"version-history":[{"count":1,"href":"https:\/\/przedszkole150.edu.wroclaw.pl\/index.php\/wp-json\/wp\/v2\/pages\/7697\/revisions"}],"predecessor-version":[{"id":7714,"href":"https:\/\/przedszkole150.edu.wroclaw.pl\/index.php\/wp-json\/wp\/v2\/pages\/7697\/revisions\/7714"}],"wp:attachment":[{"href":"https:\/\/przedszkole150.edu.wroclaw.pl\/index.php\/wp-json\/wp\/v2\/media?parent=7697"}],"curies":[{"name":"wp","href":"https:\/\/api.w.org\/{rel}","templated":true}]}}