
{"id":7718,"date":"2025-10-02T10:22:24","date_gmt":"2025-10-02T08:22:24","guid":{"rendered":"https:\/\/przedszkole150.edu.wroclaw.pl\/?page_id=7718"},"modified":"2025-10-02T10:22:24","modified_gmt":"2025-10-02T08:22:24","slug":"zabawy-z-akademia-krokieta-i-lamy","status":"publish","type":"page","link":"https:\/\/przedszkole150.edu.wroclaw.pl\/index.php\/zabawy-z-akademia-krokieta-i-lamy\/","title":{"rendered":"ZABAWY Z AKADEMI\u0104 KROKIETA I LAMY"},"content":{"rendered":"<div class=\"wpb-content-wrapper\"><p>[vc_row][vc_column][vc_column_text]<\/p>\n<p align=\"center\"><span style=\"color: #993366;font-family: times new roman, times;font-size: 14pt\"><b>ZABAWY Z AKADEMI\u0104 KROKIETA I LAMY<\/b><\/span><\/p>\n<p align=\"justify\"><span style=\"color: #000000;font-family: times new roman, times;font-size: 14pt\">W naszym Przedszkolu uczymy si\u0119 w ruchu, z wykorzystaniem materia\u0142\u00f3w Akademii Krokieta i Lamy. \ud83d\udcda\ud83d\udca1 <\/span><\/p>\n<p><span style=\"font-family: times new roman, times;font-size: 14pt\"><span style=\"color: #000000\">Zaj\u0119cia te s\u0105 cz\u0119\u015bci\u0105 projektu \u201eEdukacja w ruchu\u201d, w kt\u00f3rym mamy przyjemno\u015b\u0107 bra\u0107 udzia\u0142. <\/span>\ud83d\ude80<\/span>[\/vc_column_text][vc_gallery type=&#8221;image_grid&#8221; images=&#8221;7719,7720,7721,7722,7723,7724,7725,7726,7727,7728,7729&#8243; css=&#8221;&#8221;][\/vc_column][\/vc_row]<\/p>\n<\/div>","protected":false},"excerpt":{"rendered":"<p>[vc_row][vc_column][vc_column_text] ZABAWY Z AKADEMI\u0104 KROKIETA I LAMY W naszym Przedszkolu uczymy si\u0119 w ruchu, z wykorzystaniem materia\u0142\u00f3w Akademii Krokieta i Lamy. \ud83d\udcda\ud83d\udca1 Zaj\u0119cia te s\u0105 cz\u0119\u015bci\u0105 projektu \u201eEdukacja w ruchu\u201d, [&hellip;]<\/p>\n","protected":false},"author":211,"featured_media":0,"parent":0,"menu_order":0,"comment_status":"closed","ping_status":"closed","template":"","meta":{"ngg_post_thumbnail":0,"footnotes":""},"class_list":["post-7718","page","type-page","status-publish","hentry","clearfix"],"_links":{"self":[{"href":"https:\/\/przedszkole150.edu.wroclaw.pl\/index.php\/wp-json\/wp\/v2\/pages\/7718","targetHints":{"allow":["GET"]}}],"collection":[{"href":"https:\/\/przedszkole150.edu.wroclaw.pl\/index.php\/wp-json\/wp\/v2\/pages"}],"about":[{"href":"https:\/\/przedszkole150.edu.wroclaw.pl\/index.php\/wp-json\/wp\/v2\/types\/page"}],"author":[{"embeddable":true,"href":"https:\/\/przedszkole150.edu.wroclaw.pl\/index.php\/wp-json\/wp\/v2\/users\/211"}],"replies":[{"embeddable":true,"href":"https:\/\/przedszkole150.edu.wroclaw.pl\/index.php\/wp-json\/wp\/v2\/comments?post=7718"}],"version-history":[{"count":1,"href":"https:\/\/przedszkole150.edu.wroclaw.pl\/index.php\/wp-json\/wp\/v2\/pages\/7718\/revisions"}],"predecessor-version":[{"id":7730,"href":"https:\/\/przedszkole150.edu.wroclaw.pl\/index.php\/wp-json\/wp\/v2\/pages\/7718\/revisions\/7730"}],"wp:attachment":[{"href":"https:\/\/przedszkole150.edu.wroclaw.pl\/index.php\/wp-json\/wp\/v2\/media?parent=7718"}],"curies":[{"name":"wp","href":"https:\/\/api.w.org\/{rel}","templated":true}]}}