
{"id":7732,"date":"2025-10-02T10:34:01","date_gmt":"2025-10-02T08:34:01","guid":{"rendered":"https:\/\/przedszkole150.edu.wroclaw.pl\/?page_id=7732"},"modified":"2025-10-28T11:58:48","modified_gmt":"2025-10-28T10:58:48","slug":"misja-las","status":"publish","type":"page","link":"https:\/\/przedszkole150.edu.wroclaw.pl\/index.php\/misja-las\/","title":{"rendered":"MISJA LAS"},"content":{"rendered":"<div class=\"wpb-content-wrapper\"><p>[vc_row][vc_column][vc_column_text]<\/p>\n<p align=\"center\"><span style=\"color: #993300;font-family: times new roman, times;font-size: 14pt\"> <b>MISJA LAS<\/b><\/span><\/p>\n<p align=\"justify\"><span style=\"font-family: times new roman, times;font-size: 14pt\"><span style=\"color: #000000\">\ud83d\udce2 Ruszyli\u015bmy z przygod\u0105 w drugiej edycji projektu <\/span><span style=\"color: #000000\"><b>\u201eEdukacja w ruchu\u201d<\/b><\/span><span style=\"color: #000000\">!<br \/>\nDzieci z naszej grupy V, VI, VII, VIII, IX rozpocz\u0119\u0142y pierwsze wyzwanie, w kt\u00f3rym nauka \u0142\u0105czy si\u0119 z ruchem i \u015bwietn\u0105 zabaw\u0105 \ud83e\udd38\u200d\u2642\ufe0f\ud83d\udcda. \u0106wiczenia anga\u017cowa\u0142y ca\u0142e cia\u0142o, a quiz sprawi\u0142, \u017ce zdobywanie wiedzy sta\u0142o si\u0119 jeszcze ciekawsze i pe\u0142ne emocji \ud83d\udca1.<\/span><\/span><\/p>\n<p align=\"justify\"><span style=\"font-family: times new roman, times;font-size: 14pt\"><span style=\"color: #000000\">Poznali\u015bmy te\u017c naszego przewodnika \u2013 <\/span><span style=\"color: #000000\"><b>Borsuka \ud83e\udda1<\/b><\/span><span style=\"color: #000000\"> \u2013 i odkryli\u015bmy jego le\u015bne zwyczaje, kt\u00f3re bardzo zaciekawi\u0142y dzieci.<\/span><\/span><\/p>\n<p>[\/vc_column_text][vc_gallery type=&#8221;image_grid&#8221; images=&#8221;7734,7735,7736,7737,7740,7741,7742,7743,7744,7745,7834&#8243; css=&#8221;&#8221;][\/vc_column][\/vc_row]<\/p>\n<\/div>","protected":false},"excerpt":{"rendered":"<p>[vc_row][vc_column][vc_column_text] MISJA LAS \ud83d\udce2 Ruszyli\u015bmy z przygod\u0105 w drugiej edycji projektu \u201eEdukacja w ruchu\u201d! Dzieci z naszej grupy V, VI, VII, VIII, IX rozpocz\u0119\u0142y pierwsze wyzwanie, w kt\u00f3rym nauka \u0142\u0105czy [&hellip;]<\/p>\n","protected":false},"author":211,"featured_media":0,"parent":0,"menu_order":0,"comment_status":"closed","ping_status":"closed","template":"","meta":{"ngg_post_thumbnail":0,"footnotes":""},"class_list":["post-7732","page","type-page","status-publish","hentry","clearfix"],"_links":{"self":[{"href":"https:\/\/przedszkole150.edu.wroclaw.pl\/index.php\/wp-json\/wp\/v2\/pages\/7732","targetHints":{"allow":["GET"]}}],"collection":[{"href":"https:\/\/przedszkole150.edu.wroclaw.pl\/index.php\/wp-json\/wp\/v2\/pages"}],"about":[{"href":"https:\/\/przedszkole150.edu.wroclaw.pl\/index.php\/wp-json\/wp\/v2\/types\/page"}],"author":[{"embeddable":true,"href":"https:\/\/przedszkole150.edu.wroclaw.pl\/index.php\/wp-json\/wp\/v2\/users\/211"}],"replies":[{"embeddable":true,"href":"https:\/\/przedszkole150.edu.wroclaw.pl\/index.php\/wp-json\/wp\/v2\/comments?post=7732"}],"version-history":[{"count":3,"href":"https:\/\/przedszkole150.edu.wroclaw.pl\/index.php\/wp-json\/wp\/v2\/pages\/7732\/revisions"}],"predecessor-version":[{"id":7886,"href":"https:\/\/przedszkole150.edu.wroclaw.pl\/index.php\/wp-json\/wp\/v2\/pages\/7732\/revisions\/7886"}],"wp:attachment":[{"href":"https:\/\/przedszkole150.edu.wroclaw.pl\/index.php\/wp-json\/wp\/v2\/media?parent=7732"}],"curies":[{"name":"wp","href":"https:\/\/api.w.org\/{rel}","templated":true}]}}