
{"id":7763,"date":"2025-10-07T17:54:32","date_gmt":"2025-10-07T15:54:32","guid":{"rendered":"https:\/\/przedszkole150.edu.wroclaw.pl\/?page_id=7763"},"modified":"2025-10-07T17:58:29","modified_gmt":"2025-10-07T15:58:29","slug":"galeria-jesiennych-cudow","status":"publish","type":"page","link":"https:\/\/przedszkole150.edu.wroclaw.pl\/index.php\/galeria-jesiennych-cudow\/","title":{"rendered":"Galeria jesiennych cud\u00f3w"},"content":{"rendered":"<div class=\"wpb-content-wrapper\"><p>[vc_row][vc_column][vc_column_text]<\/p>\n<h3 data-start=\"115\" data-end=\"168\">\ud83c\udf41\ud83c\udfa8<\/h3>\n<p data-start=\"170\" data-end=\"503\">Korytarze naszego przedszkola roz\u015bwietli\u0142y si\u0119 feeri\u0105 barw! Dzieci z wszystkich grup z rado\u015bci\u0105 tworzy\u0142y jesienne prace plastyczne, inspirowane kolorami i urokami tej pi\u0119knej pory roku. Na tablicach mo\u017cna podziwia\u0107 malowane farbami li\u015bcie, wyklejane kolorowym papierem i bibu\u0142\u0105 drzewa, a tak\u017ce weso\u0142e je\u017cyki, grzybki i jesienne bukiety.<\/p>\n<p data-start=\"505\" data-end=\"758\">Ka\u017cda praca jest wyj\u0105tkowa \u2013 pe\u0142na dzieci\u0119cej wyobra\u017ani, rado\u015bci i spontaniczno\u015bci. Dzi\u0119ki nim nasze przedszkole zamieni\u0142o si\u0119 w prawdziw\u0105 <span style=\"color: #993300\"><strong data-start=\"644\" data-end=\"672\">galeri\u0119 jesiennych cud\u00f3w<\/strong>,<\/span> w kt\u00f3rej mo\u017cna poczu\u0107 zapach lasu, szelest li\u015bci i ciep\u0142o z\u0142otych promieni s\u0142o\u0144ca.<\/p>\n<p data-start=\"760\" data-end=\"911\">Serdecznie zapraszamy wszystkich rodzic\u00f3w i go\u015bci do obejrzenia prac \u2013 niech ta jesienna atmosfera wprowadzi nas w kolorowy, radosny nastr\u00f3j! \ud83c\udf30\ud83c\udf42<\/p>\n<p>[\/vc_column_text][vc_gallery type=&#8221;image_grid&#8221; images=&#8221;7765,7767,7768,7769,7770,7771,7772,7773,7774,7775,7776,7777,7778,7779,7780,7781,7782,7783,7784,7785,7786,7787,7788,7789,7790,7791,7792,7793,7794&#8243; css=&#8221;&#8221;][\/vc_column][\/vc_row]<\/p>\n<\/div>","protected":false},"excerpt":{"rendered":"<p>[vc_row][vc_column][vc_column_text] \ud83c\udf41\ud83c\udfa8 Korytarze naszego przedszkola roz\u015bwietli\u0142y si\u0119 feeri\u0105 barw! Dzieci z wszystkich grup z rado\u015bci\u0105 tworzy\u0142y jesienne prace plastyczne, inspirowane kolorami i urokami tej pi\u0119knej pory roku. Na tablicach mo\u017cna [&hellip;]<\/p>\n","protected":false},"author":200,"featured_media":0,"parent":0,"menu_order":0,"comment_status":"closed","ping_status":"closed","template":"","meta":{"ngg_post_thumbnail":0,"footnotes":""},"class_list":["post-7763","page","type-page","status-publish","hentry","clearfix"],"_links":{"self":[{"href":"https:\/\/przedszkole150.edu.wroclaw.pl\/index.php\/wp-json\/wp\/v2\/pages\/7763","targetHints":{"allow":["GET"]}}],"collection":[{"href":"https:\/\/przedszkole150.edu.wroclaw.pl\/index.php\/wp-json\/wp\/v2\/pages"}],"about":[{"href":"https:\/\/przedszkole150.edu.wroclaw.pl\/index.php\/wp-json\/wp\/v2\/types\/page"}],"author":[{"embeddable":true,"href":"https:\/\/przedszkole150.edu.wroclaw.pl\/index.php\/wp-json\/wp\/v2\/users\/200"}],"replies":[{"embeddable":true,"href":"https:\/\/przedszkole150.edu.wroclaw.pl\/index.php\/wp-json\/wp\/v2\/comments?post=7763"}],"version-history":[{"count":3,"href":"https:\/\/przedszkole150.edu.wroclaw.pl\/index.php\/wp-json\/wp\/v2\/pages\/7763\/revisions"}],"predecessor-version":[{"id":7795,"href":"https:\/\/przedszkole150.edu.wroclaw.pl\/index.php\/wp-json\/wp\/v2\/pages\/7763\/revisions\/7795"}],"wp:attachment":[{"href":"https:\/\/przedszkole150.edu.wroclaw.pl\/index.php\/wp-json\/wp\/v2\/media?parent=7763"}],"curies":[{"name":"wp","href":"https:\/\/api.w.org\/{rel}","templated":true}]}}