
{"id":7806,"date":"2025-10-16T10:08:51","date_gmt":"2025-10-16T08:08:51","guid":{"rendered":"https:\/\/przedszkole150.edu.wroclaw.pl\/?page_id=7806"},"modified":"2025-10-20T12:39:51","modified_gmt":"2025-10-20T10:39:51","slug":"przyjecie-z-okazji-dnia-borsuka","status":"publish","type":"page","link":"https:\/\/przedszkole150.edu.wroclaw.pl\/index.php\/przyjecie-z-okazji-dnia-borsuka\/","title":{"rendered":"PRZYJ\u0118CIE Z OKAZJI DNIA BORSUKA"},"content":{"rendered":"<div class=\"wpb-content-wrapper\"><p>[vc_row][vc_column][vc_column_text]<\/p>\n<p align=\"justify\"><span style=\"font-family: times new roman, times;font-size: 14pt\"><span style=\"color: #000000\">Kolejne wyzwanie w ramach projektu <\/span><span style=\"color: #000000\"><b>\u201eEdukacja w ruchu\u201d<\/b><\/span><span style=\"color: #000000\"> za nami \u2013 i to jakie wyj\u0105tkowe! \ud83d\ude1c Dzieci znowu przenios\u0142y si\u0119 do le\u015bnego \u015bwiata i zorganizowa\u0142y przyj\u0119cie z okazji <\/span><span style=\"color: #000000\"><b>Dnia Borsuka<\/b><\/span><span style=\"color: #000000\"> \u2013 naszego niezawodnego przewodnika po lesie i jego tajemnicach.<\/span><\/span><\/p>\n<p align=\"justify\"><span style=\"color: #000000;font-family: times new roman, times;font-size: 14pt\">By\u0142y zaproszenia dla le\u015bnych przyjaci\u00f3\u0142, wsp\u00f3lne zabawy i mn\u00f3stwo rado\u015bci. Dzieci mog\u0142y poczu\u0107 si\u0119 cz\u0119\u015bci\u0105 niezwyk\u0142ej spo\u0142eczno\u015bci zwierz\u0105t, a przy okazji odkry\u0107, \u017ce ruch, zabawa i nauka mog\u0105 i\u015b\u0107 w parze. \ud83c\udf32\u2728<\/span><\/p>\n<p>[\/vc_column_text][vc_gallery type=&#8221;image_grid&#8221; images=&#8221;7816,7826,7823,7814,7813,7810,7808,7807,7835,7836,7837&#8243; css=&#8221;&#8221;][\/vc_column][\/vc_row]<\/p>\n<\/div>","protected":false},"excerpt":{"rendered":"<p>[vc_row][vc_column][vc_column_text] Kolejne wyzwanie w ramach projektu \u201eEdukacja w ruchu\u201d za nami \u2013 i to jakie wyj\u0105tkowe! \ud83d\ude1c Dzieci znowu przenios\u0142y si\u0119 do le\u015bnego \u015bwiata i zorganizowa\u0142y przyj\u0119cie z okazji Dnia [&hellip;]<\/p>\n","protected":false},"author":211,"featured_media":0,"parent":0,"menu_order":0,"comment_status":"closed","ping_status":"closed","template":"","meta":{"ngg_post_thumbnail":0,"footnotes":""},"class_list":["post-7806","page","type-page","status-publish","hentry","clearfix"],"_links":{"self":[{"href":"https:\/\/przedszkole150.edu.wroclaw.pl\/index.php\/wp-json\/wp\/v2\/pages\/7806","targetHints":{"allow":["GET"]}}],"collection":[{"href":"https:\/\/przedszkole150.edu.wroclaw.pl\/index.php\/wp-json\/wp\/v2\/pages"}],"about":[{"href":"https:\/\/przedszkole150.edu.wroclaw.pl\/index.php\/wp-json\/wp\/v2\/types\/page"}],"author":[{"embeddable":true,"href":"https:\/\/przedszkole150.edu.wroclaw.pl\/index.php\/wp-json\/wp\/v2\/users\/211"}],"replies":[{"embeddable":true,"href":"https:\/\/przedszkole150.edu.wroclaw.pl\/index.php\/wp-json\/wp\/v2\/comments?post=7806"}],"version-history":[{"count":7,"href":"https:\/\/przedszkole150.edu.wroclaw.pl\/index.php\/wp-json\/wp\/v2\/pages\/7806\/revisions"}],"predecessor-version":[{"id":7839,"href":"https:\/\/przedszkole150.edu.wroclaw.pl\/index.php\/wp-json\/wp\/v2\/pages\/7806\/revisions\/7839"}],"wp:attachment":[{"href":"https:\/\/przedszkole150.edu.wroclaw.pl\/index.php\/wp-json\/wp\/v2\/media?parent=7806"}],"curies":[{"name":"wp","href":"https:\/\/api.w.org\/{rel}","templated":true}]}}