
{"id":7853,"date":"2025-10-27T07:28:57","date_gmt":"2025-10-27T06:28:57","guid":{"rendered":"https:\/\/przedszkole150.edu.wroclaw.pl\/?page_id=7853"},"modified":"2025-10-27T07:28:57","modified_gmt":"2025-10-27T06:28:57","slug":"zabawa-z-pileczkami-wesole-masazyki","status":"publish","type":"page","link":"https:\/\/przedszkole150.edu.wroclaw.pl\/index.php\/zabawa-z-pileczkami-wesole-masazyki\/","title":{"rendered":"Zabawa z pi\u0142eczkami \u2013 \u201eWeso\u0142e masa\u017cyki\u201d"},"content":{"rendered":"<div class=\"wpb-content-wrapper\"><p>[vc_row][vc_column][vc_column_text]<span style=\"font-family: times new roman, times\" data-olk-copy-source=\"MessageBody\">Dzieci z gr. II uczestniczy\u0142y w zabawie z wykorzystaniem ma\u0142ych pi\u0142eczek. Ka\u017cde dziecko mia\u0142o okazj\u0119 masowa\u0107 nimi swoje d\u0142onie i stopy, delikatnie tocz\u0105c pi\u0142eczki po sk\u00f3rze. Zaj\u0119cia te dostarczy\u0142y dzieciom wielu mi\u0142ych dozna\u0144 dotykowych \u2013 pi\u0142eczki przyjemnie pobudza\u0142y receptory czuciowe, rozlu\u017ania\u0142y mi\u0119\u015bnie i wprowadza\u0142y w pogodny nastr\u00f3j.<\/span><\/p>\n<p><span style=\"font-family: times new roman, times\">W drugiej cz\u0119\u015bci zabawy dzieci pr\u00f3bowa\u0142y stopami wrzuca\u0107 lekkie, plastikowe pi\u0142eczki do miseczki. Zadanie to wywo\u0142a\u0142o wiele \u015bmiechu i rado\u015bci, a jednocze\u015bnie anga\u017cowa\u0142o r\u00f3\u017cne partie cia\u0142a \u2013 przede wszystkim mi\u0119\u015bnie st\u00f3p, \u0142ydek oraz brzucha. \u0106wiczy\u0142o r\u00f3wnie\u017c koordynacj\u0119 wzrokowo\u2013ruchow\u0105, r\u00f3wnowag\u0119 i koncentracj\u0119.<\/span>[\/vc_column_text][vc_gallery type=&#8221;image_grid&#8221; images=&#8221;7854,7855,7856&#8243; css=&#8221;&#8221;][\/vc_column][\/vc_row]<\/p>\n<\/div>","protected":false},"excerpt":{"rendered":"<p>[vc_row][vc_column][vc_column_text]Dzieci z gr. II uczestniczy\u0142y w zabawie z wykorzystaniem ma\u0142ych pi\u0142eczek. Ka\u017cde dziecko mia\u0142o okazj\u0119 masowa\u0107 nimi swoje d\u0142onie i stopy, delikatnie tocz\u0105c pi\u0142eczki po sk\u00f3rze. Zaj\u0119cia te dostarczy\u0142y dzieciom [&hellip;]<\/p>\n","protected":false},"author":200,"featured_media":0,"parent":0,"menu_order":0,"comment_status":"closed","ping_status":"closed","template":"","meta":{"ngg_post_thumbnail":0,"footnotes":""},"class_list":["post-7853","page","type-page","status-publish","hentry","clearfix"],"_links":{"self":[{"href":"https:\/\/przedszkole150.edu.wroclaw.pl\/index.php\/wp-json\/wp\/v2\/pages\/7853","targetHints":{"allow":["GET"]}}],"collection":[{"href":"https:\/\/przedszkole150.edu.wroclaw.pl\/index.php\/wp-json\/wp\/v2\/pages"}],"about":[{"href":"https:\/\/przedszkole150.edu.wroclaw.pl\/index.php\/wp-json\/wp\/v2\/types\/page"}],"author":[{"embeddable":true,"href":"https:\/\/przedszkole150.edu.wroclaw.pl\/index.php\/wp-json\/wp\/v2\/users\/200"}],"replies":[{"embeddable":true,"href":"https:\/\/przedszkole150.edu.wroclaw.pl\/index.php\/wp-json\/wp\/v2\/comments?post=7853"}],"version-history":[{"count":1,"href":"https:\/\/przedszkole150.edu.wroclaw.pl\/index.php\/wp-json\/wp\/v2\/pages\/7853\/revisions"}],"predecessor-version":[{"id":7857,"href":"https:\/\/przedszkole150.edu.wroclaw.pl\/index.php\/wp-json\/wp\/v2\/pages\/7853\/revisions\/7857"}],"wp:attachment":[{"href":"https:\/\/przedszkole150.edu.wroclaw.pl\/index.php\/wp-json\/wp\/v2\/media?parent=7853"}],"curies":[{"name":"wp","href":"https:\/\/api.w.org\/{rel}","templated":true}]}}