
{"id":7887,"date":"2025-10-29T07:44:08","date_gmt":"2025-10-29T06:44:08","guid":{"rendered":"https:\/\/przedszkole150.edu.wroclaw.pl\/?page_id=7887"},"modified":"2025-10-29T07:44:08","modified_gmt":"2025-10-29T06:44:08","slug":"drzewa-wokol-nas-xvii-edycja-konkursu","status":"publish","type":"page","link":"https:\/\/przedszkole150.edu.wroclaw.pl\/index.php\/drzewa-wokol-nas-xvii-edycja-konkursu\/","title":{"rendered":"&#8222;DRZEWA WOK\u00d3\u0141 NAS&#8221; XVII EDYCJA KONKURSU"},"content":{"rendered":"<div class=\"wpb-content-wrapper\"><p>[vc_row][vc_column][vc_column_text]<span style=\"font-family: times new roman, times;font-size: 14pt\">Filip K. z gr. VII oraz Alina G. z gr. IX wzi\u0119li udzia\u0142 w XVII edycji konkursu plastycznego pn. \u201eDrzewa wok\u00f3\u0142 nas\u201d. Organizator konkursu: Przedszkole Nr 149 \u201eT\u0119czowa Polanka\u201d we Wroc\u0142awiu.<\/span><\/p>\n<p>&nbsp;<\/p>\n<p><span style=\"font-family: times new roman, times;font-size: 14pt\">Cele konkursu:<\/span><\/p>\n<p><span style=\"font-family: times new roman, times;font-size: 14pt\">&#8211; kszta\u0142towanie zachowa\u0144 i rozwijanie pozytywnej \u015bwiadomo\u015bci ekologicznej poprzez tw\u00f3rcze dzia\u0142anie;<\/span><\/p>\n<p><span style=\"font-family: times new roman, times;font-size: 14pt\">&#8211; rozpoznawanie i wyodr\u0119bnianie ekosystem\u00f3w: las, park, sad;<\/span><\/p>\n<p><span style=\"font-family: times new roman, times;font-size: 14pt\">&#8211; rozwijanie wra\u017cliwo\u015bci na pi\u0119kno przyrody, dostrzeganie walor\u00f3w artystycznych drzew.<\/span><\/p>\n<p>&nbsp;<\/p>\n<p><span style=\"font-family: times new roman, times;font-size: 14pt\">Podzi\u0119kowanie otrzyma\u0142o tak\u017ce nasze Przedszkole oraz nauczycielki przygotowuj\u0105ce dzieci do udzia\u0142u w konkursie.<\/span>[\/vc_column_text][vc_gallery type=&#8221;image_grid&#8221; images=&#8221;7889,7892,7893,7890,7891&#8243; css=&#8221;&#8221;][\/vc_column][\/vc_row]<\/p>\n<\/div>","protected":false},"excerpt":{"rendered":"<p>[vc_row][vc_column][vc_column_text]Filip K. z gr. VII oraz Alina G. z gr. IX wzi\u0119li udzia\u0142 w XVII edycji konkursu plastycznego pn. \u201eDrzewa wok\u00f3\u0142 nas\u201d. Organizator konkursu: Przedszkole Nr 149 \u201eT\u0119czowa Polanka\u201d we [&hellip;]<\/p>\n","protected":false},"author":211,"featured_media":0,"parent":0,"menu_order":0,"comment_status":"closed","ping_status":"closed","template":"","meta":{"ngg_post_thumbnail":0,"footnotes":""},"class_list":["post-7887","page","type-page","status-publish","hentry","clearfix"],"_links":{"self":[{"href":"https:\/\/przedszkole150.edu.wroclaw.pl\/index.php\/wp-json\/wp\/v2\/pages\/7887","targetHints":{"allow":["GET"]}}],"collection":[{"href":"https:\/\/przedszkole150.edu.wroclaw.pl\/index.php\/wp-json\/wp\/v2\/pages"}],"about":[{"href":"https:\/\/przedszkole150.edu.wroclaw.pl\/index.php\/wp-json\/wp\/v2\/types\/page"}],"author":[{"embeddable":true,"href":"https:\/\/przedszkole150.edu.wroclaw.pl\/index.php\/wp-json\/wp\/v2\/users\/211"}],"replies":[{"embeddable":true,"href":"https:\/\/przedszkole150.edu.wroclaw.pl\/index.php\/wp-json\/wp\/v2\/comments?post=7887"}],"version-history":[{"count":3,"href":"https:\/\/przedszkole150.edu.wroclaw.pl\/index.php\/wp-json\/wp\/v2\/pages\/7887\/revisions"}],"predecessor-version":[{"id":7895,"href":"https:\/\/przedszkole150.edu.wroclaw.pl\/index.php\/wp-json\/wp\/v2\/pages\/7887\/revisions\/7895"}],"wp:attachment":[{"href":"https:\/\/przedszkole150.edu.wroclaw.pl\/index.php\/wp-json\/wp\/v2\/media?parent=7887"}],"curies":[{"name":"wp","href":"https:\/\/api.w.org\/{rel}","templated":true}]}}