
{"id":7947,"date":"2025-10-30T17:14:35","date_gmt":"2025-10-30T16:14:35","guid":{"rendered":"https:\/\/przedszkole150.edu.wroclaw.pl\/?page_id=7947"},"modified":"2025-10-30T17:14:35","modified_gmt":"2025-10-30T16:14:35","slug":"wycieczka-do-krzeptowa-swieto-pieczonego-ziemniaka-2025-2","status":"publish","type":"page","link":"https:\/\/przedszkole150.edu.wroclaw.pl\/index.php\/wycieczka-do-krzeptowa-swieto-pieczonego-ziemniaka-2025-2\/","title":{"rendered":"Wycieczka do Krzeptowa &#8211; \u015awi\u0119to Pieczonego Ziemniaka 2025"},"content":{"rendered":"<div class=\"wpb-content-wrapper\"><p>[vc_row][vc_column][vc_column_text]<\/p>\n<p style=\"text-align: center\"><span style=\"font-family: times new roman, times;font-size: 14pt;color: #993300\">\u015aWI\u0118TO PIECZONEGO ZIEMNIAKA<\/span><\/p>\n<p style=\"text-align: center\"><span style=\"font-family: times new roman, times;font-size: 14pt\">WYCIECZKA DO ZAGRODY AGROTURYSTYCZNEJ \u201eZIELONA DOLINA\u201d W KRZEPTOWIE<\/span><\/p>\n<p><span style=\"font-family: times new roman, times;font-size: 14pt\">Dnia 24.10.2025r. dzieci z grup: VIII i VI wzi\u0119\u0142y udzia\u0142 w wycieczce do Zagrody Agroturystycznej \u201eZielona Dolina\u201d w Krzeptowie.<\/span><\/p>\n<p><span style=\"font-family: times new roman, times;font-size: 14pt\">Podczas wycieczki na dzieci czeka\u0142o wiele atrakcji:<\/span><\/p>\n<p><span style=\"font-family: times new roman, times;font-size: 14pt\">1. Warsztaty na polu \u2013 zbieranie ziemniak\u00f3w;<\/span><\/p>\n<p><span style=\"font-family: times new roman, times;font-size: 14pt\">2. Konkurs na Kr\u00f3la Kartofla;<\/span><\/p>\n<p><span style=\"font-family: times new roman, times;font-size: 14pt\">3. Ognisko i degustacja pieczonych ziemniak\u00f3w;<\/span><\/p>\n<p><span style=\"font-family: times new roman, times;font-size: 14pt\">4. Warsztaty manualne: \u201eJe\u017ce z ziemniak\u00f3w\u201d;<\/span><\/p>\n<p><span style=\"font-family: times new roman, times;font-size: 14pt\">5. Zabawy na \u015bwie\u017cym powietrzu.<\/span><\/p>\n<p><span style=\"font-family: times new roman, times;font-size: 14pt\">Dzieci pe\u0142ne wra\u017ce\u0144 i mi\u0142ych wspomnie\u0144 wr\u00f3ci\u0142y do przedszkola.<\/span>[\/vc_column_text][vc_gallery type=&#8221;image_grid&#8221; images=&#8221;7948,7949,7950&#8243; css=&#8221;&#8221;][\/vc_column][\/vc_row]<\/p>\n<\/div>","protected":false},"excerpt":{"rendered":"<p>[vc_row][vc_column][vc_column_text] \u015aWI\u0118TO PIECZONEGO ZIEMNIAKA WYCIECZKA DO ZAGRODY AGROTURYSTYCZNEJ \u201eZIELONA DOLINA\u201d W KRZEPTOWIE Dnia 24.10.2025r. dzieci z grup: VIII i VI wzi\u0119\u0142y udzia\u0142 w wycieczce do Zagrody Agroturystycznej \u201eZielona Dolina\u201d w [&hellip;]<\/p>\n","protected":false},"author":200,"featured_media":0,"parent":0,"menu_order":0,"comment_status":"closed","ping_status":"closed","template":"","meta":{"ngg_post_thumbnail":0,"footnotes":""},"class_list":["post-7947","page","type-page","status-publish","hentry","clearfix"],"_links":{"self":[{"href":"https:\/\/przedszkole150.edu.wroclaw.pl\/index.php\/wp-json\/wp\/v2\/pages\/7947","targetHints":{"allow":["GET"]}}],"collection":[{"href":"https:\/\/przedszkole150.edu.wroclaw.pl\/index.php\/wp-json\/wp\/v2\/pages"}],"about":[{"href":"https:\/\/przedszkole150.edu.wroclaw.pl\/index.php\/wp-json\/wp\/v2\/types\/page"}],"author":[{"embeddable":true,"href":"https:\/\/przedszkole150.edu.wroclaw.pl\/index.php\/wp-json\/wp\/v2\/users\/200"}],"replies":[{"embeddable":true,"href":"https:\/\/przedszkole150.edu.wroclaw.pl\/index.php\/wp-json\/wp\/v2\/comments?post=7947"}],"version-history":[{"count":1,"href":"https:\/\/przedszkole150.edu.wroclaw.pl\/index.php\/wp-json\/wp\/v2\/pages\/7947\/revisions"}],"predecessor-version":[{"id":7951,"href":"https:\/\/przedszkole150.edu.wroclaw.pl\/index.php\/wp-json\/wp\/v2\/pages\/7947\/revisions\/7951"}],"wp:attachment":[{"href":"https:\/\/przedszkole150.edu.wroclaw.pl\/index.php\/wp-json\/wp\/v2\/media?parent=7947"}],"curies":[{"name":"wp","href":"https:\/\/api.w.org\/{rel}","templated":true}]}}