
{"id":7957,"date":"2025-10-31T07:18:44","date_gmt":"2025-10-31T06:18:44","guid":{"rendered":"https:\/\/przedszkole150.edu.wroclaw.pl\/?page_id=7957"},"modified":"2025-10-31T07:18:44","modified_gmt":"2025-10-31T06:18:44","slug":"swieto-pieczonego-ziemniaka-w-krzeptowie","status":"publish","type":"page","link":"https:\/\/przedszkole150.edu.wroclaw.pl\/index.php\/swieto-pieczonego-ziemniaka-w-krzeptowie\/","title":{"rendered":"\u015aWI\u0118TO PIECZONEGO ZIEMNIAKA W KRZEPTOWIE"},"content":{"rendered":"<div class=\"wpb-content-wrapper\"><p>[vc_row][vc_column][vc_column_text]<span style=\"font-family: times new roman, times;font-size: 14pt\">\u015aWI\u0118TO PIECZONEGO ZIEMNIAKA W KRZEPTOWIE<\/span><\/p>\n<p><span style=\"font-family: times new roman, times;font-size: 14pt\">Dnia 29.10.2025 r. przedszkolaki z grupy VII oraz IX uda\u0142y si\u0119\u00a0 do Krzeptowa aby wzi\u0105\u0107 udzia\u0142 w wycieczce pn. \u201e\u015awi\u0119to Pieczonego Ziemniaka\u201d. Na dzieci czeka\u0142o mn\u00f3stwo atrakcji:<\/span><\/p>\n<ul>\n<li><span style=\"font-family: times new roman, times;font-size: 14pt\">,,wykopki\u201d (zbieranie ziemniak\u00f3w) na polu z ziemniakami,<\/span><\/li>\n<li><span style=\"font-family: times new roman, times;font-size: 14pt\">poznanie historii ziemniaka oraz praktycznych porad dotycz\u0105cych ziemniak\u00f3w,<\/span><\/li>\n<li><span style=\"font-family: times new roman, times;font-size: 14pt\">konkurs na \u201eKr\u00f3la Kartofla\u201d,<\/span><\/li>\n<li><span style=\"font-family: times new roman, times;font-size: 14pt\">ognisko z pieczonymi ziemniakami,<\/span><\/li>\n<li><span style=\"font-family: times new roman, times;font-size: 14pt\">warsztaty manualne: je\u017ce ziemniaczane,<\/span><\/li>\n<li><span style=\"font-family: times new roman, times;font-size: 14pt\">zdj\u0119cie z Wielkim Panem Kartoflem.<\/span><\/li>\n<\/ul>\n<p><span style=\"font-family: times new roman, times;font-size: 14pt\">Dzieci pe\u0142ne wra\u017ce\u0144 wr\u00f3ci\u0142y do przedszkola.<\/span>[\/vc_column_text][vc_gallery type=&#8221;image_grid&#8221; images=&#8221;7958,7959,7960,7961,7962,7963,7964,7965,7966,7967,7968,7969&#8243; css=&#8221;&#8221;][\/vc_column][\/vc_row]<\/p>\n<\/div>","protected":false},"excerpt":{"rendered":"<p>[vc_row][vc_column][vc_column_text]\u015aWI\u0118TO PIECZONEGO ZIEMNIAKA W KRZEPTOWIE Dnia 29.10.2025 r. przedszkolaki z grupy VII oraz IX uda\u0142y si\u0119\u00a0 do Krzeptowa aby wzi\u0105\u0107 udzia\u0142 w wycieczce pn. \u201e\u015awi\u0119to Pieczonego Ziemniaka\u201d. Na dzieci czeka\u0142o [&hellip;]<\/p>\n","protected":false},"author":211,"featured_media":0,"parent":0,"menu_order":0,"comment_status":"closed","ping_status":"closed","template":"","meta":{"ngg_post_thumbnail":0,"footnotes":""},"class_list":["post-7957","page","type-page","status-publish","hentry","clearfix"],"_links":{"self":[{"href":"https:\/\/przedszkole150.edu.wroclaw.pl\/index.php\/wp-json\/wp\/v2\/pages\/7957","targetHints":{"allow":["GET"]}}],"collection":[{"href":"https:\/\/przedszkole150.edu.wroclaw.pl\/index.php\/wp-json\/wp\/v2\/pages"}],"about":[{"href":"https:\/\/przedszkole150.edu.wroclaw.pl\/index.php\/wp-json\/wp\/v2\/types\/page"}],"author":[{"embeddable":true,"href":"https:\/\/przedszkole150.edu.wroclaw.pl\/index.php\/wp-json\/wp\/v2\/users\/211"}],"replies":[{"embeddable":true,"href":"https:\/\/przedszkole150.edu.wroclaw.pl\/index.php\/wp-json\/wp\/v2\/comments?post=7957"}],"version-history":[{"count":1,"href":"https:\/\/przedszkole150.edu.wroclaw.pl\/index.php\/wp-json\/wp\/v2\/pages\/7957\/revisions"}],"predecessor-version":[{"id":7970,"href":"https:\/\/przedszkole150.edu.wroclaw.pl\/index.php\/wp-json\/wp\/v2\/pages\/7957\/revisions\/7970"}],"wp:attachment":[{"href":"https:\/\/przedszkole150.edu.wroclaw.pl\/index.php\/wp-json\/wp\/v2\/media?parent=7957"}],"curies":[{"name":"wp","href":"https:\/\/api.w.org\/{rel}","templated":true}]}}