
{"id":7980,"date":"2025-11-02T15:17:53","date_gmt":"2025-11-02T14:17:53","guid":{"rendered":"https:\/\/przedszkole150.edu.wroclaw.pl\/?page_id=7980"},"modified":"2025-11-02T15:17:53","modified_gmt":"2025-11-02T14:17:53","slug":"bohateron-2025","status":"publish","type":"page","link":"https:\/\/przedszkole150.edu.wroclaw.pl\/index.php\/bohateron-2025\/","title":{"rendered":"BohaterOn 2025"},"content":{"rendered":"<div class=\"wpb-content-wrapper\"><p>[vc_row][vc_column][vc_column_text]<\/p>\n<div data-olk-copy-source=\"MessageBody\"><span style=\"font-family: times new roman, times;font-size: 14pt\">Grupa V i VI wzi\u0119\u0142y udzia\u0142 w og\u00f3lnopolskiej akcji <b>BohaterON<\/b>,\u00a0kt\u00f3rej celem jest upami\u0119tnienie uczestnik\u00f3w Powstania Warszawskiego oraz popularyzacja historii Polski.<\/span><\/div>\n<div><span style=\"font-family: times new roman, times;font-size: 14pt\">Podczas zaj\u0119\u0107 dzieci pozna\u0142y bohater\u00f3w tamtych wydarze\u0144, rozmawia\u0142y o odwadze i mi\u0142o\u015bci do ojczyzny, a tak\u017ce przygotowa\u0142y pi\u0119kne kartki i prace plastyczne z podzi\u0119kowaniami dla Powsta\u0144c\u00f3w.<\/span><\/div>\n<div><span style=\"font-family: times new roman, times;font-size: 14pt\">Udzia\u0142 w akcji by\u0142 dla dzieci cenn\u0105 lekcj\u0105 historii, patriotyzmu i wdzi\u0119czno\u015bci wobec tych, kt\u00f3rzy walczyli o woln\u0105 Polsk\u0119.<\/span><\/div>\n<p>[\/vc_column_text][vc_gallery type=&#8221;image_grid&#8221; images=&#8221;7981,7982,7983&#8243; css=&#8221;&#8221;][\/vc_column][\/vc_row]<\/p>\n<\/div>","protected":false},"excerpt":{"rendered":"<p>[vc_row][vc_column][vc_column_text] Grupa V i VI wzi\u0119\u0142y udzia\u0142 w og\u00f3lnopolskiej akcji BohaterON,\u00a0kt\u00f3rej celem jest upami\u0119tnienie uczestnik\u00f3w Powstania Warszawskiego oraz popularyzacja historii Polski. Podczas zaj\u0119\u0107 dzieci pozna\u0142y bohater\u00f3w tamtych wydarze\u0144, rozmawia\u0142y o [&hellip;]<\/p>\n","protected":false},"author":200,"featured_media":0,"parent":0,"menu_order":0,"comment_status":"closed","ping_status":"closed","template":"","meta":{"ngg_post_thumbnail":0,"footnotes":""},"class_list":["post-7980","page","type-page","status-publish","hentry","clearfix"],"_links":{"self":[{"href":"https:\/\/przedszkole150.edu.wroclaw.pl\/index.php\/wp-json\/wp\/v2\/pages\/7980","targetHints":{"allow":["GET"]}}],"collection":[{"href":"https:\/\/przedszkole150.edu.wroclaw.pl\/index.php\/wp-json\/wp\/v2\/pages"}],"about":[{"href":"https:\/\/przedszkole150.edu.wroclaw.pl\/index.php\/wp-json\/wp\/v2\/types\/page"}],"author":[{"embeddable":true,"href":"https:\/\/przedszkole150.edu.wroclaw.pl\/index.php\/wp-json\/wp\/v2\/users\/200"}],"replies":[{"embeddable":true,"href":"https:\/\/przedszkole150.edu.wroclaw.pl\/index.php\/wp-json\/wp\/v2\/comments?post=7980"}],"version-history":[{"count":1,"href":"https:\/\/przedszkole150.edu.wroclaw.pl\/index.php\/wp-json\/wp\/v2\/pages\/7980\/revisions"}],"predecessor-version":[{"id":7984,"href":"https:\/\/przedszkole150.edu.wroclaw.pl\/index.php\/wp-json\/wp\/v2\/pages\/7980\/revisions\/7984"}],"wp:attachment":[{"href":"https:\/\/przedszkole150.edu.wroclaw.pl\/index.php\/wp-json\/wp\/v2\/media?parent=7980"}],"curies":[{"name":"wp","href":"https:\/\/api.w.org\/{rel}","templated":true}]}}