
{"id":8015,"date":"2025-11-06T10:41:07","date_gmt":"2025-11-06T09:41:07","guid":{"rendered":"https:\/\/przedszkole150.edu.wroclaw.pl\/?page_id=8015"},"modified":"2025-11-06T10:57:39","modified_gmt":"2025-11-06T09:57:39","slug":"pani-jesien-ogolnopolski-konkurs-plastycny","status":"publish","type":"page","link":"https:\/\/przedszkole150.edu.wroclaw.pl\/index.php\/pani-jesien-ogolnopolski-konkurs-plastycny\/","title":{"rendered":"&#8222;Pani Jesie\u0144&#8221; &#8211; og\u00f3lnopolski konkurs plastycny"},"content":{"rendered":"<div class=\"wpb-content-wrapper\"><p>[vc_row][vc_column][vc_column_text css=&#8221;&#8221;]\u201e<span style=\"font-family: Times New Roman, serif\"><span style=\"font-size: large\">Pani Jesie\u0144\u201d &#8211; og\u00f3lnopolski konkurs plastyczny <\/span><\/span><\/p>\n<p><span style=\"font-family: Times New Roman, serif\"><span style=\"font-size: large\">Iga T. z gr. VII oraz Apolonia W. z gr. IX wzi\u0119\u0142y udzia\u0142 w og\u00f3lnopolskim konkursie plastycznym pn. \u201ePani Jesie\u0144\u201d. Organizator konkursu: Przedszkole Publiczne\u00a0 \u00a0 \u00a0 \u00a0Nr 16 im. Czes\u0142awa Janczarskiego w \u017borach.<\/span><\/span><\/p>\n<p><span style=\"font-family: Times New Roman, serif\"><span style=\"font-size: large\">Cele konkursu:<br \/>\n\u25cf rozwijanie inwencji tw\u00f3rczej poprzez poszukiwanie r\u00f3\u017cnorodnych rozwi\u0105za\u0144 plastycznych;<br \/>\n\u25cf kszta\u0142towanie poczucia estetyki;<br \/>\n\u25cf pobudzenie wyobra\u017ani i kreatywno\u015bci przedszkolak\u00f3w;<br \/>\n\u25cf wzmacnianie wiary we w\u0142asne mo\u017cliwo\u015bci.<\/span><\/span><\/p>\n<p><span style=\"font-family: Times New Roman, serif\"><span style=\"font-size: large\">Konkurs by\u0142 adresowany do przedszkolak\u00f3w 5-6 letnich z ca\u0142ej Polski.<\/span><\/span><\/p>\n<p><span style=\"font-family: Times New Roman, serif\"><span style=\"font-size: large\">Podzi\u0119kowanie otrzyma\u0142o tak\u017ce nasze Przedszkole oraz nauczycielki przygotowuj\u0105ce dzieci do udzia\u0142u w konkursie.<\/span><\/span>[\/vc_column_text][vc_gallery type=&#8221;image_grid&#8221; images=&#8221;8016,8017,8018,8020,8021&#8243; css=&#8221;&#8221;][\/vc_column][\/vc_row]<\/p>\n<\/div>","protected":false},"excerpt":{"rendered":"<p>[vc_row][vc_column][vc_column_text css=&#8221;&#8221;]\u201ePani Jesie\u0144\u201d &#8211; og\u00f3lnopolski konkurs plastyczny Iga T. z gr. VII oraz Apolonia W. z gr. IX wzi\u0119\u0142y udzia\u0142 w og\u00f3lnopolskim konkursie plastycznym pn. \u201ePani Jesie\u0144\u201d. Organizator konkursu: Przedszkole [&hellip;]<\/p>\n","protected":false},"author":211,"featured_media":0,"parent":0,"menu_order":0,"comment_status":"closed","ping_status":"closed","template":"","meta":{"ngg_post_thumbnail":0,"footnotes":""},"class_list":["post-8015","page","type-page","status-publish","hentry","clearfix"],"_links":{"self":[{"href":"https:\/\/przedszkole150.edu.wroclaw.pl\/index.php\/wp-json\/wp\/v2\/pages\/8015","targetHints":{"allow":["GET"]}}],"collection":[{"href":"https:\/\/przedszkole150.edu.wroclaw.pl\/index.php\/wp-json\/wp\/v2\/pages"}],"about":[{"href":"https:\/\/przedszkole150.edu.wroclaw.pl\/index.php\/wp-json\/wp\/v2\/types\/page"}],"author":[{"embeddable":true,"href":"https:\/\/przedszkole150.edu.wroclaw.pl\/index.php\/wp-json\/wp\/v2\/users\/211"}],"replies":[{"embeddable":true,"href":"https:\/\/przedszkole150.edu.wroclaw.pl\/index.php\/wp-json\/wp\/v2\/comments?post=8015"}],"version-history":[{"count":4,"href":"https:\/\/przedszkole150.edu.wroclaw.pl\/index.php\/wp-json\/wp\/v2\/pages\/8015\/revisions"}],"predecessor-version":[{"id":8026,"href":"https:\/\/przedszkole150.edu.wroclaw.pl\/index.php\/wp-json\/wp\/v2\/pages\/8015\/revisions\/8026"}],"wp:attachment":[{"href":"https:\/\/przedszkole150.edu.wroclaw.pl\/index.php\/wp-json\/wp\/v2\/media?parent=8015"}],"curies":[{"name":"wp","href":"https:\/\/api.w.org\/{rel}","templated":true}]}}