
{"id":8027,"date":"2025-11-06T12:57:26","date_gmt":"2025-11-06T11:57:26","guid":{"rendered":"https:\/\/przedszkole150.edu.wroclaw.pl\/?page_id=8027"},"modified":"2025-11-06T12:57:26","modified_gmt":"2025-11-06T11:57:26","slug":"dzien-dyni-w-gr-viii","status":"publish","type":"page","link":"https:\/\/przedszkole150.edu.wroclaw.pl\/index.php\/dzien-dyni-w-gr-viii\/","title":{"rendered":"Dzie\u0144 Dyni w gr.VIII"},"content":{"rendered":"<div class=\"wpb-content-wrapper\"><p>[vc_row][vc_column][vc_column_text]<span style=\"font-family: times new roman, times;font-size: 14pt\">31 pa\u017adziernika obchodzili\u015bmy <strong><span style=\"color: #ff6600\">Dzie\u0144 Dyni.<\/span><\/strong> Dzieci przysz\u0142y ubrane \u201ena pomara\u0144czowo\u201d. Przynios\u0142y dynie, kt\u00f3re stanowi\u0142y inspiracje do r\u00f3\u017cnego rodzaju dzia\u0142a\u0144.<\/span><\/p>\n<p><span style=\"font-family: times new roman, times;font-size: 14pt\">Na przedszkolaki czeka\u0142o du\u017co atrakcji:<\/span><\/p>\n<p><span style=\"font-family: times new roman, times;font-size: 14pt\">&#8211; zabawy ruchowe: slalom dyniowy, &#8222;dynia parzy&#8221;, <\/span><\/p>\n<p><span style=\"font-family: times new roman, times;font-size: 14pt\">&#8211; gry i konkursy: dyniowe kr\u0119gle, wy\u015bcigi, memory, <\/span><\/p>\n<p><span style=\"font-family: times new roman, times;font-size: 14pt\">&#8211; dyniowy teatrzyk, <\/span><\/p>\n<p><span style=\"font-family: times new roman, times;font-size: 14pt\">&#8211; zabawy matematyczne, zagadki s\u0142owno \u2013 obrazkowe, <\/span><\/p>\n<p><span style=\"font-family: times new roman, times;font-size: 14pt\">&#8211; edukacyjne aktywno\u015bci, takie jak ogl\u0105danie okaz\u00f3w dy\u0144, s\u0142uchanie ciekawostek o dyni, <\/span><\/p>\n<p><span style=\"font-family: times new roman, times;font-size: 14pt\">&#8211; warsztaty plastyczne: \u201eDyniowe stworki\u201d.<\/span><\/p>\n<p><span style=\"font-family: times new roman, times;font-size: 14pt\">Dzieci wykaza\u0142y si\u0119 du\u017c\u0105 kreatywno\u015bci\u0105. Aktywnie uczestniczy\u0142y w zaj\u0119ciach. Stworzy\u0142y pomys\u0142owe stworki. Wszystkim towarzyszy\u0142y doskona\u0142e humory.<\/span>[\/vc_column_text][vc_gallery type=&#8221;image_grid&#8221; images=&#8221;8028,8029,8030,8031,8032,8033,8034,8035&#8243; css=&#8221;&#8221;][\/vc_column][\/vc_row]<\/p>\n<\/div>","protected":false},"excerpt":{"rendered":"<p>[vc_row][vc_column][vc_column_text]31 pa\u017adziernika obchodzili\u015bmy Dzie\u0144 Dyni. Dzieci przysz\u0142y ubrane \u201ena pomara\u0144czowo\u201d. Przynios\u0142y dynie, kt\u00f3re stanowi\u0142y inspiracje do r\u00f3\u017cnego rodzaju dzia\u0142a\u0144. Na przedszkolaki czeka\u0142o du\u017co atrakcji: &#8211; zabawy ruchowe: slalom dyniowy, &#8222;dynia [&hellip;]<\/p>\n","protected":false},"author":200,"featured_media":0,"parent":0,"menu_order":0,"comment_status":"closed","ping_status":"closed","template":"","meta":{"ngg_post_thumbnail":0,"footnotes":""},"class_list":["post-8027","page","type-page","status-publish","hentry","clearfix"],"_links":{"self":[{"href":"https:\/\/przedszkole150.edu.wroclaw.pl\/index.php\/wp-json\/wp\/v2\/pages\/8027","targetHints":{"allow":["GET"]}}],"collection":[{"href":"https:\/\/przedszkole150.edu.wroclaw.pl\/index.php\/wp-json\/wp\/v2\/pages"}],"about":[{"href":"https:\/\/przedszkole150.edu.wroclaw.pl\/index.php\/wp-json\/wp\/v2\/types\/page"}],"author":[{"embeddable":true,"href":"https:\/\/przedszkole150.edu.wroclaw.pl\/index.php\/wp-json\/wp\/v2\/users\/200"}],"replies":[{"embeddable":true,"href":"https:\/\/przedszkole150.edu.wroclaw.pl\/index.php\/wp-json\/wp\/v2\/comments?post=8027"}],"version-history":[{"count":1,"href":"https:\/\/przedszkole150.edu.wroclaw.pl\/index.php\/wp-json\/wp\/v2\/pages\/8027\/revisions"}],"predecessor-version":[{"id":8036,"href":"https:\/\/przedszkole150.edu.wroclaw.pl\/index.php\/wp-json\/wp\/v2\/pages\/8027\/revisions\/8036"}],"wp:attachment":[{"href":"https:\/\/przedszkole150.edu.wroclaw.pl\/index.php\/wp-json\/wp\/v2\/media?parent=8027"}],"curies":[{"name":"wp","href":"https:\/\/api.w.org\/{rel}","templated":true}]}}