
{"id":8078,"date":"2025-11-11T13:21:53","date_gmt":"2025-11-11T12:21:53","guid":{"rendered":"https:\/\/przedszkole150.edu.wroclaw.pl\/?page_id=8078"},"modified":"2025-11-11T13:21:53","modified_gmt":"2025-11-11T12:21:53","slug":"uroczysty-wystep-z-okazji-narodowego-dnia-niepodleglosci","status":"publish","type":"page","link":"https:\/\/przedszkole150.edu.wroclaw.pl\/index.php\/uroczysty-wystep-z-okazji-narodowego-dnia-niepodleglosci\/","title":{"rendered":"Uroczysty wyst\u0119p z okazji Narodowego Dnia Niepodleg\u0142o\u015bci"},"content":{"rendered":"<div class=\"wpb-content-wrapper\"><p>[vc_row][vc_column][vc_column_text]<\/p>\n<p data-start=\"106\" data-end=\"448\"><span style=\"font-family: times new roman, times;font-size: 14pt\">Dnia <strong>7 listopada<\/strong> w naszym przedszkolu odby\u0142a si\u0119 uroczysta akademia z okazji Narodowego \u015awi\u0119ta Niepodleg\u0142o\u015bci. Dzieci z grupy <strong>V<\/strong> oraz <strong>IX<\/strong> zaprezentowa\u0142y przepi\u0119kny program artystyczny, na kt\u00f3ry z\u0142o\u017cy\u0142y si\u0119 wiersze, piosenki oraz ta\u0144ce patriotyczne. Starszaki z dum\u0105 recytowa\u0142y s\u0142owa o Polsce, trzymaj\u0105c w d\u0142oniach bia\u0142o-czerwone wst\u0119gi. <\/span><\/p>\n<p data-start=\"450\" data-end=\"726\"><span style=\"font-family: times new roman, times;font-size: 14pt\">Wyst\u0119p wzruszy\u0142 zar\u00f3wno nauczycieli, jak i zaproszonych rodzic\u00f3w. Ca\u0142a sala wype\u0142ni\u0142a si\u0119 barwami narodowymi i radosnym \u015bpiewem \u201eMazurka D\u0105browskiego\u201d. By\u0142 to wyj\u0105tkowy dzie\u0144, kt\u00f3ry pozwoli\u0142 najm\u0142odszym w pi\u0119kny spos\u00f3b uczci\u0107 rocznic\u0119 odzyskania przez Polsk\u0119 niepodleg\u0142o\u015bci.<\/span><\/p>\n<p>[\/vc_column_text][vc_gallery type=&#8221;image_grid&#8221; images=&#8221;8085,8084,8083,8082,8081,8080,8079&#8243; css=&#8221;&#8221;][\/vc_column][\/vc_row]<\/p>\n<\/div>","protected":false},"excerpt":{"rendered":"<p>[vc_row][vc_column][vc_column_text] Dnia 7 listopada w naszym przedszkolu odby\u0142a si\u0119 uroczysta akademia z okazji Narodowego \u015awi\u0119ta Niepodleg\u0142o\u015bci. Dzieci z grupy V oraz IX zaprezentowa\u0142y przepi\u0119kny program artystyczny, na kt\u00f3ry z\u0142o\u017cy\u0142y si\u0119 [&hellip;]<\/p>\n","protected":false},"author":200,"featured_media":0,"parent":0,"menu_order":0,"comment_status":"closed","ping_status":"closed","template":"","meta":{"ngg_post_thumbnail":0,"footnotes":""},"class_list":["post-8078","page","type-page","status-publish","hentry","clearfix"],"_links":{"self":[{"href":"https:\/\/przedszkole150.edu.wroclaw.pl\/index.php\/wp-json\/wp\/v2\/pages\/8078","targetHints":{"allow":["GET"]}}],"collection":[{"href":"https:\/\/przedszkole150.edu.wroclaw.pl\/index.php\/wp-json\/wp\/v2\/pages"}],"about":[{"href":"https:\/\/przedszkole150.edu.wroclaw.pl\/index.php\/wp-json\/wp\/v2\/types\/page"}],"author":[{"embeddable":true,"href":"https:\/\/przedszkole150.edu.wroclaw.pl\/index.php\/wp-json\/wp\/v2\/users\/200"}],"replies":[{"embeddable":true,"href":"https:\/\/przedszkole150.edu.wroclaw.pl\/index.php\/wp-json\/wp\/v2\/comments?post=8078"}],"version-history":[{"count":1,"href":"https:\/\/przedszkole150.edu.wroclaw.pl\/index.php\/wp-json\/wp\/v2\/pages\/8078\/revisions"}],"predecessor-version":[{"id":8086,"href":"https:\/\/przedszkole150.edu.wroclaw.pl\/index.php\/wp-json\/wp\/v2\/pages\/8078\/revisions\/8086"}],"wp:attachment":[{"href":"https:\/\/przedszkole150.edu.wroclaw.pl\/index.php\/wp-json\/wp\/v2\/media?parent=8078"}],"curies":[{"name":"wp","href":"https:\/\/api.w.org\/{rel}","templated":true}]}}