
{"id":8094,"date":"2025-11-12T07:28:19","date_gmt":"2025-11-12T06:28:19","guid":{"rendered":"https:\/\/przedszkole150.edu.wroclaw.pl\/?page_id=8094"},"modified":"2025-11-12T07:34:40","modified_gmt":"2025-11-12T06:34:40","slug":"jesienne-drzewo-ogolnopolski-konkurs-plastyczny","status":"publish","type":"page","link":"https:\/\/przedszkole150.edu.wroclaw.pl\/index.php\/jesienne-drzewo-ogolnopolski-konkurs-plastyczny\/","title":{"rendered":"&#8222;Jesienne drzewo&#8221; &#8211; og\u00f3lnopolski konkurs plastyczny"},"content":{"rendered":"<p style=\"text-align: center\"><span style=\"color: #008000;font-family: times new roman, times;font-size: 14pt\"><strong>\u201e<\/strong><strong>Jesienne drzewo\u201d \u2013 og\u00f3lnopolski konkurs plastyczny<\/strong> <\/span><\/p>\n<p><span style=\"font-family: times new roman, times;font-size: 14pt\">Anastazja B. z gr. VII oraz Filip D. z gr. IX wzi\u0119li udzia\u0142 w og\u00f3lnopolskim konkursie plastycznym pn. \u201eJesienne drzewo\u201d. Organizator konkursu: Przedszkole Miejskie Nr 57 im. M. Konopnickiej w Sosnowcu.<\/span><\/p>\n<p><span style=\"font-family: times new roman, times;font-size: 14pt\">Podzi\u0119kowanie otrzyma\u0142o tak\u017ce nasze Przedszkole oraz nauczycielki przygotowuj\u0105ce dzieci do udzia\u0142u w konkursie.<\/span><\/p>\n","protected":false},"excerpt":{"rendered":"<p>\u201eJesienne drzewo\u201d \u2013 og\u00f3lnopolski konkurs plastyczny Anastazja B. z gr. VII oraz Filip D. z gr. IX wzi\u0119li udzia\u0142 w og\u00f3lnopolskim konkursie plastycznym pn. \u201eJesienne drzewo\u201d. Organizator konkursu: Przedszkole Miejskie [&hellip;]<\/p>\n","protected":false},"author":211,"featured_media":0,"parent":0,"menu_order":0,"comment_status":"closed","ping_status":"closed","template":"","meta":{"ngg_post_thumbnail":0,"footnotes":""},"class_list":["post-8094","page","type-page","status-publish","hentry","clearfix"],"_links":{"self":[{"href":"https:\/\/przedszkole150.edu.wroclaw.pl\/index.php\/wp-json\/wp\/v2\/pages\/8094","targetHints":{"allow":["GET"]}}],"collection":[{"href":"https:\/\/przedszkole150.edu.wroclaw.pl\/index.php\/wp-json\/wp\/v2\/pages"}],"about":[{"href":"https:\/\/przedszkole150.edu.wroclaw.pl\/index.php\/wp-json\/wp\/v2\/types\/page"}],"author":[{"embeddable":true,"href":"https:\/\/przedszkole150.edu.wroclaw.pl\/index.php\/wp-json\/wp\/v2\/users\/211"}],"replies":[{"embeddable":true,"href":"https:\/\/przedszkole150.edu.wroclaw.pl\/index.php\/wp-json\/wp\/v2\/comments?post=8094"}],"version-history":[{"count":2,"href":"https:\/\/przedszkole150.edu.wroclaw.pl\/index.php\/wp-json\/wp\/v2\/pages\/8094\/revisions"}],"predecessor-version":[{"id":8107,"href":"https:\/\/przedszkole150.edu.wroclaw.pl\/index.php\/wp-json\/wp\/v2\/pages\/8094\/revisions\/8107"}],"wp:attachment":[{"href":"https:\/\/przedszkole150.edu.wroclaw.pl\/index.php\/wp-json\/wp\/v2\/media?parent=8094"}],"curies":[{"name":"wp","href":"https:\/\/api.w.org\/{rel}","templated":true}]}}