
{"id":8104,"date":"2025-11-12T07:33:29","date_gmt":"2025-11-12T06:33:29","guid":{"rendered":"https:\/\/przedszkole150.edu.wroclaw.pl\/?page_id=8104"},"modified":"2025-11-12T07:45:51","modified_gmt":"2025-11-12T06:45:51","slug":"jesien-w-oczach-dziecka-ogolnopolski-konkurs-plastyczny","status":"publish","type":"page","link":"https:\/\/przedszkole150.edu.wroclaw.pl\/index.php\/jesien-w-oczach-dziecka-ogolnopolski-konkurs-plastyczny\/","title":{"rendered":"&#8222;Jesie\u0144 w oczach dziecka&#8221; &#8211; og\u00f3lnopolski konkurs plastyczny"},"content":{"rendered":"<div class=\"wpb-content-wrapper\"><p>[vc_row][vc_column][vc_column_text css=&#8221;&#8221;]<\/p>\n<p style=\"text-align: center\"><span style=\"font-family: times new roman, times;font-size: 14pt\"><strong><span style=\"color: #0000ff\">\u201e<\/span><span style=\"color: #0000ff\">Jesie\u0144 w oczach dziecka\u201d \u2013 og\u00f3lnopolski konkurs plastyczny<\/span> <\/strong><\/span><\/p>\n<p><span style=\"font-family: times new roman, times;font-size: 14pt\">Hanna R. z gr. VII oraz Franciszek C. z gr. IX wzi\u0119li udzia\u0142 w og\u00f3lnopolskim konkursie plastycznym pn. \u201eJesie\u0144 w oczach dziecka\u201d. Organizator konkursu: Przedszkola Samorz\u0105dowe w Chorzelowie.<\/span><\/p>\n<p><span style=\"font-family: times new roman, times;font-size: 14pt\">Cele konkursu:<\/span><\/p>\n<p><span style=\"font-family: times new roman, times;font-size: 14pt\">&#8211; kszta\u0142towanie wyobra\u017ani plastycznej inspirowanej jesienn\u0105 tematyk\u0105;<\/span><\/p>\n<p><span style=\"font-family: times new roman, times;font-size: 14pt\">&#8211; rozwijanie kreatywno\u015bci;<\/span><\/p>\n<p><span style=\"font-family: times new roman, times;font-size: 14pt\">&#8211; rozwijanie inwencji tw\u00f3rczej przez poszukiwanie r\u00f3\u017cnorodnych rozwi\u0105za\u0144 plastycznych. <\/span><\/p>\n<p><span style=\"font-family: times new roman, times;font-size: 14pt\">Podzi\u0119kowanie otrzyma\u0142o tak\u017ce nasze Przedszkole oraz nauczycielki przygotowuj\u0105ce dzieci do udzia\u0142u w konkursie.<\/span>[\/vc_column_text][vc_gallery type=&#8221;image_grid&#8221; images=&#8221;8110,8111,8112,8113,8114&#8243; css=&#8221;&#8221;][\/vc_column][\/vc_row]<\/p>\n<\/div>","protected":false},"excerpt":{"rendered":"<p>[vc_row][vc_column][vc_column_text css=&#8221;&#8221;] \u201eJesie\u0144 w oczach dziecka\u201d \u2013 og\u00f3lnopolski konkurs plastyczny Hanna R. z gr. VII oraz Franciszek C. z gr. IX wzi\u0119li udzia\u0142 w og\u00f3lnopolskim konkursie plastycznym pn. \u201eJesie\u0144 w [&hellip;]<\/p>\n","protected":false},"author":211,"featured_media":0,"parent":0,"menu_order":0,"comment_status":"closed","ping_status":"closed","template":"","meta":{"ngg_post_thumbnail":0,"footnotes":""},"class_list":["post-8104","page","type-page","status-publish","hentry","clearfix"],"_links":{"self":[{"href":"https:\/\/przedszkole150.edu.wroclaw.pl\/index.php\/wp-json\/wp\/v2\/pages\/8104","targetHints":{"allow":["GET"]}}],"collection":[{"href":"https:\/\/przedszkole150.edu.wroclaw.pl\/index.php\/wp-json\/wp\/v2\/pages"}],"about":[{"href":"https:\/\/przedszkole150.edu.wroclaw.pl\/index.php\/wp-json\/wp\/v2\/types\/page"}],"author":[{"embeddable":true,"href":"https:\/\/przedszkole150.edu.wroclaw.pl\/index.php\/wp-json\/wp\/v2\/users\/211"}],"replies":[{"embeddable":true,"href":"https:\/\/przedszkole150.edu.wroclaw.pl\/index.php\/wp-json\/wp\/v2\/comments?post=8104"}],"version-history":[{"count":4,"href":"https:\/\/przedszkole150.edu.wroclaw.pl\/index.php\/wp-json\/wp\/v2\/pages\/8104\/revisions"}],"predecessor-version":[{"id":8117,"href":"https:\/\/przedszkole150.edu.wroclaw.pl\/index.php\/wp-json\/wp\/v2\/pages\/8104\/revisions\/8117"}],"wp:attachment":[{"href":"https:\/\/przedszkole150.edu.wroclaw.pl\/index.php\/wp-json\/wp\/v2\/media?parent=8104"}],"curies":[{"name":"wp","href":"https:\/\/api.w.org\/{rel}","templated":true}]}}