
{"id":8141,"date":"2025-11-14T10:21:50","date_gmt":"2025-11-14T09:21:50","guid":{"rendered":"https:\/\/przedszkole150.edu.wroclaw.pl\/?page_id=8141"},"modified":"2025-11-14T10:21:50","modified_gmt":"2025-11-14T09:21:50","slug":"misja-miejska-dzungla","status":"publish","type":"page","link":"https:\/\/przedszkole150.edu.wroclaw.pl\/index.php\/misja-miejska-dzungla\/","title":{"rendered":"Misja &#8222;Miejska d\u017cungla&#8221;"},"content":{"rendered":"<div class=\"wpb-content-wrapper\"><p>[vc_row][vc_column][vc_column_text]<\/p>\n<p style=\"text-align: center\" align=\"justify\"><strong><span style=\"color: #000000;font-family: times new roman, times;font-size: 14pt\">MISJA &#8222;MIEJSKA D\u017bUNGLA&#8221;<\/span><\/strong><\/p>\n<p align=\"justify\"><span style=\"color: #000000;font-family: times new roman, times;font-size: 14pt\">Nowa misja w projekcie &#8222;Edukacja w ruchu&#8221; w\u0142a\u015bnie wystartowa\u0142a! \ud83e\udd73 Tym razem poznali\u015bmy Je\u017ca, kt\u00f3ry poka\u017ce nam tajemnicze zakamarki Miejskiej D\u017cungli! \ud83e\udd94\ud83c\udfd9\ufe0f Pomogli\u015bmy mu bezpiecznie dotrze\u0107 do domku \ud83c\udfe0 \u2013 a przy okazji przekonali\u015bmy si\u0119, \u017ce przygoda mo\u017ce czeka\u0107 tu\u017c za rogiem!<\/span><\/p>\n<p><span style=\"color: #000000;font-family: times new roman, times;font-size: 14pt\">Jeste\u015bmy gotowi na odkrywanie kolejnych \u015bcie\u017cek Miejskiej D\u017cungli! \ud83e\udd2a<\/span>[\/vc_column_text][vc_gallery type=&#8221;image_grid&#8221; images=&#8221;8143,8144,8145,8146,8147,8149,8150,8151,8152,8153,8155,8156,8157,8158&#8243; css=&#8221;&#8221;][\/vc_column][\/vc_row]<\/p>\n<\/div>","protected":false},"excerpt":{"rendered":"<p>[vc_row][vc_column][vc_column_text] MISJA &#8222;MIEJSKA D\u017bUNGLA&#8221; Nowa misja w projekcie &#8222;Edukacja w ruchu&#8221; w\u0142a\u015bnie wystartowa\u0142a! \ud83e\udd73 Tym razem poznali\u015bmy Je\u017ca, kt\u00f3ry poka\u017ce nam tajemnicze zakamarki Miejskiej D\u017cungli! \ud83e\udd94\ud83c\udfd9\ufe0f Pomogli\u015bmy mu bezpiecznie dotrze\u0107 [&hellip;]<\/p>\n","protected":false},"author":211,"featured_media":0,"parent":0,"menu_order":0,"comment_status":"closed","ping_status":"closed","template":"","meta":{"ngg_post_thumbnail":0,"footnotes":""},"class_list":["post-8141","page","type-page","status-publish","hentry","clearfix"],"_links":{"self":[{"href":"https:\/\/przedszkole150.edu.wroclaw.pl\/index.php\/wp-json\/wp\/v2\/pages\/8141","targetHints":{"allow":["GET"]}}],"collection":[{"href":"https:\/\/przedszkole150.edu.wroclaw.pl\/index.php\/wp-json\/wp\/v2\/pages"}],"about":[{"href":"https:\/\/przedszkole150.edu.wroclaw.pl\/index.php\/wp-json\/wp\/v2\/types\/page"}],"author":[{"embeddable":true,"href":"https:\/\/przedszkole150.edu.wroclaw.pl\/index.php\/wp-json\/wp\/v2\/users\/211"}],"replies":[{"embeddable":true,"href":"https:\/\/przedszkole150.edu.wroclaw.pl\/index.php\/wp-json\/wp\/v2\/comments?post=8141"}],"version-history":[{"count":1,"href":"https:\/\/przedszkole150.edu.wroclaw.pl\/index.php\/wp-json\/wp\/v2\/pages\/8141\/revisions"}],"predecessor-version":[{"id":8159,"href":"https:\/\/przedszkole150.edu.wroclaw.pl\/index.php\/wp-json\/wp\/v2\/pages\/8141\/revisions\/8159"}],"wp:attachment":[{"href":"https:\/\/przedszkole150.edu.wroclaw.pl\/index.php\/wp-json\/wp\/v2\/media?parent=8141"}],"curies":[{"name":"wp","href":"https:\/\/api.w.org\/{rel}","templated":true}]}}