
{"id":8167,"date":"2025-11-17T14:31:22","date_gmt":"2025-11-17T13:31:22","guid":{"rendered":"https:\/\/przedszkole150.edu.wroclaw.pl\/?page_id=8167"},"modified":"2025-11-17T14:31:22","modified_gmt":"2025-11-17T13:31:22","slug":"bialo-czerwone-wlasnorecznie-kotyliony-robione-ogolnopolski-konkurs-plastyczno-techniczny","status":"publish","type":"page","link":"https:\/\/przedszkole150.edu.wroclaw.pl\/index.php\/bialo-czerwone-wlasnorecznie-kotyliony-robione-ogolnopolski-konkurs-plastyczno-techniczny\/","title":{"rendered":"\u201eBia\u0142o \u2013 czerwone, w\u0142asnor\u0119cznie kotyliony robione\u201d \u2013 og\u00f3lnopolski konkurs plastyczno &#8211; techniczny"},"content":{"rendered":"<div class=\"wpb-content-wrapper\"><p>[vc_row][vc_column][vc_column_text]<\/p>\n<p style=\"text-align: center\"><span style=\"font-size: 14pt;font-family: times new roman, times;color: #ff0000\"><strong>\u201eBia\u0142o \u2013 czerwone, w\u0142asnor\u0119cznie kotyliony robione\u201d \u2013 og\u00f3lnopolski konkurs plastyczno &#8211; techniczny<\/strong> <\/span><\/p>\n<p><span style=\"font-family: times new roman, times;font-size: 14pt\">Zosia S. z gr. VII oraz Szymon B. z gr. IX wzi\u0119li udzia\u0142 w og\u00f3lnopolskim konkursie plastyczno &#8211; technicznym pn. \u201eBia\u0142o \u2013 czerwone, w\u0142asnor\u0119cznie kotyliony robione\u201d. Organizator konkursu: Przedszkole Miejskie Nr 174 w \u0141odzi.<\/span><\/p>\n<p><span style=\"font-family: times new roman, times;font-size: 14pt\">Cele konkursu:<\/span><\/p>\n<p><span style=\"font-family: times new roman, times;font-size: 14pt\">&#8211; rozwijanie i kszta\u0142towanie wyobra\u017ani plastycznej dzieci;<\/span><\/p>\n<p><span style=\"font-family: times new roman, times;font-size: 14pt\">&#8211; wykazanie si\u0119 kreatywno\u015bci\u0105 i zmys\u0142em estetycznym;<\/span><\/p>\n<p><span style=\"font-family: times new roman, times;font-size: 14pt\">&#8211; rozwijanie sprawno\u015bci manualnej;<\/span><\/p>\n<p><span style=\"font-family: times new roman, times;font-size: 14pt\">&#8211; prezentacja i popularyzacja dzieci\u0119cej tw\u00f3rczo\u015bci plastycznej. <\/span><\/p>\n<p><span style=\"font-family: times new roman, times;font-size: 14pt\">Podzi\u0119kowanie otrzyma\u0142y nauczycielki przygotowuj\u0105ce dzieci do udzia\u0142u w konkursie.<\/span>[\/vc_column_text][vc_gallery type=&#8221;image_grid&#8221; images=&#8221;8168,8169,8170,8171&#8243; css=&#8221;&#8221;][\/vc_column][\/vc_row]<\/p>\n<\/div>","protected":false},"excerpt":{"rendered":"<p>[vc_row][vc_column][vc_column_text] \u201eBia\u0142o \u2013 czerwone, w\u0142asnor\u0119cznie kotyliony robione\u201d \u2013 og\u00f3lnopolski konkurs plastyczno &#8211; techniczny Zosia S. z gr. VII oraz Szymon B. z gr. IX wzi\u0119li udzia\u0142 w og\u00f3lnopolskim konkursie plastyczno [&hellip;]<\/p>\n","protected":false},"author":211,"featured_media":0,"parent":0,"menu_order":0,"comment_status":"closed","ping_status":"closed","template":"","meta":{"ngg_post_thumbnail":0,"footnotes":""},"class_list":["post-8167","page","type-page","status-publish","hentry","clearfix"],"_links":{"self":[{"href":"https:\/\/przedszkole150.edu.wroclaw.pl\/index.php\/wp-json\/wp\/v2\/pages\/8167","targetHints":{"allow":["GET"]}}],"collection":[{"href":"https:\/\/przedszkole150.edu.wroclaw.pl\/index.php\/wp-json\/wp\/v2\/pages"}],"about":[{"href":"https:\/\/przedszkole150.edu.wroclaw.pl\/index.php\/wp-json\/wp\/v2\/types\/page"}],"author":[{"embeddable":true,"href":"https:\/\/przedszkole150.edu.wroclaw.pl\/index.php\/wp-json\/wp\/v2\/users\/211"}],"replies":[{"embeddable":true,"href":"https:\/\/przedszkole150.edu.wroclaw.pl\/index.php\/wp-json\/wp\/v2\/comments?post=8167"}],"version-history":[{"count":1,"href":"https:\/\/przedszkole150.edu.wroclaw.pl\/index.php\/wp-json\/wp\/v2\/pages\/8167\/revisions"}],"predecessor-version":[{"id":8172,"href":"https:\/\/przedszkole150.edu.wroclaw.pl\/index.php\/wp-json\/wp\/v2\/pages\/8167\/revisions\/8172"}],"wp:attachment":[{"href":"https:\/\/przedszkole150.edu.wroclaw.pl\/index.php\/wp-json\/wp\/v2\/media?parent=8167"}],"curies":[{"name":"wp","href":"https:\/\/api.w.org\/{rel}","templated":true}]}}