
{"id":8179,"date":"2025-11-19T11:30:13","date_gmt":"2025-11-19T10:30:13","guid":{"rendered":"https:\/\/przedszkole150.edu.wroclaw.pl\/?page_id=8179"},"modified":"2025-11-19T11:30:13","modified_gmt":"2025-11-19T10:30:13","slug":"niepodpisany-pamietnik","status":"publish","type":"page","link":"https:\/\/przedszkole150.edu.wroclaw.pl\/index.php\/niepodpisany-pamietnik\/","title":{"rendered":"&#8222;Niepodpisany pami\u0119tnik&#8221;"},"content":{"rendered":"<div class=\"wpb-content-wrapper\"><p>[vc_row][vc_column][vc_column_text]<\/p>\n<p style=\"text-align: center\"><span style=\"color: #ff0000\"><strong><span style=\"font-family: times new roman, times;font-size: 14pt\">\u201eNiepodpisany pami\u0119tnik\u201d<\/span><\/strong><\/span><\/p>\n<p><span style=\"font-family: times new roman, times;font-size: 14pt\">Dnia 19.11.2025 r. dzieci z gr. VII i IX uda\u0142y si\u0119 do Wroc\u0142awskiego Klubu \u201eAnima\u201d, by wzi\u0105\u0107 udzia\u0142 w przedstawieniu D. Brzozowskiej z teatru \u201eNa Ostrowie\u201d pt. \u201eNiepodpisany pami\u0119tnik.\u201d<\/span>[\/vc_column_text][vc_gallery type=&#8221;image_grid&#8221; images=&#8221;8180,8181,8182,8183,8184&#8243; css=&#8221;&#8221;][\/vc_column][\/vc_row]<\/p>\n<\/div>","protected":false},"excerpt":{"rendered":"<p>[vc_row][vc_column][vc_column_text] \u201eNiepodpisany pami\u0119tnik\u201d Dnia 19.11.2025 r. dzieci z gr. VII i IX uda\u0142y si\u0119 do Wroc\u0142awskiego Klubu \u201eAnima\u201d, by wzi\u0105\u0107 udzia\u0142 w przedstawieniu D. Brzozowskiej z teatru \u201eNa Ostrowie\u201d pt. [&hellip;]<\/p>\n","protected":false},"author":211,"featured_media":0,"parent":0,"menu_order":0,"comment_status":"closed","ping_status":"closed","template":"","meta":{"ngg_post_thumbnail":0,"footnotes":""},"class_list":["post-8179","page","type-page","status-publish","hentry","clearfix"],"_links":{"self":[{"href":"https:\/\/przedszkole150.edu.wroclaw.pl\/index.php\/wp-json\/wp\/v2\/pages\/8179","targetHints":{"allow":["GET"]}}],"collection":[{"href":"https:\/\/przedszkole150.edu.wroclaw.pl\/index.php\/wp-json\/wp\/v2\/pages"}],"about":[{"href":"https:\/\/przedszkole150.edu.wroclaw.pl\/index.php\/wp-json\/wp\/v2\/types\/page"}],"author":[{"embeddable":true,"href":"https:\/\/przedszkole150.edu.wroclaw.pl\/index.php\/wp-json\/wp\/v2\/users\/211"}],"replies":[{"embeddable":true,"href":"https:\/\/przedszkole150.edu.wroclaw.pl\/index.php\/wp-json\/wp\/v2\/comments?post=8179"}],"version-history":[{"count":2,"href":"https:\/\/przedszkole150.edu.wroclaw.pl\/index.php\/wp-json\/wp\/v2\/pages\/8179\/revisions"}],"predecessor-version":[{"id":8186,"href":"https:\/\/przedszkole150.edu.wroclaw.pl\/index.php\/wp-json\/wp\/v2\/pages\/8179\/revisions\/8186"}],"wp:attachment":[{"href":"https:\/\/przedszkole150.edu.wroclaw.pl\/index.php\/wp-json\/wp\/v2\/media?parent=8179"}],"curies":[{"name":"wp","href":"https:\/\/api.w.org\/{rel}","templated":true}]}}