
{"id":8189,"date":"2025-11-24T18:43:52","date_gmt":"2025-11-24T17:43:52","guid":{"rendered":"https:\/\/przedszkole150.edu.wroclaw.pl\/?page_id=8189"},"modified":"2025-11-24T18:43:52","modified_gmt":"2025-11-24T17:43:52","slug":"konkurs-patriotyczny-moj-dom-moje-miasto-moja-ojczyzna","status":"publish","type":"page","link":"https:\/\/przedszkole150.edu.wroclaw.pl\/index.php\/konkurs-patriotyczny-moj-dom-moje-miasto-moja-ojczyzna\/","title":{"rendered":"Konkurs patriotyczny &#8222;M\u00f3j dom, moje miasto, moja ojczyzna.&#8221;"},"content":{"rendered":"<p>Laureatami konkursu patriotycznego &#8222;M\u00f3j dom, moje miasto, moja ojczyzna&#8221;, s\u0105 Julia W. z grupy V oraz Krzysztof K. z grupy VII. Gratulujemy pieknie wykonanych prac oraz podziwiamy pomys\u0142owo\u015b\u0107 oraz kreatywno\u015b\u0107.<\/p>\n<p><img loading=\"lazy\" decoding=\"async\" class=\"alignnone size-medium wp-image-8195\" src=\"https:\/\/przedszkole150.edu.wroclaw.pl\/wp-content\/uploads\/sites\/61\/2025\/11\/IMG_5414-300x225.jpeg\" alt=\"\" width=\"300\" height=\"225\" srcset=\"https:\/\/przedszkole150.edu.wroclaw.pl\/wp-content\/uploads\/sites\/61\/2025\/11\/IMG_5414-300x225.jpeg 300w, https:\/\/przedszkole150.edu.wroclaw.pl\/wp-content\/uploads\/sites\/61\/2025\/11\/IMG_5414-1024x768.jpeg 1024w, https:\/\/przedszkole150.edu.wroclaw.pl\/wp-content\/uploads\/sites\/61\/2025\/11\/IMG_5414-768x576.jpeg 768w, https:\/\/przedszkole150.edu.wroclaw.pl\/wp-content\/uploads\/sites\/61\/2025\/11\/IMG_5414-1536x1152.jpeg 1536w, https:\/\/przedszkole150.edu.wroclaw.pl\/wp-content\/uploads\/sites\/61\/2025\/11\/IMG_5414.jpeg 2040w\" sizes=\"auto, (max-width: 300px) 100vw, 300px\" \/><img loading=\"lazy\" decoding=\"async\" class=\"alignnone size-medium wp-image-8194\" src=\"https:\/\/przedszkole150.edu.wroclaw.pl\/wp-content\/uploads\/sites\/61\/2025\/11\/IMG_5413-300x225.jpeg\" alt=\"\" width=\"300\" height=\"225\" srcset=\"https:\/\/przedszkole150.edu.wroclaw.pl\/wp-content\/uploads\/sites\/61\/2025\/11\/IMG_5413-300x225.jpeg 300w, https:\/\/przedszkole150.edu.wroclaw.pl\/wp-content\/uploads\/sites\/61\/2025\/11\/IMG_5413-1024x768.jpeg 1024w, https:\/\/przedszkole150.edu.wroclaw.pl\/wp-content\/uploads\/sites\/61\/2025\/11\/IMG_5413-768x576.jpeg 768w, https:\/\/przedszkole150.edu.wroclaw.pl\/wp-content\/uploads\/sites\/61\/2025\/11\/IMG_5413-1536x1152.jpeg 1536w, https:\/\/przedszkole150.edu.wroclaw.pl\/wp-content\/uploads\/sites\/61\/2025\/11\/IMG_5413.jpeg 2040w\" sizes=\"auto, (max-width: 300px) 100vw, 300px\" \/><img loading=\"lazy\" decoding=\"async\" class=\"alignnone size-medium wp-image-8192\" src=\"https:\/\/przedszkole150.edu.wroclaw.pl\/wp-content\/uploads\/sites\/61\/2025\/11\/IMG_5411-225x300.jpeg\" alt=\"\" width=\"225\" height=\"300\" srcset=\"https:\/\/przedszkole150.edu.wroclaw.pl\/wp-content\/uploads\/sites\/61\/2025\/11\/IMG_5411-225x300.jpeg 225w, https:\/\/przedszkole150.edu.wroclaw.pl\/wp-content\/uploads\/sites\/61\/2025\/11\/IMG_5411-768x1024.jpeg 768w, https:\/\/przedszkole150.edu.wroclaw.pl\/wp-content\/uploads\/sites\/61\/2025\/11\/IMG_5411-1152x1536.jpeg 1152w, https:\/\/przedszkole150.edu.wroclaw.pl\/wp-content\/uploads\/sites\/61\/2025\/11\/IMG_5411.jpeg 1530w\" sizes=\"auto, (max-width: 225px) 100vw, 225px\" \/><img loading=\"lazy\" decoding=\"async\" class=\"alignnone size-medium wp-image-8191\" src=\"https:\/\/przedszkole150.edu.wroclaw.pl\/wp-content\/uploads\/sites\/61\/2025\/11\/IMG_5409-225x300.jpeg\" alt=\"\" width=\"225\" height=\"300\" srcset=\"https:\/\/przedszkole150.edu.wroclaw.pl\/wp-content\/uploads\/sites\/61\/2025\/11\/IMG_5409-225x300.jpeg 225w, https:\/\/przedszkole150.edu.wroclaw.pl\/wp-content\/uploads\/sites\/61\/2025\/11\/IMG_5409-768x1024.jpeg 768w, https:\/\/przedszkole150.edu.wroclaw.pl\/wp-content\/uploads\/sites\/61\/2025\/11\/IMG_5409-1152x1536.jpeg 1152w, https:\/\/przedszkole150.edu.wroclaw.pl\/wp-content\/uploads\/sites\/61\/2025\/11\/IMG_5409.jpeg 1530w\" sizes=\"auto, (max-width: 225px) 100vw, 225px\" \/><img loading=\"lazy\" decoding=\"async\" class=\"alignnone size-medium wp-image-8190\" src=\"https:\/\/przedszkole150.edu.wroclaw.pl\/wp-content\/uploads\/sites\/61\/2025\/11\/20863158-ecd3-4b28-8b3a-8c1e30e5cb0d-225x300.jpeg\" alt=\"\" width=\"225\" height=\"300\" srcset=\"https:\/\/przedszkole150.edu.wroclaw.pl\/wp-content\/uploads\/sites\/61\/2025\/11\/20863158-ecd3-4b28-8b3a-8c1e30e5cb0d-225x300.jpeg 225w, https:\/\/przedszkole150.edu.wroclaw.pl\/wp-content\/uploads\/sites\/61\/2025\/11\/20863158-ecd3-4b28-8b3a-8c1e30e5cb0d-768x1024.jpeg 768w, https:\/\/przedszkole150.edu.wroclaw.pl\/wp-content\/uploads\/sites\/61\/2025\/11\/20863158-ecd3-4b28-8b3a-8c1e30e5cb0d-1152x1536.jpeg 1152w, https:\/\/przedszkole150.edu.wroclaw.pl\/wp-content\/uploads\/sites\/61\/2025\/11\/20863158-ecd3-4b28-8b3a-8c1e30e5cb0d.jpeg 1530w\" sizes=\"auto, (max-width: 225px) 100vw, 225px\" \/><\/p>\n","protected":false},"excerpt":{"rendered":"<p>Laureatami konkursu patriotycznego &#8222;M\u00f3j dom, moje miasto, moja ojczyzna&#8221;, s\u0105 Julia W. z grupy V oraz Krzysztof K. z grupy VII. Gratulujemy pieknie wykonanych prac oraz podziwiamy pomys\u0142owo\u015b\u0107 oraz kreatywno\u015b\u0107.<\/p>\n","protected":false},"author":264,"featured_media":0,"parent":0,"menu_order":0,"comment_status":"closed","ping_status":"closed","template":"","meta":{"ngg_post_thumbnail":0,"footnotes":""},"class_list":["post-8189","page","type-page","status-publish","hentry","clearfix"],"_links":{"self":[{"href":"https:\/\/przedszkole150.edu.wroclaw.pl\/index.php\/wp-json\/wp\/v2\/pages\/8189","targetHints":{"allow":["GET"]}}],"collection":[{"href":"https:\/\/przedszkole150.edu.wroclaw.pl\/index.php\/wp-json\/wp\/v2\/pages"}],"about":[{"href":"https:\/\/przedszkole150.edu.wroclaw.pl\/index.php\/wp-json\/wp\/v2\/types\/page"}],"author":[{"embeddable":true,"href":"https:\/\/przedszkole150.edu.wroclaw.pl\/index.php\/wp-json\/wp\/v2\/users\/264"}],"replies":[{"embeddable":true,"href":"https:\/\/przedszkole150.edu.wroclaw.pl\/index.php\/wp-json\/wp\/v2\/comments?post=8189"}],"version-history":[{"count":1,"href":"https:\/\/przedszkole150.edu.wroclaw.pl\/index.php\/wp-json\/wp\/v2\/pages\/8189\/revisions"}],"predecessor-version":[{"id":8196,"href":"https:\/\/przedszkole150.edu.wroclaw.pl\/index.php\/wp-json\/wp\/v2\/pages\/8189\/revisions\/8196"}],"wp:attachment":[{"href":"https:\/\/przedszkole150.edu.wroclaw.pl\/index.php\/wp-json\/wp\/v2\/media?parent=8189"}],"curies":[{"name":"wp","href":"https:\/\/api.w.org\/{rel}","templated":true}]}}