
{"id":8205,"date":"2025-11-26T18:30:03","date_gmt":"2025-11-26T17:30:03","guid":{"rendered":"https:\/\/przedszkole150.edu.wroclaw.pl\/?page_id=8205"},"modified":"2025-11-26T18:30:03","modified_gmt":"2025-11-26T17:30:03","slug":"miedzynarodowy-dzien-praw-dziecka-2025","status":"publish","type":"page","link":"https:\/\/przedszkole150.edu.wroclaw.pl\/index.php\/miedzynarodowy-dzien-praw-dziecka-2025\/","title":{"rendered":"Mi\u0119dzynarodowy Dzie\u0144 Praw Dziecka 2025"},"content":{"rendered":"<div class=\"wpb-content-wrapper\"><p>[vc_row][vc_column][vc_column_text]<\/p>\n<div><span style=\"font-family: times new roman, times;font-size: 14pt\"><span style=\"color: #0000ff\">Mi\u0119dzynarodowy Dzie\u0144 Praw Dziecka<\/span> w naszym przedszkolu odby\u0142 si\u011920 listopada w ramach akcji organizowanej przez <span style=\"color: #0000ff\">UNICEF.<\/span><\/span><\/div>\n<div><span style=\"font-family: times new roman, times;font-size: 14pt\">20 listopada to wyj\u0105tkowy dzie\u0144 \u2013 rocznica uchwalenia Konwencji o prawach dziecka. Jest to moment, w kt\u00f3rym uwaga wszystkich kierowana jest na dzieci i ich prawa. Dzieci i pracownicy przedszkola przyszli\u00a0 ubrani na niebiesko jako wyraz solidarno\u015bci ze wszystkimi dzie\u0107mi na \u015bwiecie, r\u00f3wnie\u017c tymi, kt\u00f3rych prawa nie s\u0105 przestrzegane. We wszystkich grupach\u00a0 zosta\u0142y \u00a0przeprowadzone\u00a0 zaj\u0119cia o prawach dziecka z wykorzystaniem ciekawych materia\u0142\u00f3w edukacyjnych oraz\u00a0 odby\u0142y si\u0119 rozmowy na temat praw dzieci. Zosta\u0142a wy\u015bwietlona prezentacja, pt. \u201ePrawa dziecka &#8211; Twoje prawa\u201d. M\u0142odsze dzieci kolorowa\u0142y ilustracje z wybranymi przez siebie prawami. Starsze grupy wykona\u0142y prace plastyczne, pt. \u201eZnam swoje prawa\u201d. Wa\u017cnym elementem wychowania przedszkolnego jest kszta\u0142towanie u dzieci \u015bwiadomo\u015bci ich w\u0142asnych praw, uczenie poszanowania praw innych i radzenie sobie w sytuacjach naruszania w\u0142asnych praw.<\/span><\/div>\n<p>[\/vc_column_text][vc_gallery type=&#8221;image_grid&#8221; images=&#8221;8207,8208,8209,8213,8215,8218,8220,8221,8224&#8243; css=&#8221;&#8221;][\/vc_column][\/vc_row]<\/p>\n<\/div>","protected":false},"excerpt":{"rendered":"<p>[vc_row][vc_column][vc_column_text] Mi\u0119dzynarodowy Dzie\u0144 Praw Dziecka w naszym przedszkolu odby\u0142 si\u011920 listopada w ramach akcji organizowanej przez UNICEF. 20 listopada to wyj\u0105tkowy dzie\u0144 \u2013 rocznica uchwalenia Konwencji o prawach dziecka. Jest [&hellip;]<\/p>\n","protected":false},"author":200,"featured_media":0,"parent":0,"menu_order":0,"comment_status":"closed","ping_status":"closed","template":"","meta":{"ngg_post_thumbnail":0,"footnotes":""},"class_list":["post-8205","page","type-page","status-publish","hentry","clearfix"],"_links":{"self":[{"href":"https:\/\/przedszkole150.edu.wroclaw.pl\/index.php\/wp-json\/wp\/v2\/pages\/8205","targetHints":{"allow":["GET"]}}],"collection":[{"href":"https:\/\/przedszkole150.edu.wroclaw.pl\/index.php\/wp-json\/wp\/v2\/pages"}],"about":[{"href":"https:\/\/przedszkole150.edu.wroclaw.pl\/index.php\/wp-json\/wp\/v2\/types\/page"}],"author":[{"embeddable":true,"href":"https:\/\/przedszkole150.edu.wroclaw.pl\/index.php\/wp-json\/wp\/v2\/users\/200"}],"replies":[{"embeddable":true,"href":"https:\/\/przedszkole150.edu.wroclaw.pl\/index.php\/wp-json\/wp\/v2\/comments?post=8205"}],"version-history":[{"count":2,"href":"https:\/\/przedszkole150.edu.wroclaw.pl\/index.php\/wp-json\/wp\/v2\/pages\/8205\/revisions"}],"predecessor-version":[{"id":8225,"href":"https:\/\/przedszkole150.edu.wroclaw.pl\/index.php\/wp-json\/wp\/v2\/pages\/8205\/revisions\/8225"}],"wp:attachment":[{"href":"https:\/\/przedszkole150.edu.wroclaw.pl\/index.php\/wp-json\/wp\/v2\/media?parent=8205"}],"curies":[{"name":"wp","href":"https:\/\/api.w.org\/{rel}","templated":true}]}}