
{"id":8227,"date":"2025-11-26T18:44:23","date_gmt":"2025-11-26T17:44:23","guid":{"rendered":"https:\/\/przedszkole150.edu.wroclaw.pl\/?page_id=8227"},"modified":"2025-11-26T18:44:23","modified_gmt":"2025-11-26T17:44:23","slug":"dzien-zyczliwosci-2025","status":"publish","type":"page","link":"https:\/\/przedszkole150.edu.wroclaw.pl\/index.php\/dzien-zyczliwosci-2025\/","title":{"rendered":"Dzie\u0144 \u017byczliwo\u015bci 2025"},"content":{"rendered":"<div class=\"wpb-content-wrapper\"><p>[vc_row][vc_column][vc_column_text css=&#8221;&#8221;]<span style=\"font-family: times new roman, times;font-size: 14pt\">W naszym przedszkolu <strong>Dzie\u0144 \u017byczliwo\u015bci<\/strong> by\u0142 pe\u0142en u\u015bmiech\u00f3w, ciep\u0142ych s\u0142\u00f3w i ma\u0142ych gest\u00f3w dobroci. Od rana dzieci wita\u0142y si\u0119 \u201e\u017cyczliw\u0105 pi\u0105tk\u0105\u201d, a na tablicach pojawi\u0142y si\u0119 \u201eDrzewka Dobrych Uczynk\u00f3w\u201d, na kt\u00f3rym przedszkolaki zawiesza\u0142y karteczki z mi\u0142ymi s\u0142owami i przyk\u0142adami pomocy kolegom. W grupach odby\u0142y si\u0119 rozmowy o tym, jak okazywa\u0107 sobie \u017cyczliwo\u015b\u0107 na co dzie\u0144, a tak\u017ce zabawy rozwijaj\u0105ce empati\u0119 i wsp\u00f3\u0142prac\u0119. Dzieci przygotowa\u0142y tak\u017ce kolorowe laurki z pozytywnymi has\u0142ami, kt\u00f3rymi obdarowywa\u0142y pracownik\u00f3w przedszkola oraz rodzic\u00f3w i najbli\u017cszych. Serdecznie dzi\u0119kujemy uczniom z pobliskiej Szko\u0142y Podstawowej Nr 75 za pi\u0119kne kartki przygotowane specjalnie na ten dzie\u0144.\u00a0<\/span><\/p>\n<p><span style=\"font-family: times new roman, times;font-size: 14pt\"> \u00a0Ten wyj\u0105tkowy dzie\u0144 pokaza\u0142, \u017ce nawet najmniejsze gesty mog\u0105 sprawi\u0107 komu\u015b wiele rado\u015bci.<\/span>[\/vc_column_text][vc_gallery type=&#8221;image_grid&#8221; images=&#8221;8223,8222,8219,8217,8216,8214,8212,8211,8210&#8243; css=&#8221;&#8221;][\/vc_column][\/vc_row]<\/p>\n<\/div>","protected":false},"excerpt":{"rendered":"<p>[vc_row][vc_column][vc_column_text css=&#8221;&#8221;]W naszym przedszkolu Dzie\u0144 \u017byczliwo\u015bci by\u0142 pe\u0142en u\u015bmiech\u00f3w, ciep\u0142ych s\u0142\u00f3w i ma\u0142ych gest\u00f3w dobroci. Od rana dzieci wita\u0142y si\u0119 \u201e\u017cyczliw\u0105 pi\u0105tk\u0105\u201d, a na tablicach pojawi\u0142y si\u0119 \u201eDrzewka Dobrych Uczynk\u00f3w\u201d, [&hellip;]<\/p>\n","protected":false},"author":200,"featured_media":0,"parent":0,"menu_order":0,"comment_status":"closed","ping_status":"closed","template":"","meta":{"ngg_post_thumbnail":0,"footnotes":""},"class_list":["post-8227","page","type-page","status-publish","hentry","clearfix"],"_links":{"self":[{"href":"https:\/\/przedszkole150.edu.wroclaw.pl\/index.php\/wp-json\/wp\/v2\/pages\/8227","targetHints":{"allow":["GET"]}}],"collection":[{"href":"https:\/\/przedszkole150.edu.wroclaw.pl\/index.php\/wp-json\/wp\/v2\/pages"}],"about":[{"href":"https:\/\/przedszkole150.edu.wroclaw.pl\/index.php\/wp-json\/wp\/v2\/types\/page"}],"author":[{"embeddable":true,"href":"https:\/\/przedszkole150.edu.wroclaw.pl\/index.php\/wp-json\/wp\/v2\/users\/200"}],"replies":[{"embeddable":true,"href":"https:\/\/przedszkole150.edu.wroclaw.pl\/index.php\/wp-json\/wp\/v2\/comments?post=8227"}],"version-history":[{"count":1,"href":"https:\/\/przedszkole150.edu.wroclaw.pl\/index.php\/wp-json\/wp\/v2\/pages\/8227\/revisions"}],"predecessor-version":[{"id":8228,"href":"https:\/\/przedszkole150.edu.wroclaw.pl\/index.php\/wp-json\/wp\/v2\/pages\/8227\/revisions\/8228"}],"wp:attachment":[{"href":"https:\/\/przedszkole150.edu.wroclaw.pl\/index.php\/wp-json\/wp\/v2\/media?parent=8227"}],"curies":[{"name":"wp","href":"https:\/\/api.w.org\/{rel}","templated":true}]}}