
{"id":8243,"date":"2025-12-03T14:21:22","date_gmt":"2025-12-03T13:21:22","guid":{"rendered":"https:\/\/przedszkole150.edu.wroclaw.pl\/?page_id=8243"},"modified":"2025-12-03T14:21:22","modified_gmt":"2025-12-03T13:21:22","slug":"idzie-jez-ogolnopolski-konkurs-plastyczny","status":"publish","type":"page","link":"https:\/\/przedszkole150.edu.wroclaw.pl\/index.php\/idzie-jez-ogolnopolski-konkurs-plastyczny\/","title":{"rendered":"&#8222;Idzie je\u017c&#8221; &#8211; og\u00f3lnopolski konkurs plastyczny"},"content":{"rendered":"<div class=\"wpb-content-wrapper\"><p>[vc_row][vc_column][vc_column_text]<\/p>\n<p align=\"center\"><span style=\"font-family: times new roman, times;font-size: 14pt\"><strong><span style=\"color: #ff0000\">\u201e<\/span><\/strong><strong><span style=\"color: #ff0000\">Idzie je\u017c<\/span><\/strong><strong><span style=\"color: #ff0000\">\u201d \u2013 og\u00f3lnopolski konkurs plastyczny<\/span><\/strong><\/span><\/p>\n<p><span style=\"font-family: times new roman, times;font-size: 14pt\">Krystian \u017b. z gr. VII oraz Pola M. z gr. IX wzi\u0119li udzia\u0142 w II edycji og\u00f3lnopolskiego konkursu plastycznego pn. \u201eIdzie je\u017c\u201d. Organizator konkursu: Przedszkole w \u015alesinie.<\/span><\/p>\n<p><span style=\"font-family: times new roman, times;font-size: 14pt\">Cele konkursu:<\/span><\/p>\n<p><span style=\"font-family: times new roman, times;font-size: 14pt\">\u2013 rozwijanie aktywno\u015bci tw\u00f3rczej i ekspresji plastycznej dzieci;<\/span><\/p>\n<p><span style=\"font-family: times new roman, times;font-size: 14pt\">\u2013 kszta\u0142towanie wra\u017cliwo\u015bci estetycznej i zainteresowania sztuk\u0105;<\/span><\/p>\n<p><span style=\"font-family: times new roman, times;font-size: 14pt\">\u2013 rozwijanie wyobra\u017ani, pomys\u0142owo\u015bci oraz kreatywnego my\u015blenia;<\/span><\/p>\n<p><span style=\"font-family: times new roman, times;font-size: 14pt\">\u2013 wdra\u017canie do samodzielnego dzia\u0142ania i czerpania rado\u015bci z tworzenia.<\/span><\/p>\n<p>&nbsp;<\/p>\n<p><span style=\"font-family: times new roman, times;font-size: 14pt\">Podzi\u0119kowanie otrzyma\u0142y tak\u017ce nauczycielki przygotowuj\u0105ce dzieci do udzia\u0142u w konkursie.<\/span>[\/vc_column_text][vc_gallery type=&#8221;image_grid&#8221; images=&#8221;8244,8245,8246,8247&#8243; css=&#8221;&#8221;][\/vc_column][\/vc_row]<\/p>\n<\/div>","protected":false},"excerpt":{"rendered":"<p>[vc_row][vc_column][vc_column_text] \u201eIdzie je\u017c\u201d \u2013 og\u00f3lnopolski konkurs plastyczny Krystian \u017b. z gr. VII oraz Pola M. z gr. IX wzi\u0119li udzia\u0142 w II edycji og\u00f3lnopolskiego konkursu plastycznego pn. \u201eIdzie je\u017c\u201d. Organizator [&hellip;]<\/p>\n","protected":false},"author":211,"featured_media":0,"parent":0,"menu_order":0,"comment_status":"closed","ping_status":"closed","template":"","meta":{"ngg_post_thumbnail":0,"footnotes":""},"class_list":["post-8243","page","type-page","status-publish","hentry","clearfix"],"_links":{"self":[{"href":"https:\/\/przedszkole150.edu.wroclaw.pl\/index.php\/wp-json\/wp\/v2\/pages\/8243","targetHints":{"allow":["GET"]}}],"collection":[{"href":"https:\/\/przedszkole150.edu.wroclaw.pl\/index.php\/wp-json\/wp\/v2\/pages"}],"about":[{"href":"https:\/\/przedszkole150.edu.wroclaw.pl\/index.php\/wp-json\/wp\/v2\/types\/page"}],"author":[{"embeddable":true,"href":"https:\/\/przedszkole150.edu.wroclaw.pl\/index.php\/wp-json\/wp\/v2\/users\/211"}],"replies":[{"embeddable":true,"href":"https:\/\/przedszkole150.edu.wroclaw.pl\/index.php\/wp-json\/wp\/v2\/comments?post=8243"}],"version-history":[{"count":1,"href":"https:\/\/przedszkole150.edu.wroclaw.pl\/index.php\/wp-json\/wp\/v2\/pages\/8243\/revisions"}],"predecessor-version":[{"id":8248,"href":"https:\/\/przedszkole150.edu.wroclaw.pl\/index.php\/wp-json\/wp\/v2\/pages\/8243\/revisions\/8248"}],"wp:attachment":[{"href":"https:\/\/przedszkole150.edu.wroclaw.pl\/index.php\/wp-json\/wp\/v2\/media?parent=8243"}],"curies":[{"name":"wp","href":"https:\/\/api.w.org\/{rel}","templated":true}]}}