
{"id":8255,"date":"2025-12-04T13:15:01","date_gmt":"2025-12-04T12:15:01","guid":{"rendered":"https:\/\/przedszkole150.edu.wroclaw.pl\/?page_id=8255"},"modified":"2025-12-04T13:19:47","modified_gmt":"2025-12-04T12:19:47","slug":"przedstawienie-teatralne-dlaczego-lis-chcial-przespac-swieta","status":"publish","type":"page","link":"https:\/\/przedszkole150.edu.wroclaw.pl\/index.php\/przedstawienie-teatralne-dlaczego-lis-chcial-przespac-swieta\/","title":{"rendered":"Przedstawienie teatralne &#8222;Dlaczego lis chcia\u0142 przespa\u0107 \u015bwi\u0119ta&#8221;"},"content":{"rendered":"<div class=\"wpb-content-wrapper\"><p>[vc_row][vc_column][vc_column_text]<span style=\"font-family: times new roman, times;font-size: 14pt\">Dn. 27.11.2025 r. dzieci z gr. 1 i 4 obejrza\u0142y przedstawienie teatralne\u00a0 Teatru Ma\u0142ego pt. <em>&#8222;Dlaczego lis chcia\u0142 przespa\u0107 \u015bwi\u0119ta&#8221;<\/em>. By\u0142a to \u015bwi\u0105teczna opowie\u015b\u0107 pe\u0142na ciep\u0142a i przyja\u017ani. Lisek Foch-Foch postanawia przespa\u0107 \u015bwi\u0119ta, ale inne zwierz\u0119ta przekonuj\u0105 go, \u017ce najcenniejszym prezentem jest bycie razem.\u00a0<\/span>[\/vc_column_text][vc_gallery type=&#8221;image_grid&#8221; images=&#8221;8256,8257,8258,8259,8260,8261,8262&#8243; css=&#8221;&#8221;][\/vc_column][\/vc_row]<\/p>\n<\/div>","protected":false},"excerpt":{"rendered":"<p>[vc_row][vc_column][vc_column_text]Dn. 27.11.2025 r. dzieci z gr. 1 i 4 obejrza\u0142y przedstawienie teatralne\u00a0 Teatru Ma\u0142ego pt. &#8222;Dlaczego lis chcia\u0142 przespa\u0107 \u015bwi\u0119ta&#8221;. By\u0142a to \u015bwi\u0105teczna opowie\u015b\u0107 pe\u0142na ciep\u0142a i przyja\u017ani. Lisek Foch-Foch [&hellip;]<\/p>\n","protected":false},"author":200,"featured_media":0,"parent":0,"menu_order":0,"comment_status":"closed","ping_status":"closed","template":"","meta":{"ngg_post_thumbnail":0,"footnotes":""},"class_list":["post-8255","page","type-page","status-publish","hentry","clearfix"],"_links":{"self":[{"href":"https:\/\/przedszkole150.edu.wroclaw.pl\/index.php\/wp-json\/wp\/v2\/pages\/8255","targetHints":{"allow":["GET"]}}],"collection":[{"href":"https:\/\/przedszkole150.edu.wroclaw.pl\/index.php\/wp-json\/wp\/v2\/pages"}],"about":[{"href":"https:\/\/przedszkole150.edu.wroclaw.pl\/index.php\/wp-json\/wp\/v2\/types\/page"}],"author":[{"embeddable":true,"href":"https:\/\/przedszkole150.edu.wroclaw.pl\/index.php\/wp-json\/wp\/v2\/users\/200"}],"replies":[{"embeddable":true,"href":"https:\/\/przedszkole150.edu.wroclaw.pl\/index.php\/wp-json\/wp\/v2\/comments?post=8255"}],"version-history":[{"count":1,"href":"https:\/\/przedszkole150.edu.wroclaw.pl\/index.php\/wp-json\/wp\/v2\/pages\/8255\/revisions"}],"predecessor-version":[{"id":8263,"href":"https:\/\/przedszkole150.edu.wroclaw.pl\/index.php\/wp-json\/wp\/v2\/pages\/8255\/revisions\/8263"}],"wp:attachment":[{"href":"https:\/\/przedszkole150.edu.wroclaw.pl\/index.php\/wp-json\/wp\/v2\/media?parent=8255"}],"curies":[{"name":"wp","href":"https:\/\/api.w.org\/{rel}","templated":true}]}}