
{"id":8273,"date":"2025-12-10T08:27:03","date_gmt":"2025-12-10T07:27:03","guid":{"rendered":"https:\/\/przedszkole150.edu.wroclaw.pl\/?page_id=8273"},"modified":"2025-12-10T08:27:29","modified_gmt":"2025-12-10T07:27:29","slug":"wycieczka-do-chatki-mikolaja","status":"publish","type":"page","link":"https:\/\/przedszkole150.edu.wroclaw.pl\/index.php\/wycieczka-do-chatki-mikolaja\/","title":{"rendered":"Wycieczka do &#8222;Chatki Miko\u0142aja&#8221;"},"content":{"rendered":"<div class=\"wpb-content-wrapper\"><p>[vc_row][vc_column][vc_column_text]<\/p>\n<p align=\"center\"><span style=\"font-size: 14pt;font-family: times new roman, times\"><b>WYCIECZKA DO CHATKI MIKO\u0141AJA<\/b><\/span><\/p>\n<p><span style=\"font-size: 14pt;font-family: times new roman, times\">Dnia 09.12.2025 r. dzieci z gr. VII oraz VIII wzi\u0119\u0142y udzia\u0142 w wycieczce do Centrum Inicjatyw Wszelakich \u2013 Edukacja Kreatywna pn. \u201eChatka Miko\u0142aja\u201d.<\/span><\/p>\n<p><span style=\"font-size: 14pt;font-family: times new roman, times\">Podczas wycieczki na dzieci czeka\u0142o wiele atrakcji:<\/span><\/p>\n<p><span style=\"font-size: 14pt;font-family: times new roman, times\">&#8211; warsztat plastyczny \u201eW fabryce prezent\u00f3w\u201d \u2013 wykonanie gry memory,<\/span><\/p>\n<p><span style=\"font-size: 14pt;font-family: times new roman, times\">&#8211; dekorowanie \u015bwi\u0105tecznych pierniczk\u00f3w,<\/span><\/p>\n<p><span style=\"font-size: 14pt;font-family: times new roman, times\">&#8211; spotkanie z Miko\u0142ajem, poznanie ciekawostek na jego temat,<\/span><\/p>\n<p><span style=\"font-size: 14pt;font-family: times new roman, times\">&#8211; zabawy ruchowe w fabryce Miko\u0142aja,<\/span><\/p>\n<p><span style=\"font-size: 14pt;font-family: times new roman, times\">&#8211; spotkanie ze zwierz\u0119tami zamieszkuj\u0105cymi przy chatce Miko\u0142aja.<\/span>[\/vc_column_text][vc_gallery type=&#8221;image_grid&#8221; images=&#8221;8274,8275,8276,8277,8278,8279,8280,8281,8282,8283,8284,8285&#8243; css=&#8221;&#8221;][\/vc_column][\/vc_row]<\/p>\n<\/div>","protected":false},"excerpt":{"rendered":"<p>[vc_row][vc_column][vc_column_text] WYCIECZKA DO CHATKI MIKO\u0141AJA Dnia 09.12.2025 r. dzieci z gr. VII oraz VIII wzi\u0119\u0142y udzia\u0142 w wycieczce do Centrum Inicjatyw Wszelakich \u2013 Edukacja Kreatywna pn. \u201eChatka Miko\u0142aja\u201d. Podczas wycieczki [&hellip;]<\/p>\n","protected":false},"author":211,"featured_media":0,"parent":0,"menu_order":0,"comment_status":"closed","ping_status":"closed","template":"","meta":{"ngg_post_thumbnail":0,"footnotes":""},"class_list":["post-8273","page","type-page","status-publish","hentry","clearfix"],"_links":{"self":[{"href":"https:\/\/przedszkole150.edu.wroclaw.pl\/index.php\/wp-json\/wp\/v2\/pages\/8273","targetHints":{"allow":["GET"]}}],"collection":[{"href":"https:\/\/przedszkole150.edu.wroclaw.pl\/index.php\/wp-json\/wp\/v2\/pages"}],"about":[{"href":"https:\/\/przedszkole150.edu.wroclaw.pl\/index.php\/wp-json\/wp\/v2\/types\/page"}],"author":[{"embeddable":true,"href":"https:\/\/przedszkole150.edu.wroclaw.pl\/index.php\/wp-json\/wp\/v2\/users\/211"}],"replies":[{"embeddable":true,"href":"https:\/\/przedszkole150.edu.wroclaw.pl\/index.php\/wp-json\/wp\/v2\/comments?post=8273"}],"version-history":[{"count":2,"href":"https:\/\/przedszkole150.edu.wroclaw.pl\/index.php\/wp-json\/wp\/v2\/pages\/8273\/revisions"}],"predecessor-version":[{"id":8287,"href":"https:\/\/przedszkole150.edu.wroclaw.pl\/index.php\/wp-json\/wp\/v2\/pages\/8273\/revisions\/8287"}],"wp:attachment":[{"href":"https:\/\/przedszkole150.edu.wroclaw.pl\/index.php\/wp-json\/wp\/v2\/media?parent=8273"}],"curies":[{"name":"wp","href":"https:\/\/api.w.org\/{rel}","templated":true}]}}