
{"id":8291,"date":"2025-12-11T17:58:20","date_gmt":"2025-12-11T16:58:20","guid":{"rendered":"https:\/\/przedszkole150.edu.wroclaw.pl\/?page_id=8291"},"modified":"2025-12-11T17:58:20","modified_gmt":"2025-12-11T16:58:20","slug":"w-oczekiwaniu-na-mikolaja","status":"publish","type":"page","link":"https:\/\/przedszkole150.edu.wroclaw.pl\/index.php\/w-oczekiwaniu-na-mikolaja\/","title":{"rendered":"W oczekiwaniu na Miko\u0142aja"},"content":{"rendered":"<div class=\"wpb-content-wrapper\"><p>[vc_row][vc_column][vc_column_text]<\/p>\n<p data-start=\"277\" data-end=\"552\"><span style=\"font-family: times new roman, times;font-size: 14pt\">W okresie poprzedzaj\u0105cym wizyt\u0119 \u015bwi\u0119tego Miko\u0142aja w przedszkolu panuje prawdziwa tw\u00f3rcza mobilizacja. Dzieci wykonuj\u0105 r\u00f3\u017cnorodne prace plastyczne, dzi\u0119ki kt\u00f3rym mog\u0105 nie tylko wyrazi\u0107 swoj\u0105 wyobra\u017ani\u0119, lecz tak\u017ce wprowadzi\u0107 si\u0119 w magiczny, przed\u015bwi\u0105teczny nastr\u00f3j.<\/span><\/p>\n<p data-start=\"554\" data-end=\"875\"><span style=\"font-family: times new roman, times;font-size: 14pt\">Przedszkolaki wykonuj\u0105 kolorowe miko\u0142ajowe czapki z czerwonego papieru, ozdabiane wat\u0105 i b\u0142yszcz\u0105cymi gwiazdkami. Tworz\u0105 tak\u017ce prace przedstawiaj\u0105ce samego Miko\u0142aja \u2013 maluj\u0105c, wyklejaj\u0105c lub rysuj\u0105c jego charakterystyczn\u0105 posta\u0107. W grupach powstaj\u0105 zimowe pejza\u017ce: za\u015bnie\u017cone choinki, renifery oraz sanie pe\u0142ne prezent\u00f3w.<\/span><\/p>\n<p data-start=\"877\" data-end=\"1202\"><span style=\"font-family: times new roman, times;font-size: 14pt\">Dzieci ch\u0119tnie korzystaj\u0105 z r\u00f3\u017cnych technik: malowania farbami, wyklejania bibu\u0142\u0105, wydzieranki, stempli czy kola\u017cu. Ka\u017cde zaj\u0119cia to okazja do odkrywania nowych materia\u0142\u00f3w i eksperymentowania z fakturami oraz kolorami. Prace plastyczne rozwijaj\u0105 motoryk\u0119 ma\u0142\u0105, cierpliwo\u015b\u0107 i poczucie estetyki, a jednocze\u015bnie ucz\u0105 wsp\u00f3\u0142pracy.<\/span><\/p>\n<p data-start=\"1204\" data-end=\"1458\"><span style=\"font-family: times new roman, times;font-size: 14pt\">Gotowe dzie\u0142a ozdabiaj\u0105 przedszkolne sale i korytarze, tworz\u0105c \u015bwi\u0105teczny klimat i buduj\u0105c radosne oczekiwanie na spotkanie z Miko\u0142ajem. Dla dzieci to wyj\u0105tkowa okazja, by poczu\u0107 magi\u0119 nadchodz\u0105cych \u015bwi\u0105t i dumnie zaprezentowa\u0107 swoje talenty artystyczne.<\/span><\/p>\n<p>[\/vc_column_text][vc_gallery type=&#8221;image_grid&#8221; images=&#8221;8292,8293,8294,8295,8296,8297,8298,8299,8300,8301,8302,8303,8304,8305,8306,8307,8308,8309,8310&#8243; css=&#8221;&#8221;][\/vc_column][\/vc_row]<\/p>\n<\/div>","protected":false},"excerpt":{"rendered":"<p>[vc_row][vc_column][vc_column_text] W okresie poprzedzaj\u0105cym wizyt\u0119 \u015bwi\u0119tego Miko\u0142aja w przedszkolu panuje prawdziwa tw\u00f3rcza mobilizacja. Dzieci wykonuj\u0105 r\u00f3\u017cnorodne prace plastyczne, dzi\u0119ki kt\u00f3rym mog\u0105 nie tylko wyrazi\u0107 swoj\u0105 wyobra\u017ani\u0119, lecz tak\u017ce wprowadzi\u0107 si\u0119 [&hellip;]<\/p>\n","protected":false},"author":200,"featured_media":0,"parent":0,"menu_order":0,"comment_status":"closed","ping_status":"closed","template":"","meta":{"ngg_post_thumbnail":0,"footnotes":""},"class_list":["post-8291","page","type-page","status-publish","hentry","clearfix"],"_links":{"self":[{"href":"https:\/\/przedszkole150.edu.wroclaw.pl\/index.php\/wp-json\/wp\/v2\/pages\/8291","targetHints":{"allow":["GET"]}}],"collection":[{"href":"https:\/\/przedszkole150.edu.wroclaw.pl\/index.php\/wp-json\/wp\/v2\/pages"}],"about":[{"href":"https:\/\/przedszkole150.edu.wroclaw.pl\/index.php\/wp-json\/wp\/v2\/types\/page"}],"author":[{"embeddable":true,"href":"https:\/\/przedszkole150.edu.wroclaw.pl\/index.php\/wp-json\/wp\/v2\/users\/200"}],"replies":[{"embeddable":true,"href":"https:\/\/przedszkole150.edu.wroclaw.pl\/index.php\/wp-json\/wp\/v2\/comments?post=8291"}],"version-history":[{"count":1,"href":"https:\/\/przedszkole150.edu.wroclaw.pl\/index.php\/wp-json\/wp\/v2\/pages\/8291\/revisions"}],"predecessor-version":[{"id":8311,"href":"https:\/\/przedszkole150.edu.wroclaw.pl\/index.php\/wp-json\/wp\/v2\/pages\/8291\/revisions\/8311"}],"wp:attachment":[{"href":"https:\/\/przedszkole150.edu.wroclaw.pl\/index.php\/wp-json\/wp\/v2\/media?parent=8291"}],"curies":[{"name":"wp","href":"https:\/\/api.w.org\/{rel}","templated":true}]}}