
{"id":8313,"date":"2025-12-11T18:31:59","date_gmt":"2025-12-11T17:31:59","guid":{"rendered":"https:\/\/przedszkole150.edu.wroclaw.pl\/?page_id=8313"},"modified":"2025-12-11T18:31:59","modified_gmt":"2025-12-11T17:31:59","slug":"przedstawienie-teatralne-mis-tulis-i-poszukiwacze-zaginionego-medalionu","status":"publish","type":"page","link":"https:\/\/przedszkole150.edu.wroclaw.pl\/index.php\/przedstawienie-teatralne-mis-tulis-i-poszukiwacze-zaginionego-medalionu\/","title":{"rendered":"Przedstawienie teatralne &#8222;Mi\u015b Tuli\u015b i poszukiwacze zaginionego medalionu&#8221;"},"content":{"rendered":"<div class=\"wpb-content-wrapper\"><p>[vc_row][vc_column][vc_column_text]<\/p>\n<p data-start=\"168\" data-end=\"410\"><span style=\"font-family: times new roman, times\">W naszym przedszkolu po raz kolejny odby\u0142o si\u0119 wyj\u0105tkowe przedstawienie teatralne, przygotowane i odegrane przez nauczycielki. Spektakl pt. <em data-start=\"293\" data-end=\"327\">\u201eMi\u015b Tuli\u015b i poszukiwacze zaginionego medalionu\u201d<\/em> wprowadzi\u0142 dzieci w magiczny, le\u015bny \u015bwiat pe\u0142en ciep\u0142a, humoru i wa\u017cnych warto\u015bci.<\/span><\/p>\n<p data-start=\"412\" data-end=\"728\"><span style=\"font-family: times new roman, times\">G\u0142\u00f3wnym bohaterem by\u0142 Mi\u015b Tuli\u015b, kt\u00f3ry szykowa\u0142 si\u0119 na wielki bal w lesie. Niestety, tu\u017c przed wyj\u015bciem odkry\u0142, \u017ce zgubi\u0142 sw\u00f3j ulubiony medalion \u2013 wa\u017cn\u0105 pami\u0105tk\u0119 i element stroju, bez kt\u00f3rego nie m\u00f3g\u0142 wzi\u0105\u0107 udzia\u0142u w zabawie. Zmartwiony ruszy\u0142 na poszukiwania, a po drodze spotyka\u0142 r\u00f3\u017cne le\u015bne zwierz\u0119ta.<\/span><\/p>\n<p data-start=\"730\" data-end=\"1158\"><span style=\"font-family: times new roman, times\">\u00a0Zwierz\u0119ta okaza\u0142y Tulisowi du\u017co \u017cyczliwo\u015bci, oferuj\u0105c pomoc i wsp\u00f3lnie przeszukuj\u0105c le\u015bne zakamarki. Dzi\u0119ki ich wsp\u00f3\u0142pracy medalion ostatecznie si\u0119 odnalaz\u0142, a Mi\u015b m\u00f3g\u0142 z rado\u015bci\u0105 uda\u0107 si\u0119 na bal.<\/span><\/p>\n<p data-start=\"1160\" data-end=\"1497\"><span style=\"font-family: times new roman, times\">Spektakl zako\u0144czy\u0142 si\u0119 wsp\u00f3ln\u0105 piosenk\u0105 i podkre\u015bleniem najwa\u017cniejszego przes\u0142ania: <strong data-start=\"1244\" data-end=\"1338\">prawdziwa przyja\u017a\u0144 pomaga w trudnych chwilach i jest jednym z najwi\u0119kszych skarb\u00f3w w \u017cyciu<\/strong>. Dzieci nagrodzi\u0142y wyst\u0119p gromkimi brawami, a nauczycielki udowodni\u0142y, \u017ce potrafi\u0105 nie tylko uczy\u0107, ale tak\u017ce wspaniale bawi\u0107 i inspirowa\u0107 swoich wychowank\u00f3w.<\/span><\/p>\n<p>[\/vc_column_text][vc_gallery type=&#8221;image_grid&#8221; images=&#8221;8315,8316,8317,8318,8319,8320,8321,8322,8323&#8243; css=&#8221;&#8221;][\/vc_column][\/vc_row]<\/p>\n<\/div>","protected":false},"excerpt":{"rendered":"<p>[vc_row][vc_column][vc_column_text] W naszym przedszkolu po raz kolejny odby\u0142o si\u0119 wyj\u0105tkowe przedstawienie teatralne, przygotowane i odegrane przez nauczycielki. Spektakl pt. \u201eMi\u015b Tuli\u015b i poszukiwacze zaginionego medalionu\u201d wprowadzi\u0142 dzieci w magiczny, le\u015bny [&hellip;]<\/p>\n","protected":false},"author":200,"featured_media":0,"parent":0,"menu_order":0,"comment_status":"closed","ping_status":"closed","template":"","meta":{"ngg_post_thumbnail":0,"footnotes":""},"class_list":["post-8313","page","type-page","status-publish","hentry","clearfix"],"_links":{"self":[{"href":"https:\/\/przedszkole150.edu.wroclaw.pl\/index.php\/wp-json\/wp\/v2\/pages\/8313","targetHints":{"allow":["GET"]}}],"collection":[{"href":"https:\/\/przedszkole150.edu.wroclaw.pl\/index.php\/wp-json\/wp\/v2\/pages"}],"about":[{"href":"https:\/\/przedszkole150.edu.wroclaw.pl\/index.php\/wp-json\/wp\/v2\/types\/page"}],"author":[{"embeddable":true,"href":"https:\/\/przedszkole150.edu.wroclaw.pl\/index.php\/wp-json\/wp\/v2\/users\/200"}],"replies":[{"embeddable":true,"href":"https:\/\/przedszkole150.edu.wroclaw.pl\/index.php\/wp-json\/wp\/v2\/comments?post=8313"}],"version-history":[{"count":1,"href":"https:\/\/przedszkole150.edu.wroclaw.pl\/index.php\/wp-json\/wp\/v2\/pages\/8313\/revisions"}],"predecessor-version":[{"id":8325,"href":"https:\/\/przedszkole150.edu.wroclaw.pl\/index.php\/wp-json\/wp\/v2\/pages\/8313\/revisions\/8325"}],"wp:attachment":[{"href":"https:\/\/przedszkole150.edu.wroclaw.pl\/index.php\/wp-json\/wp\/v2\/media?parent=8313"}],"curies":[{"name":"wp","href":"https:\/\/api.w.org\/{rel}","templated":true}]}}