
{"id":8342,"date":"2025-12-19T09:05:25","date_gmt":"2025-12-19T08:05:25","guid":{"rendered":"https:\/\/przedszkole150.edu.wroclaw.pl\/?page_id=8342"},"modified":"2025-12-19T09:08:43","modified_gmt":"2025-12-19T08:08:43","slug":"przedszkolaki-jedza-zdrowo-ogolnopolski-konkurs-plastyczny","status":"publish","type":"page","link":"https:\/\/przedszkole150.edu.wroclaw.pl\/index.php\/przedszkolaki-jedza-zdrowo-ogolnopolski-konkurs-plastyczny\/","title":{"rendered":"PRZEDSZKOLAKI JEDZ\u0104 ZDROWO &#8211; OG\u00d3LNOPOLSKI KONKURS PLASTYCZNY"},"content":{"rendered":"<div class=\"wpb-content-wrapper\"><p>[vc_row][vc_column][vc_column_text]<\/p>\n<p align=\"center\"><span style=\"font-family: times new roman, times;font-size: 14pt\"><strong><span style=\"color: #ff0000\">\u201e<\/span><\/strong><strong><span style=\"color: #ff0000\"><span lang=\"pl-PL\">Przedszkolaki jedz\u0105 zdrowo<\/span><\/span><\/strong><strong><span style=\"color: #ff0000\"><span lang=\"pl-PL\">\u201d \u2013 og\u00f3lnopolski konkurs plastyczny<\/span><\/span><\/strong><\/span><\/p>\n<p><span style=\"font-family: times new roman, times;font-size: 14pt\">Oliwia W. z gr. VII oraz Leon M. z gr. IX wzi\u0119li udzia\u0142 w XII edycji og\u00f3lnopolskiego konkursu plastycznego pn. \u201ePrzedszkolaki jedz\u0105 zdrowo\u201d. Organizator konkursu: Przedszkole Miejskie Nr 35 w Sosnowcu.<\/span><\/p>\n<p><span style=\"font-family: times new roman, times;font-size: 14pt\">Podzi\u0119kowanie otrzyma\u0142y tak\u017ce nauczycielki przygotowuj\u0105ce dzieci do udzia\u0142u w konkursie.<\/span>[\/vc_column_text][vc_gallery type=&#8221;image_grid&#8221; images=&#8221;8343,8344,8345,8346&#8243; css=&#8221;&#8221;][\/vc_column][\/vc_row]<\/p>\n<\/div>","protected":false},"excerpt":{"rendered":"<p>[vc_row][vc_column][vc_column_text] \u201ePrzedszkolaki jedz\u0105 zdrowo\u201d \u2013 og\u00f3lnopolski konkurs plastyczny Oliwia W. z gr. VII oraz Leon M. z gr. IX wzi\u0119li udzia\u0142 w XII edycji og\u00f3lnopolskiego konkursu plastycznego pn. \u201ePrzedszkolaki jedz\u0105 [&hellip;]<\/p>\n","protected":false},"author":211,"featured_media":0,"parent":0,"menu_order":0,"comment_status":"closed","ping_status":"closed","template":"","meta":{"ngg_post_thumbnail":0,"footnotes":""},"class_list":["post-8342","page","type-page","status-publish","hentry","clearfix"],"_links":{"self":[{"href":"https:\/\/przedszkole150.edu.wroclaw.pl\/index.php\/wp-json\/wp\/v2\/pages\/8342","targetHints":{"allow":["GET"]}}],"collection":[{"href":"https:\/\/przedszkole150.edu.wroclaw.pl\/index.php\/wp-json\/wp\/v2\/pages"}],"about":[{"href":"https:\/\/przedszkole150.edu.wroclaw.pl\/index.php\/wp-json\/wp\/v2\/types\/page"}],"author":[{"embeddable":true,"href":"https:\/\/przedszkole150.edu.wroclaw.pl\/index.php\/wp-json\/wp\/v2\/users\/211"}],"replies":[{"embeddable":true,"href":"https:\/\/przedszkole150.edu.wroclaw.pl\/index.php\/wp-json\/wp\/v2\/comments?post=8342"}],"version-history":[{"count":1,"href":"https:\/\/przedszkole150.edu.wroclaw.pl\/index.php\/wp-json\/wp\/v2\/pages\/8342\/revisions"}],"predecessor-version":[{"id":8347,"href":"https:\/\/przedszkole150.edu.wroclaw.pl\/index.php\/wp-json\/wp\/v2\/pages\/8342\/revisions\/8347"}],"wp:attachment":[{"href":"https:\/\/przedszkole150.edu.wroclaw.pl\/index.php\/wp-json\/wp\/v2\/media?parent=8342"}],"curies":[{"name":"wp","href":"https:\/\/api.w.org\/{rel}","templated":true}]}}