
{"id":8380,"date":"2026-01-08T12:45:37","date_gmt":"2026-01-08T11:45:37","guid":{"rendered":"https:\/\/przedszkole150.edu.wroclaw.pl\/?page_id=8380"},"modified":"2026-01-08T12:45:37","modified_gmt":"2026-01-08T11:45:37","slug":"najladniejsza-kartka-bozonarodzeniowa-ogolnopolski-konkurs-plastyczny","status":"publish","type":"page","link":"https:\/\/przedszkole150.edu.wroclaw.pl\/index.php\/najladniejsza-kartka-bozonarodzeniowa-ogolnopolski-konkurs-plastyczny\/","title":{"rendered":"&#8222;Naj\u0142adniejsza Kartka Bo\u017conarodzeniowa&#8221; &#8211; og\u00f3lnopolski konkurs plastyczny"},"content":{"rendered":"<div class=\"wpb-content-wrapper\"><p>[vc_row][vc_column][vc_column_text]<\/p>\n<p align=\"center\"><span style=\"font-size: 14pt;font-family: times new roman, times\"><strong><span style=\"color: #ff0000\">\u201e<\/span><\/strong><strong><span style=\"color: #ff0000\">Naj\u0142adniejsza Kartka Bo\u017conarodzeniowa<\/span><\/strong><strong><span style=\"color: #ff0000\">\u201d \u2013 og\u00f3lnopolski konkurs plastyczny<\/span><\/strong><\/span><\/p>\n<p><span style=\"font-family: times new roman, times;font-size: 14pt\">Bartosz F. z gr. VII oraz Micha\u0142 G. z gr. IX wzi\u0119li udzia\u0142 w og\u00f3lnopolskim konkursie plastycznym pn. \u201eNaj\u0142adniejsza Kartka Bo\u017conarodzeniowa\u201d. Organizator konkursu: Zesp\u00f3\u0142 Szkolno &#8211; Przedszkolny w W\u0105wolnicy.<\/span><\/p>\n<p><span style=\"font-family: times new roman, times;font-size: 14pt\">Cele konkursu:<\/span><\/p>\n<p><span style=\"font-family: times new roman, times;font-size: 14pt\">&#8211; Rozwijanie wyobra\u017ani oraz pobudzenie aktywno\u015bci tw\u00f3rczej dzieci.<\/span><\/p>\n<p><span style=\"font-family: times new roman, times;font-size: 14pt\">&#8211; Kultywowanie tradycji \u015awi\u0105t Bo\u017cego Narodzenia.<\/span><\/p>\n<p><span style=\"font-family: times new roman, times;font-size: 14pt\">&#8211; Stworzenie mo\u017cliwo\u015bci prezentacji w\u0142asnych prac.<\/span><\/p>\n<p><span style=\"font-family: times new roman, times;font-size: 14pt\">&#8211; Promowanie dzieci wykazuj\u0105cych uzdolnienia plastyczne.<\/span><\/p>\n<p><span style=\"font-family: times new roman, times;font-size: 14pt\">&#8211; Rozbudzanie zainteresowania pi\u0119knym zwyczajem obdarowywania si\u0119 kartkami\u00a0<\/span><span style=\"font-family: times new roman, times;font-size: 14pt\">\u015bwi\u0105tecznymi.<\/span><\/p>\n<p>&nbsp;<\/p>\n<p><span style=\"font-family: times new roman, times;font-size: 14pt\">Podzi\u0119kowanie otrzyma\u0142y tak\u017ce nauczycielki przygotowuj\u0105ce dzieci do udzia\u0142u w konkursie.<\/span>[\/vc_column_text][vc_gallery type=&#8221;image_grid&#8221; images=&#8221;8381,8382,8383,8384&#8243; css=&#8221;&#8221;][\/vc_column][\/vc_row]<\/p>\n<\/div>","protected":false},"excerpt":{"rendered":"<p>[vc_row][vc_column][vc_column_text] \u201eNaj\u0142adniejsza Kartka Bo\u017conarodzeniowa\u201d \u2013 og\u00f3lnopolski konkurs plastyczny Bartosz F. z gr. VII oraz Micha\u0142 G. z gr. IX wzi\u0119li udzia\u0142 w og\u00f3lnopolskim konkursie plastycznym pn. \u201eNaj\u0142adniejsza Kartka Bo\u017conarodzeniowa\u201d. Organizator [&hellip;]<\/p>\n","protected":false},"author":211,"featured_media":0,"parent":0,"menu_order":0,"comment_status":"closed","ping_status":"closed","template":"","meta":{"ngg_post_thumbnail":0,"footnotes":""},"class_list":["post-8380","page","type-page","status-publish","hentry","clearfix"],"_links":{"self":[{"href":"https:\/\/przedszkole150.edu.wroclaw.pl\/index.php\/wp-json\/wp\/v2\/pages\/8380","targetHints":{"allow":["GET"]}}],"collection":[{"href":"https:\/\/przedszkole150.edu.wroclaw.pl\/index.php\/wp-json\/wp\/v2\/pages"}],"about":[{"href":"https:\/\/przedszkole150.edu.wroclaw.pl\/index.php\/wp-json\/wp\/v2\/types\/page"}],"author":[{"embeddable":true,"href":"https:\/\/przedszkole150.edu.wroclaw.pl\/index.php\/wp-json\/wp\/v2\/users\/211"}],"replies":[{"embeddable":true,"href":"https:\/\/przedszkole150.edu.wroclaw.pl\/index.php\/wp-json\/wp\/v2\/comments?post=8380"}],"version-history":[{"count":2,"href":"https:\/\/przedszkole150.edu.wroclaw.pl\/index.php\/wp-json\/wp\/v2\/pages\/8380\/revisions"}],"predecessor-version":[{"id":8386,"href":"https:\/\/przedszkole150.edu.wroclaw.pl\/index.php\/wp-json\/wp\/v2\/pages\/8380\/revisions\/8386"}],"wp:attachment":[{"href":"https:\/\/przedszkole150.edu.wroclaw.pl\/index.php\/wp-json\/wp\/v2\/media?parent=8380"}],"curies":[{"name":"wp","href":"https:\/\/api.w.org\/{rel}","templated":true}]}}