
{"id":8388,"date":"2026-01-08T12:52:03","date_gmt":"2026-01-08T11:52:03","guid":{"rendered":"https:\/\/przedszkole150.edu.wroclaw.pl\/?page_id=8388"},"modified":"2026-01-08T12:52:47","modified_gmt":"2026-01-08T11:52:47","slug":"malowane-bajeczki-ogolnopolski-konkurs-plastyczny","status":"publish","type":"page","link":"https:\/\/przedszkole150.edu.wroclaw.pl\/index.php\/malowane-bajeczki-ogolnopolski-konkurs-plastyczny\/","title":{"rendered":"&#8222;Malowane bajeczki&#8221; &#8211; og\u00f3lnopolski konkurs plastyczny"},"content":{"rendered":"<div class=\"wpb-content-wrapper\"><p>[vc_row][vc_column][vc_column_text css=&#8221;&#8221;]<\/p>\n<p align=\"center\"><span style=\"font-family: times new roman, times\"><strong><span style=\"color: #ff0000\">\u201e<\/span><\/strong><strong><span style=\"color: #ff0000\"><span style=\"font-size: large\">Malowane bajeczki<\/span><\/span><\/strong><strong><span style=\"color: #ff0000\"><span style=\"font-size: large\">\u201d \u2013 og\u00f3lnopolski konkurs plastyczny<\/span><\/span><\/strong><\/span><\/p>\n<p><span style=\"font-family: times new roman, times\"><span style=\"font-size: large\">Natalia O. z gr. VII oraz Julia J. z gr. IX wzi\u0119\u0142y udzia\u0142 w og\u00f3lnopolskim konkursie plastycznym pn. \u201eMalowane bajeczki\u201d. Organizator konkursu: Przedszkole Miejskie Nr 10 w Che\u0142mie.<\/span><\/span><\/p>\n<p><span style=\"font-family: times new roman, times\"><span style=\"font-size: large\">Cele konkursu:<\/span><\/span><\/p>\n<p><span style=\"font-family: times new roman, times\"><span style=\"font-size: large\">&#8211; popularyzacja czytelnictwa oraz zwi\u0119kszenie zainteresowania ksi\u0105\u017ck\u0105,<\/span><\/span><\/p>\n<p><span style=\"font-family: times new roman, times\"><span style=\"font-size: large\">&#8211; przybli\u017cenie ciekawych postaci z utwor\u00f3w literackich,<\/span><\/span><\/p>\n<p><span style=\"font-family: times new roman, times\"><span style=\"font-size: large\">&#8211; rozwijanie zdolno\u015bci plastycznych, kreatywno\u015bci i samodzielno\u015bci dzieci,<\/span><\/span><\/p>\n<p><span style=\"font-family: times new roman, times\"><span style=\"font-size: large\">&#8211; wyra\u017canie w\u0142asnych obserwacji i do\u015bwiadcze\u0144 w formie prac plastycznych.<\/span><\/span><\/p>\n<p>&nbsp;<\/p>\n<p><span style=\"font-family: times new roman, times\"><span style=\"font-size: large\">Podzi\u0119kowanie otrzyma\u0142y tak\u017ce nauczycielki przygotowuj\u0105ce dzieci do udzia\u0142u w konkursie.<\/span><\/span>[\/vc_column_text][vc_gallery type=&#8221;image_grid&#8221; images=&#8221;8389,8390,8391,8392&#8243; css=&#8221;&#8221;][\/vc_column][\/vc_row]<\/p>\n<\/div>","protected":false},"excerpt":{"rendered":"<p>[vc_row][vc_column][vc_column_text css=&#8221;&#8221;] \u201eMalowane bajeczki\u201d \u2013 og\u00f3lnopolski konkurs plastyczny Natalia O. z gr. VII oraz Julia J. z gr. IX wzi\u0119\u0142y udzia\u0142 w og\u00f3lnopolskim konkursie plastycznym pn. \u201eMalowane bajeczki\u201d. Organizator konkursu: [&hellip;]<\/p>\n","protected":false},"author":211,"featured_media":0,"parent":0,"menu_order":0,"comment_status":"closed","ping_status":"closed","template":"","meta":{"ngg_post_thumbnail":0,"footnotes":""},"class_list":["post-8388","page","type-page","status-publish","hentry","clearfix"],"_links":{"self":[{"href":"https:\/\/przedszkole150.edu.wroclaw.pl\/index.php\/wp-json\/wp\/v2\/pages\/8388","targetHints":{"allow":["GET"]}}],"collection":[{"href":"https:\/\/przedszkole150.edu.wroclaw.pl\/index.php\/wp-json\/wp\/v2\/pages"}],"about":[{"href":"https:\/\/przedszkole150.edu.wroclaw.pl\/index.php\/wp-json\/wp\/v2\/types\/page"}],"author":[{"embeddable":true,"href":"https:\/\/przedszkole150.edu.wroclaw.pl\/index.php\/wp-json\/wp\/v2\/users\/211"}],"replies":[{"embeddable":true,"href":"https:\/\/przedszkole150.edu.wroclaw.pl\/index.php\/wp-json\/wp\/v2\/comments?post=8388"}],"version-history":[{"count":3,"href":"https:\/\/przedszkole150.edu.wroclaw.pl\/index.php\/wp-json\/wp\/v2\/pages\/8388\/revisions"}],"predecessor-version":[{"id":8395,"href":"https:\/\/przedszkole150.edu.wroclaw.pl\/index.php\/wp-json\/wp\/v2\/pages\/8388\/revisions\/8395"}],"wp:attachment":[{"href":"https:\/\/przedszkole150.edu.wroclaw.pl\/index.php\/wp-json\/wp\/v2\/media?parent=8388"}],"curies":[{"name":"wp","href":"https:\/\/api.w.org\/{rel}","templated":true}]}}