
{"id":8462,"date":"2026-01-28T09:37:55","date_gmt":"2026-01-28T08:37:55","guid":{"rendered":"https:\/\/przedszkole150.edu.wroclaw.pl\/?page_id=8462"},"modified":"2026-02-11T10:22:33","modified_gmt":"2026-02-11T09:22:33","slug":"zabawy-plastyczne-z-tablicami","status":"publish","type":"page","link":"https:\/\/przedszkole150.edu.wroclaw.pl\/index.php\/zabawy-plastyczne-z-tablicami\/","title":{"rendered":"Zabawy plastyczne z tablicami"},"content":{"rendered":"<div class=\"wpb-content-wrapper\"><p>[vc_row][vc_column][vc_column_text]<\/p>\n<p data-start=\"192\" data-end=\"438\">W naszym przedszkolu stawiamy na kreatywno\u015b\u0107 i radosn\u0105 nauk\u0119 przez zabaw\u0119! Zabawy plastyczne z tablicami do rysowania pozwalaj\u0105 dzieciom swobodnie eksperymentowa\u0107 z kolorami, kszta\u0142tami i liniami, rozwijaj\u0105c wyobra\u017ani\u0119 oraz zdolno\u015bci manualne.<\/p>\n<p data-start=\"440\" data-end=\"739\">Dzi\u0119ki tablicom maluchy mog\u0105 tworzy\u0107 bez ogranicze\u0144 i w ka\u017cdej chwili poprawia\u0107 swoje prace, co daje im poczucie samodzielno\u015bci i pewno\u015bci siebie.<\/p>\n<p data-start=\"741\" data-end=\"886\">To idealny spos\u00f3b na po\u0142\u0105czenie zabawy z nauk\u0105 \u2013 w bezpiecznym i kolorowym \u015brodowisku, kt\u00f3re inspiruje do tworzenia i dzielenia si\u0119 wra\u017ceniami.<\/p>\n<p>[\/vc_column_text][vc_gallery type=&#8221;image_grid&#8221; images=&#8221;8472,8473,8482,8474,8463,8464,8465,8467,8468,8469,8470,8471&#8243; css=&#8221;&#8221;][\/vc_column][\/vc_row]<\/p>\n<\/div>","protected":false},"excerpt":{"rendered":"<p>[vc_row][vc_column][vc_column_text] W naszym przedszkolu stawiamy na kreatywno\u015b\u0107 i radosn\u0105 nauk\u0119 przez zabaw\u0119! Zabawy plastyczne z tablicami do rysowania pozwalaj\u0105 dzieciom swobodnie eksperymentowa\u0107 z kolorami, kszta\u0142tami i liniami, rozwijaj\u0105c wyobra\u017ani\u0119 oraz [&hellip;]<\/p>\n","protected":false},"author":264,"featured_media":0,"parent":0,"menu_order":0,"comment_status":"closed","ping_status":"closed","template":"","meta":{"ngg_post_thumbnail":0,"footnotes":""},"class_list":["post-8462","page","type-page","status-publish","hentry","clearfix"],"_links":{"self":[{"href":"https:\/\/przedszkole150.edu.wroclaw.pl\/index.php\/wp-json\/wp\/v2\/pages\/8462","targetHints":{"allow":["GET"]}}],"collection":[{"href":"https:\/\/przedszkole150.edu.wroclaw.pl\/index.php\/wp-json\/wp\/v2\/pages"}],"about":[{"href":"https:\/\/przedszkole150.edu.wroclaw.pl\/index.php\/wp-json\/wp\/v2\/types\/page"}],"author":[{"embeddable":true,"href":"https:\/\/przedszkole150.edu.wroclaw.pl\/index.php\/wp-json\/wp\/v2\/users\/264"}],"replies":[{"embeddable":true,"href":"https:\/\/przedszkole150.edu.wroclaw.pl\/index.php\/wp-json\/wp\/v2\/comments?post=8462"}],"version-history":[{"count":3,"href":"https:\/\/przedszkole150.edu.wroclaw.pl\/index.php\/wp-json\/wp\/v2\/pages\/8462\/revisions"}],"predecessor-version":[{"id":8652,"href":"https:\/\/przedszkole150.edu.wroclaw.pl\/index.php\/wp-json\/wp\/v2\/pages\/8462\/revisions\/8652"}],"wp:attachment":[{"href":"https:\/\/przedszkole150.edu.wroclaw.pl\/index.php\/wp-json\/wp\/v2\/media?parent=8462"}],"curies":[{"name":"wp","href":"https:\/\/api.w.org\/{rel}","templated":true}]}}