
{"id":8477,"date":"2026-01-29T08:11:16","date_gmt":"2026-01-29T07:11:16","guid":{"rendered":"https:\/\/przedszkole150.edu.wroclaw.pl\/?page_id=8477"},"modified":"2026-02-11T10:18:51","modified_gmt":"2026-02-11T09:18:51","slug":"kacik-wyciszenia","status":"publish","type":"page","link":"https:\/\/przedszkole150.edu.wroclaw.pl\/index.php\/kacik-wyciszenia\/","title":{"rendered":"K\u0105ciki wyciszenia"},"content":{"rendered":"<div class=\"wpb-content-wrapper\"><p>[vc_row][vc_column][vc_column_text]K\u0105ciki wyciszenia znajduj\u0105 si\u0119 w ka\u017cdej sali przedszkolnej, dzi\u0119ki czemu ka\u017cde dziecko ma sta\u0142y i \u0142atwy dost\u0119p do miejsca, w kt\u00f3rym mo\u017ce si\u0119 uspokoi\u0107, odpocz\u0105\u0107 lub wyciszy\u0107 emocje w trakcie dnia. To spokojna, przytulna przestrze\u0144 przeznaczona do odpoczynku i regulacji emocji dzieci. Worki Sako zapewniaj\u0105 wygodne, mi\u0119kkie miejsce do siedzenia lub le\u017cenia, sprzyjaj\u0105c relaksowi i wyciszeniu. Domek relaksacyjny daje dzieciom poczucie bezpiecze\u0144stwa i prywatno\u015bci, pomagaj\u0105c im uspokoi\u0107 si\u0119, zredukowa\u0107 napi\u0119cie oraz odzyska\u0107 r\u00f3wnowag\u0119 emocjonaln\u0105.<\/p>\n<p>[\/vc_column_text][vc_gallery type=&#8221;image_grid&#8221; images=&#8221;8490,8489,8488&#8243; css=&#8221;&#8221;][\/vc_column][\/vc_row]<\/p>\n<\/div>","protected":false},"excerpt":{"rendered":"<p>[vc_row][vc_column][vc_column_text]K\u0105ciki wyciszenia znajduj\u0105 si\u0119 w ka\u017cdej sali przedszkolnej, dzi\u0119ki czemu ka\u017cde dziecko ma sta\u0142y i \u0142atwy dost\u0119p do miejsca, w kt\u00f3rym mo\u017ce si\u0119 uspokoi\u0107, odpocz\u0105\u0107 lub wyciszy\u0107 emocje w trakcie [&hellip;]<\/p>\n","protected":false},"author":264,"featured_media":0,"parent":0,"menu_order":0,"comment_status":"closed","ping_status":"closed","template":"","meta":{"ngg_post_thumbnail":0,"footnotes":""},"class_list":["post-8477","page","type-page","status-publish","hentry","clearfix"],"_links":{"self":[{"href":"https:\/\/przedszkole150.edu.wroclaw.pl\/index.php\/wp-json\/wp\/v2\/pages\/8477","targetHints":{"allow":["GET"]}}],"collection":[{"href":"https:\/\/przedszkole150.edu.wroclaw.pl\/index.php\/wp-json\/wp\/v2\/pages"}],"about":[{"href":"https:\/\/przedszkole150.edu.wroclaw.pl\/index.php\/wp-json\/wp\/v2\/types\/page"}],"author":[{"embeddable":true,"href":"https:\/\/przedszkole150.edu.wroclaw.pl\/index.php\/wp-json\/wp\/v2\/users\/264"}],"replies":[{"embeddable":true,"href":"https:\/\/przedszkole150.edu.wroclaw.pl\/index.php\/wp-json\/wp\/v2\/comments?post=8477"}],"version-history":[{"count":3,"href":"https:\/\/przedszkole150.edu.wroclaw.pl\/index.php\/wp-json\/wp\/v2\/pages\/8477\/revisions"}],"predecessor-version":[{"id":8650,"href":"https:\/\/przedszkole150.edu.wroclaw.pl\/index.php\/wp-json\/wp\/v2\/pages\/8477\/revisions\/8650"}],"wp:attachment":[{"href":"https:\/\/przedszkole150.edu.wroclaw.pl\/index.php\/wp-json\/wp\/v2\/media?parent=8477"}],"curies":[{"name":"wp","href":"https:\/\/api.w.org\/{rel}","templated":true}]}}