
{"id":8498,"date":"2026-01-29T08:28:26","date_gmt":"2026-01-29T07:28:26","guid":{"rendered":"https:\/\/przedszkole150.edu.wroclaw.pl\/?page_id=8498"},"modified":"2026-02-11T10:16:45","modified_gmt":"2026-02-11T09:16:45","slug":"gabinet-psychologa-i-pedagoda-specjalnego","status":"publish","type":"page","link":"https:\/\/przedszkole150.edu.wroclaw.pl\/index.php\/gabinet-psychologa-i-pedagoda-specjalnego\/","title":{"rendered":"Gabinet psychologa i pedagoda specjalnego"},"content":{"rendered":"<div class=\"wpb-content-wrapper\"><p>[vc_row][vc_column][vc_column_text]<strong>Gabinet psychologa i pedagoda specjalnego w naszym przedszkolu <\/strong>to specjalnie przygotowana przestrze\u0144 przeznaczona do prowadzenia zaj\u0119\u0107 terapeutycznych i wspieraj\u0105cych rozw\u00f3j dzieci. Wyposa\u017cona jest w pomoce dydaktyczne, sensoryczne oraz sprz\u0119t terapeutyczny, kt\u00f3ry umo\u017cliwia indywidualn\u0105 i grupow\u0105 prac\u0119 z dzie\u0107mi wymagaj\u0105cymi dodatkowego wsparcia rozwojowego, emocjonalnego lub edukacyjnego.<\/p>\n<p>W sali terapeutycznej znajduj\u0105 si\u0119 m.in. <strong>hu\u015btawka terapeutyczna, magle (wa\u0142ki dociskowe)<\/strong> , tunele materacowe. Gabinet jest wyposa\u017cony w <strong>wiele pomocy\u00a0 sensorycznych<\/strong> min. w \u00a0kszta\u0142tki, kamienie do chodzenia, ci\u0105\u017cenia na plecy oraz pi\u0142ki sensoryczne, kt\u00f3re wspieraj\u0105 rozw\u00f3j integracji sensorycznej, koordynacji ruchowej i regulacji napi\u0119cia mi\u0119\u015bniowego. Prowadzone s\u0105 tam zaj\u0119cia rewalidacyjne i korekcyjno-kompensacyjne, kt\u00f3rych celem jest wspieranie rozwoju funkcji poznawczych, motorycznych, komunikacyjnych i spo\u0142ecznych oraz wzmacnianie poczucia bezpiecze\u0144stwa i pewno\u015bci siebie u dzieci.<\/p>\n<p>[\/vc_column_text][vc_gallery type=&#8221;image_grid&#8221; images=&#8221;8502,8501,8500,8499&#8243; css=&#8221;&#8221;][\/vc_column][\/vc_row]<\/p>\n<\/div>","protected":false},"excerpt":{"rendered":"<p>[vc_row][vc_column][vc_column_text]Gabinet psychologa i pedagoda specjalnego w naszym przedszkolu to specjalnie przygotowana przestrze\u0144 przeznaczona do prowadzenia zaj\u0119\u0107 terapeutycznych i wspieraj\u0105cych rozw\u00f3j dzieci. Wyposa\u017cona jest w pomoce dydaktyczne, sensoryczne oraz sprz\u0119t terapeutyczny, [&hellip;]<\/p>\n","protected":false},"author":264,"featured_media":0,"parent":0,"menu_order":0,"comment_status":"closed","ping_status":"closed","template":"","meta":{"ngg_post_thumbnail":0,"footnotes":""},"class_list":["post-8498","page","type-page","status-publish","hentry","clearfix"],"_links":{"self":[{"href":"https:\/\/przedszkole150.edu.wroclaw.pl\/index.php\/wp-json\/wp\/v2\/pages\/8498","targetHints":{"allow":["GET"]}}],"collection":[{"href":"https:\/\/przedszkole150.edu.wroclaw.pl\/index.php\/wp-json\/wp\/v2\/pages"}],"about":[{"href":"https:\/\/przedszkole150.edu.wroclaw.pl\/index.php\/wp-json\/wp\/v2\/types\/page"}],"author":[{"embeddable":true,"href":"https:\/\/przedszkole150.edu.wroclaw.pl\/index.php\/wp-json\/wp\/v2\/users\/264"}],"replies":[{"embeddable":true,"href":"https:\/\/przedszkole150.edu.wroclaw.pl\/index.php\/wp-json\/wp\/v2\/comments?post=8498"}],"version-history":[{"count":2,"href":"https:\/\/przedszkole150.edu.wroclaw.pl\/index.php\/wp-json\/wp\/v2\/pages\/8498\/revisions"}],"predecessor-version":[{"id":8648,"href":"https:\/\/przedszkole150.edu.wroclaw.pl\/index.php\/wp-json\/wp\/v2\/pages\/8498\/revisions\/8648"}],"wp:attachment":[{"href":"https:\/\/przedszkole150.edu.wroclaw.pl\/index.php\/wp-json\/wp\/v2\/media?parent=8498"}],"curies":[{"name":"wp","href":"https:\/\/api.w.org\/{rel}","templated":true}]}}