
{"id":8507,"date":"2026-01-29T08:40:41","date_gmt":"2026-01-29T07:40:41","guid":{"rendered":"https:\/\/przedszkole150.edu.wroclaw.pl\/?page_id=8507"},"modified":"2026-02-11T10:17:53","modified_gmt":"2026-02-11T09:17:53","slug":"gabinet-terapeuty-pedagogicznego","status":"publish","type":"page","link":"https:\/\/przedszkole150.edu.wroclaw.pl\/index.php\/gabinet-terapeuty-pedagogicznego\/","title":{"rendered":"Gabinet terapeuty pedagogicznego"},"content":{"rendered":"<div class=\"wpb-content-wrapper\"><p>[vc_row][vc_column][vc_column_text]Gabinet terapeutyczny to przyjazne miejsce, w kt\u00f3rym dzieci rozwijaj\u0105 swoje umiej\u0119tno\u015bci, \u0107wicz\u0105 koncentracj\u0119, pami\u0119\u0107, motoryk\u0119 oraz komunikacj\u0119. Dzi\u0119ki specjalistycznym pomocom i indywidualnemu podej\u015bciu ka\u017cde dziecko mo\u017ce rozwija\u0107 si\u0119 w swoim tempie i czu\u0107 si\u0119 bezpiecznie.<\/p>\n<p>[\/vc_column_text][vc_gallery type=&#8221;image_grid&#8221; images=&#8221;8509,8483,8479&#8243; css=&#8221;&#8221;][\/vc_column][\/vc_row]<\/p>\n<\/div>","protected":false},"excerpt":{"rendered":"<p>[vc_row][vc_column][vc_column_text]Gabinet terapeutyczny to przyjazne miejsce, w kt\u00f3rym dzieci rozwijaj\u0105 swoje umiej\u0119tno\u015bci, \u0107wicz\u0105 koncentracj\u0119, pami\u0119\u0107, motoryk\u0119 oraz komunikacj\u0119. Dzi\u0119ki specjalistycznym pomocom i indywidualnemu podej\u015bciu ka\u017cde dziecko mo\u017ce rozwija\u0107 si\u0119 w swoim [&hellip;]<\/p>\n","protected":false},"author":264,"featured_media":0,"parent":0,"menu_order":0,"comment_status":"closed","ping_status":"closed","template":"","meta":{"ngg_post_thumbnail":0,"footnotes":""},"class_list":["post-8507","page","type-page","status-publish","hentry","clearfix"],"_links":{"self":[{"href":"https:\/\/przedszkole150.edu.wroclaw.pl\/index.php\/wp-json\/wp\/v2\/pages\/8507","targetHints":{"allow":["GET"]}}],"collection":[{"href":"https:\/\/przedszkole150.edu.wroclaw.pl\/index.php\/wp-json\/wp\/v2\/pages"}],"about":[{"href":"https:\/\/przedszkole150.edu.wroclaw.pl\/index.php\/wp-json\/wp\/v2\/types\/page"}],"author":[{"embeddable":true,"href":"https:\/\/przedszkole150.edu.wroclaw.pl\/index.php\/wp-json\/wp\/v2\/users\/264"}],"replies":[{"embeddable":true,"href":"https:\/\/przedszkole150.edu.wroclaw.pl\/index.php\/wp-json\/wp\/v2\/comments?post=8507"}],"version-history":[{"count":4,"href":"https:\/\/przedszkole150.edu.wroclaw.pl\/index.php\/wp-json\/wp\/v2\/pages\/8507\/revisions"}],"predecessor-version":[{"id":8649,"href":"https:\/\/przedszkole150.edu.wroclaw.pl\/index.php\/wp-json\/wp\/v2\/pages\/8507\/revisions\/8649"}],"wp:attachment":[{"href":"https:\/\/przedszkole150.edu.wroclaw.pl\/index.php\/wp-json\/wp\/v2\/media?parent=8507"}],"curies":[{"name":"wp","href":"https:\/\/api.w.org\/{rel}","templated":true}]}}