
{"id":8547,"date":"2026-02-08T20:26:55","date_gmt":"2026-02-08T19:26:55","guid":{"rendered":"https:\/\/przedszkole150.edu.wroclaw.pl\/?page_id=8547"},"modified":"2026-02-11T10:13:47","modified_gmt":"2026-02-11T09:13:47","slug":"zabawy-muzyczne-z-ukulele","status":"publish","type":"page","link":"https:\/\/przedszkole150.edu.wroclaw.pl\/index.php\/zabawy-muzyczne-z-ukulele\/","title":{"rendered":"Zabawy muzyczne z ukulele"},"content":{"rendered":"<div class=\"wpb-content-wrapper\"><p>[vc_row][vc_column][vc_column_text]<strong data-start=\"58\" data-end=\"122\">Dzieci z grupy VI z rado\u015bci\u0105 poznaj\u0105 tajniki gry na ukulele.<\/strong> Podczas zaj\u0119\u0107, poprzez zabaw\u0119 i wsp\u00f3lne muzykowanie, ucz\u0105 si\u0119 podstawowych rytm\u00f3w, prostych d\u017awi\u0119k\u00f3w oraz oswajaj\u0105 si\u0119 z instrumentem. Spotkania te rozwijaj\u0105 wra\u017cliwo\u015b\u0107 muzyczn\u0105, poczucie rytmu i kreatywno\u015b\u0107 dzieci, a przede wszystkim daj\u0105 im du\u017co rado\u015bci i satysfakcji z odkrywania \u015bwiata muzyki.<\/p>\n<p>=[\/vc_column_text][vc_gallery type=&#8221;image_grid&#8221; images=&#8221;8578,8579,8580,8581&#8243; css=&#8221;&#8221;][\/vc_column][\/vc_row]<\/p>\n<\/div>","protected":false},"excerpt":{"rendered":"<p>[vc_row][vc_column][vc_column_text]Dzieci z grupy VI z rado\u015bci\u0105 poznaj\u0105 tajniki gry na ukulele. Podczas zaj\u0119\u0107, poprzez zabaw\u0119 i wsp\u00f3lne muzykowanie, ucz\u0105 si\u0119 podstawowych rytm\u00f3w, prostych d\u017awi\u0119k\u00f3w oraz oswajaj\u0105 si\u0119 z instrumentem. Spotkania [&hellip;]<\/p>\n","protected":false},"author":264,"featured_media":0,"parent":0,"menu_order":0,"comment_status":"closed","ping_status":"closed","template":"","meta":{"ngg_post_thumbnail":0,"footnotes":""},"class_list":["post-8547","page","type-page","status-publish","hentry","clearfix"],"_links":{"self":[{"href":"https:\/\/przedszkole150.edu.wroclaw.pl\/index.php\/wp-json\/wp\/v2\/pages\/8547","targetHints":{"allow":["GET"]}}],"collection":[{"href":"https:\/\/przedszkole150.edu.wroclaw.pl\/index.php\/wp-json\/wp\/v2\/pages"}],"about":[{"href":"https:\/\/przedszkole150.edu.wroclaw.pl\/index.php\/wp-json\/wp\/v2\/types\/page"}],"author":[{"embeddable":true,"href":"https:\/\/przedszkole150.edu.wroclaw.pl\/index.php\/wp-json\/wp\/v2\/users\/264"}],"replies":[{"embeddable":true,"href":"https:\/\/przedszkole150.edu.wroclaw.pl\/index.php\/wp-json\/wp\/v2\/comments?post=8547"}],"version-history":[{"count":2,"href":"https:\/\/przedszkole150.edu.wroclaw.pl\/index.php\/wp-json\/wp\/v2\/pages\/8547\/revisions"}],"predecessor-version":[{"id":8646,"href":"https:\/\/przedszkole150.edu.wroclaw.pl\/index.php\/wp-json\/wp\/v2\/pages\/8547\/revisions\/8646"}],"wp:attachment":[{"href":"https:\/\/przedszkole150.edu.wroclaw.pl\/index.php\/wp-json\/wp\/v2\/media?parent=8547"}],"curies":[{"name":"wp","href":"https:\/\/api.w.org\/{rel}","templated":true}]}}