
{"id":8552,"date":"2026-02-03T12:48:29","date_gmt":"2026-02-03T11:48:29","guid":{"rendered":"https:\/\/przedszkole150.edu.wroclaw.pl\/?page_id=8552"},"modified":"2026-02-16T10:17:06","modified_gmt":"2026-02-16T09:17:06","slug":"najpiekniejsza-bombka-ogolnopolski-konkurs-plastyczny","status":"publish","type":"page","link":"https:\/\/przedszkole150.edu.wroclaw.pl\/index.php\/najpiekniejsza-bombka-ogolnopolski-konkurs-plastyczny\/","title":{"rendered":"&#8222;Najpi\u0119kniejsza bombka&#8221; &#8211; og\u00f3lnopolski konkurs plastyczny"},"content":{"rendered":"<div class=\"wpb-content-wrapper\"><p>[vc_row][vc_column][vc_column_text css=&#8221;&#8221;]<\/p>\n<p align=\"center\"><span style=\"font-size: 14pt;font-family: times new roman, times\"><strong><span style=\"color: #ff0000\">\u201e<\/span><\/strong><strong><span style=\"color: #ff0000\">Najpi\u0119kniejsza bombka<\/span><\/strong><strong><span style=\"color: #ff0000\">\u201d \u2013 og\u00f3lnopolski konkurs plastyczn<\/span><\/strong><strong><span style=\"color: #ff0000\">y<\/span><\/strong><\/span><\/p>\n<p><span style=\"font-family: times new roman, times;font-size: 14pt\"><span style=\"color: #000000\">Malwina K. z gr. VII oraz Kaja A. z gr. IX wzi\u0119\u0142y udzia\u0142 w og\u00f3lnopolskim konkursie plastycznym pn. \u201eNajpi\u0119kniejsza bombka\u201d. Organizator konkursu: Przedszkole Miejskie Nr 174 w \u0141odzi.<\/span><\/span><\/p>\n<p><span style=\"font-family: times new roman, times;font-size: 14pt;color: #000000\">Cele konkursu:<\/span><\/p>\n<p><span style=\"font-family: times new roman, times;font-size: 14pt;color: #000000\">&#8211; rozwijanie i kszta\u0142towanie wyobra\u017ani plastycznej dzieci;<\/span><\/p>\n<p><span style=\"font-family: times new roman, times;font-size: 14pt;color: #000000\">&#8211; przybli\u017cenie rodzinnych tradycji;<\/span><\/p>\n<p><span style=\"font-family: times new roman, times;font-size: 14pt;color: #000000\">&#8211; wykazanie si\u0119 kreatywno\u015bci\u0105 i zmys\u0142em estetycznym;<\/span><\/p>\n<p><span style=\"font-family: times new roman, times;font-size: 14pt;color: #000000\">&#8211; rozwijanie sprawno\u015bci manualnej;<\/span><\/p>\n<p><span style=\"font-family: times new roman, times;font-size: 14pt;color: #000000\">&#8211; kultywowanie tradycji Bo\u017conarodzeniowych;<\/span><\/p>\n<p><span style=\"font-family: times new roman, times;font-size: 14pt;color: #000000\">&#8211; prezentacja i popularyzacja dzieci\u0119cej tw\u00f3rczo\u015bci plastycznej;<\/span><\/p>\n<p><span style=\"font-family: times new roman, times;font-size: 14pt;color: #000000\">&#8211; rozbudzanie zainteresowa\u0144 r\u00f3\u017cnymi formami plastycznym. <\/span><\/p>\n<p><span style=\"font-family: times new roman, times;font-size: 14pt;color: #000000\">Podzi\u0119kowanie otrzyma\u0142y nauczycielki przygotowuj\u0105ce dzieci do udzia\u0142u w konkursie.<\/span>[\/vc_column_text][vc_gallery type=&#8221;image_grid&#8221; images=&#8221;8553,8554,8555,8556&#8243; css=&#8221;&#8221;][\/vc_column][\/vc_row]<\/p>\n<\/div>","protected":false},"excerpt":{"rendered":"<p>[vc_row][vc_column][vc_column_text css=&#8221;&#8221;] \u201eNajpi\u0119kniejsza bombka\u201d \u2013 og\u00f3lnopolski konkurs plastyczny Malwina K. z gr. VII oraz Kaja A. z gr. IX wzi\u0119\u0142y udzia\u0142 w og\u00f3lnopolskim konkursie plastycznym pn. \u201eNajpi\u0119kniejsza bombka\u201d. Organizator konkursu: [&hellip;]<\/p>\n","protected":false},"author":211,"featured_media":0,"parent":0,"menu_order":0,"comment_status":"closed","ping_status":"closed","template":"","meta":{"ngg_post_thumbnail":0,"footnotes":""},"class_list":["post-8552","page","type-page","status-publish","hentry","clearfix"],"_links":{"self":[{"href":"https:\/\/przedszkole150.edu.wroclaw.pl\/index.php\/wp-json\/wp\/v2\/pages\/8552","targetHints":{"allow":["GET"]}}],"collection":[{"href":"https:\/\/przedszkole150.edu.wroclaw.pl\/index.php\/wp-json\/wp\/v2\/pages"}],"about":[{"href":"https:\/\/przedszkole150.edu.wroclaw.pl\/index.php\/wp-json\/wp\/v2\/types\/page"}],"author":[{"embeddable":true,"href":"https:\/\/przedszkole150.edu.wroclaw.pl\/index.php\/wp-json\/wp\/v2\/users\/211"}],"replies":[{"embeddable":true,"href":"https:\/\/przedszkole150.edu.wroclaw.pl\/index.php\/wp-json\/wp\/v2\/comments?post=8552"}],"version-history":[{"count":3,"href":"https:\/\/przedszkole150.edu.wroclaw.pl\/index.php\/wp-json\/wp\/v2\/pages\/8552\/revisions"}],"predecessor-version":[{"id":8675,"href":"https:\/\/przedszkole150.edu.wroclaw.pl\/index.php\/wp-json\/wp\/v2\/pages\/8552\/revisions\/8675"}],"wp:attachment":[{"href":"https:\/\/przedszkole150.edu.wroclaw.pl\/index.php\/wp-json\/wp\/v2\/media?parent=8552"}],"curies":[{"name":"wp","href":"https:\/\/api.w.org\/{rel}","templated":true}]}}