
{"id":8564,"date":"2026-02-06T12:30:12","date_gmt":"2026-02-06T11:30:12","guid":{"rendered":"https:\/\/przedszkole150.edu.wroclaw.pl\/?page_id=8564"},"modified":"2026-02-06T12:30:12","modified_gmt":"2026-02-06T11:30:12","slug":"projekt-maly-mis-w-swiecie-wielkiej-literatury","status":"publish","type":"page","link":"https:\/\/przedszkole150.edu.wroclaw.pl\/index.php\/projekt-maly-mis-w-swiecie-wielkiej-literatury\/","title":{"rendered":"Projekt \u201eMa\u0142y Mi\u015b w \u015bwiecie wielkiej literatury\u201d"},"content":{"rendered":"<div class=\"wpb-content-wrapper\"><p>[vc_row][vc_column][vc_column_text]<span style=\"font-family: times new roman, times;font-size: 14pt\">Grupa VI i Grupa IX wzi\u0119\u0142y udzia\u0142 w projekcie <strong><em>\u201eMa\u0142y Mi\u015b w \u015bwiecie wielkiej literatury\u201d.<\/em><\/strong><\/span><br \/>\n<span style=\"font-family: times new roman, times;font-size: 14pt\">W ramach projektu odby\u0142y si\u0119 zaj\u0119cia zwi\u0105zane z ksi\u0105\u017ckami i czytaniem. Za udzia\u0142 w projekcie grupy otrzyma\u0142y certyfikaty. <\/span>[\/vc_column_text][vc_gallery type=&#8221;image_grid&#8221; images=&#8221;8565,8566,8567&#8243; css=&#8221;&#8221;][vc_gallery type=&#8221;image_grid&#8221; images=&#8221;8569,8570,8571&#8243; css=&#8221;&#8221;][\/vc_column][\/vc_row]<\/p>\n<\/div>","protected":false},"excerpt":{"rendered":"<p>[vc_row][vc_column][vc_column_text]Grupa VI i Grupa IX wzi\u0119\u0142y udzia\u0142 w projekcie \u201eMa\u0142y Mi\u015b w \u015bwiecie wielkiej literatury\u201d. W ramach projektu odby\u0142y si\u0119 zaj\u0119cia zwi\u0105zane z ksi\u0105\u017ckami i czytaniem. Za udzia\u0142 w projekcie [&hellip;]<\/p>\n","protected":false},"author":200,"featured_media":0,"parent":0,"menu_order":0,"comment_status":"closed","ping_status":"closed","template":"","meta":{"ngg_post_thumbnail":0,"footnotes":""},"class_list":["post-8564","page","type-page","status-publish","hentry","clearfix"],"_links":{"self":[{"href":"https:\/\/przedszkole150.edu.wroclaw.pl\/index.php\/wp-json\/wp\/v2\/pages\/8564","targetHints":{"allow":["GET"]}}],"collection":[{"href":"https:\/\/przedszkole150.edu.wroclaw.pl\/index.php\/wp-json\/wp\/v2\/pages"}],"about":[{"href":"https:\/\/przedszkole150.edu.wroclaw.pl\/index.php\/wp-json\/wp\/v2\/types\/page"}],"author":[{"embeddable":true,"href":"https:\/\/przedszkole150.edu.wroclaw.pl\/index.php\/wp-json\/wp\/v2\/users\/200"}],"replies":[{"embeddable":true,"href":"https:\/\/przedszkole150.edu.wroclaw.pl\/index.php\/wp-json\/wp\/v2\/comments?post=8564"}],"version-history":[{"count":2,"href":"https:\/\/przedszkole150.edu.wroclaw.pl\/index.php\/wp-json\/wp\/v2\/pages\/8564\/revisions"}],"predecessor-version":[{"id":8572,"href":"https:\/\/przedszkole150.edu.wroclaw.pl\/index.php\/wp-json\/wp\/v2\/pages\/8564\/revisions\/8572"}],"wp:attachment":[{"href":"https:\/\/przedszkole150.edu.wroclaw.pl\/index.php\/wp-json\/wp\/v2\/media?parent=8564"}],"curies":[{"name":"wp","href":"https:\/\/api.w.org\/{rel}","templated":true}]}}