
{"id":8575,"date":"2026-02-08T19:53:19","date_gmt":"2026-02-08T18:53:19","guid":{"rendered":"https:\/\/przedszkole150.edu.wroclaw.pl\/?page_id=8575"},"modified":"2026-02-11T10:12:17","modified_gmt":"2026-02-11T09:12:17","slug":"sala-multimedialna","status":"publish","type":"page","link":"https:\/\/przedszkole150.edu.wroclaw.pl\/index.php\/sala-multimedialna\/","title":{"rendered":"Sala multimedialna"},"content":{"rendered":"<div class=\"wpb-content-wrapper\"><p>[vc_row][vc_column][vc_column_text]Sala multimedialna w przedszkolu to nowoczesna przestrze\u0144 edukacyjna stworzona z my\u015bl\u0105\u00a0\u00a0 o wspieraniu wszechstronnego rozwoju dzieci poprzez zabaw\u0119 i nauk\u0119 z wykorzystaniem nowoczesnych technologii. Jej wyposa\u017cenie umo\u017cliwia realizacj\u0119 zaj\u0119\u0107 interaktywnych, rozwijaj\u0105cych kompetencje cyfrowe, kreatywno\u015b\u0107, logiczne my\u015blenie oraz wsp\u00f3\u0142prac\u0119\u00a0 \u00a0w grupie.<\/p>\n<p><strong>Wyposa\u017cenie sali:<\/strong><\/p>\n<ul>\n<li><strong>Tablica interaktywna<\/strong> \u2013 pozwala na wy\u015bwietlanie materia\u0142\u00f3w edukacyjnych, gier edukacyjnych oraz prowadzenie zaj\u0119\u0107 aktywizuj\u0105cych dzieci. Umo\u017cliwia rysowanie, pisanie i bezpo\u015brednie uczestnictwo w zabawach co rozwija koncentracj\u0119 i umiej\u0119tno\u015bci poznawcze.<\/li>\n<li><strong>Pulpit interaktywny<\/strong> \u2013 umo\u017cliwia indywidualn\u0105 lub grupow\u0105 prac\u0119 dzieci przy zadaniach multimedialnych, wspomagaj\u0105c nauk\u0119 liczenia, czytania, rozpoznawania kszta\u0142t\u00f3w i kolor\u00f3w w atrakcyjny, anga\u017cuj\u0105cy spos\u00f3b.<\/li>\n<li><strong>Magiczny dywan<\/strong> \u2013 interaktywny system pod\u0142ogowy reaguj\u0105cy na ruch dzieci. Wspiera rozw\u00f3j motoryki, koordynacji ruchowej, orientacji przestrzennej i pracy zespo\u0142owej poprzez zabaw\u0119 edukacyjn\u0105.<\/li>\n<li><strong>Robot 3D<\/strong> \u2013 narz\u0119dzie do nauki podstaw programowania, logicznego my\u015blenia i eksperymentowania z technologi\u0105. Pozwala dzieciom w praktyczny spos\u00f3b poznawa\u0107 \u015bwiat robotyki i nowych technologii.<\/li>\n<li><strong>Drukarka 3D <\/strong>&#8211; Urz\u0105dzenie pozwala dzieciom zobaczy\u0107, jak pomys\u0142 zamienia si\u0119 w rzeczywisty przedmiot. Wspiera nauk\u0119 kreatywno\u015bci, kszta\u0142t\u00f3w, przestrzennego my\u015blenia i prostej in\u017cynierii poprzez zabaw\u0119 i projekty edukacyjne<\/li>\n<li><strong>Tablice \u015bwiate\u0142 &#8211; <\/strong>Panel z kolorowymi lampkami LED, kt\u00f3ry dzieci mog\u0105 w\u0142\u0105cza\u0107 i uk\u0142ada\u0107 wzory. Pomaga rozwija\u0107 spostrzegawczo\u015b\u0107, zdolno\u015bci motoryczne, kreatywno\u015b\u0107 oraz umiej\u0119tno\u015bci liczenia, rozpoznawania kolor\u00f3w i kszta\u0142t\u00f3w.<\/li>\n<\/ul>\n<p>&nbsp;<\/p>\n<p>[\/vc_column_text][vc_gallery type=&#8221;image_grid&#8221; images=&#8221;8593,8592,8590,8589,8588,8587,8585&#8243; css=&#8221;&#8221;][\/vc_column][\/vc_row]<\/p>\n<\/div>","protected":false},"excerpt":{"rendered":"<p>[vc_row][vc_column][vc_column_text]Sala multimedialna w przedszkolu to nowoczesna przestrze\u0144 edukacyjna stworzona z my\u015bl\u0105\u00a0\u00a0 o wspieraniu wszechstronnego rozwoju dzieci poprzez zabaw\u0119 i nauk\u0119 z wykorzystaniem nowoczesnych technologii. Jej wyposa\u017cenie umo\u017cliwia realizacj\u0119 zaj\u0119\u0107 interaktywnych, [&hellip;]<\/p>\n","protected":false},"author":264,"featured_media":0,"parent":0,"menu_order":0,"comment_status":"closed","ping_status":"closed","template":"","meta":{"ngg_post_thumbnail":0,"footnotes":""},"class_list":["post-8575","page","type-page","status-publish","hentry","clearfix"],"_links":{"self":[{"href":"https:\/\/przedszkole150.edu.wroclaw.pl\/index.php\/wp-json\/wp\/v2\/pages\/8575","targetHints":{"allow":["GET"]}}],"collection":[{"href":"https:\/\/przedszkole150.edu.wroclaw.pl\/index.php\/wp-json\/wp\/v2\/pages"}],"about":[{"href":"https:\/\/przedszkole150.edu.wroclaw.pl\/index.php\/wp-json\/wp\/v2\/types\/page"}],"author":[{"embeddable":true,"href":"https:\/\/przedszkole150.edu.wroclaw.pl\/index.php\/wp-json\/wp\/v2\/users\/264"}],"replies":[{"embeddable":true,"href":"https:\/\/przedszkole150.edu.wroclaw.pl\/index.php\/wp-json\/wp\/v2\/comments?post=8575"}],"version-history":[{"count":4,"href":"https:\/\/przedszkole150.edu.wroclaw.pl\/index.php\/wp-json\/wp\/v2\/pages\/8575\/revisions"}],"predecessor-version":[{"id":8645,"href":"https:\/\/przedszkole150.edu.wroclaw.pl\/index.php\/wp-json\/wp\/v2\/pages\/8575\/revisions\/8645"}],"wp:attachment":[{"href":"https:\/\/przedszkole150.edu.wroclaw.pl\/index.php\/wp-json\/wp\/v2\/media?parent=8575"}],"curies":[{"name":"wp","href":"https:\/\/api.w.org\/{rel}","templated":true}]}}