
{"id":8596,"date":"2026-02-09T19:55:17","date_gmt":"2026-02-09T18:55:17","guid":{"rendered":"https:\/\/przedszkole150.edu.wroclaw.pl\/?page_id=8596"},"modified":"2026-02-11T10:05:23","modified_gmt":"2026-02-11T09:05:23","slug":"teatralne-nutki","status":"publish","type":"page","link":"https:\/\/przedszkole150.edu.wroclaw.pl\/index.php\/teatralne-nutki\/","title":{"rendered":"Teatralne nutki"},"content":{"rendered":"<div class=\"wpb-content-wrapper\"><p>[vc_row][vc_column][vc_column_text]Grupa teatralna w przedszkolu powsta\u0142a z mi\u0142o\u015bci do dzieci\u0119cej wyobra\u017ani i rado\u015bci tworzenia. Jej za\u0142o\u017cycielk\u0105 jest <strong>Sylwia Nowak-Stok\u0142osa<\/strong> \u2013 nauczycielka pe\u0142na energii, u\u015bmiechu i niesko\u0144czonych pomys\u0142\u00f3w. To ona z ogromnym sercem odpowiada za <strong>re\u017cyseri\u0119 i scenariusz przedstawie\u0144<\/strong>, prowadz\u0105c dzieci przez magiczny \u015bwiat teatru, w kt\u00f3rym ka\u017cde dziecko mo\u017ce poczu\u0107 si\u0119 wa\u017cne, odwa\u017cne i wyj\u0105tkowe. <strong>Opraw\u0119 muzyczn\u0105<\/strong> przygotowuj\u0105\u00a0 <strong>Sylwia Kuropatwa i Agmieszka Rataj<\/strong>, dodaj\u0105c spektaklom rytmu, emocji i niepowtarzalnego klimatu.<\/p>\n<p>Za <strong>choreografi\u0119<\/strong> odpowiadaj\u0105 <strong>Ela Weso\u0142owska<\/strong> oraz <strong>Sylwia Plichta<\/strong>, kt\u00f3re z cierpliwo\u015bci\u0105 i czu\u0142o\u015bci\u0105 ucz\u0105 najm\u0142odszych wyra\u017cania emocji poprzez ruch. <strong>Scenografi\u0119<\/strong> tworz\u0105 <strong>Karolina Drwi\u0119ga<\/strong> oraz <strong>Asia Kowalewska<\/strong>, zamieniaj\u0105c przedszkoln\u0105 sal\u0119 w ba\u015bniowy las, zamek czy magiczn\u0105 krain\u0119, kt\u00f3ra pobudza dzieci\u0119c\u0105 fantazj\u0119 i sprawia, \u017ce scena naprawd\u0119 o\u017cywa.<\/p>\n<p>Grupa ma na swoim koncie wiele pi\u0119knych przedstawie\u0144, takich jak <strong>\u201eTrzy \u015bwinki\u201d<\/strong>, <strong>\u201eCzerwony Kapturek\u201d<\/strong>, <strong>\u201eKr\u00f3lewna \u015anie\u017cka\u201d<\/strong> oraz autorskie <strong>\u201eMi\u015b Tuli\u015b i zaginiony medalion\u201d<\/strong>, kt\u00f3re na d\u0142ugo pozostaj\u0105 w sercach dzieci, rodzic\u00f3w i nauczycieli. Ka\u017cdy spektakl to nie tylko wyst\u0119p, ale wspomnienie pe\u0142ne emocji, dumy i dzieci\u0119cej magii.<\/p>\n<p><strong>Ogl\u0105danie spektakli przygotowanych przez nauczycielki przenosi si\u0119 na codzienne zabawy dzieci<\/strong>, kt\u00f3re ch\u0119tnie odtwarzaj\u0105 scenki, tworz\u0105 w\u0142asne role i kostiumy, a nawet organizuj\u0105 mini-przedstawienia dla koleg\u00f3w i nauczycieli. Dzi\u0119ki temu teatr staje si\u0119 dla nich naturaln\u0105 przestrzeni\u0105 wyobra\u017ani, ekspresji i rado\u015bci, a do\u015bwiadczenia sceniczne rozwijaj\u0105 ich kreatywno\u015b\u0107, mow\u0119 i umiej\u0119tno\u015b\u0107 wsp\u00f3\u0142pracy.<\/p>\n<p>[\/vc_column_text][vc_gallery type=&#8221;image_grid&#8221; images=&#8221;8610,8609,8608,8607,8606,8605,8604,8603,8602,8601,8599,8598,8597&#8243; css=&#8221;&#8221;][\/vc_column][\/vc_row]<\/p>\n<\/div>","protected":false},"excerpt":{"rendered":"<p>[vc_row][vc_column][vc_column_text]Grupa teatralna w przedszkolu powsta\u0142a z mi\u0142o\u015bci do dzieci\u0119cej wyobra\u017ani i rado\u015bci tworzenia. Jej za\u0142o\u017cycielk\u0105 jest Sylwia Nowak-Stok\u0142osa \u2013 nauczycielka pe\u0142na energii, u\u015bmiechu i niesko\u0144czonych pomys\u0142\u00f3w. To ona z ogromnym [&hellip;]<\/p>\n","protected":false},"author":264,"featured_media":0,"parent":0,"menu_order":0,"comment_status":"closed","ping_status":"closed","template":"","meta":{"ngg_post_thumbnail":0,"footnotes":""},"class_list":["post-8596","page","type-page","status-publish","hentry","clearfix"],"_links":{"self":[{"href":"https:\/\/przedszkole150.edu.wroclaw.pl\/index.php\/wp-json\/wp\/v2\/pages\/8596","targetHints":{"allow":["GET"]}}],"collection":[{"href":"https:\/\/przedszkole150.edu.wroclaw.pl\/index.php\/wp-json\/wp\/v2\/pages"}],"about":[{"href":"https:\/\/przedszkole150.edu.wroclaw.pl\/index.php\/wp-json\/wp\/v2\/types\/page"}],"author":[{"embeddable":true,"href":"https:\/\/przedszkole150.edu.wroclaw.pl\/index.php\/wp-json\/wp\/v2\/users\/264"}],"replies":[{"embeddable":true,"href":"https:\/\/przedszkole150.edu.wroclaw.pl\/index.php\/wp-json\/wp\/v2\/comments?post=8596"}],"version-history":[{"count":4,"href":"https:\/\/przedszkole150.edu.wroclaw.pl\/index.php\/wp-json\/wp\/v2\/pages\/8596\/revisions"}],"predecessor-version":[{"id":8643,"href":"https:\/\/przedszkole150.edu.wroclaw.pl\/index.php\/wp-json\/wp\/v2\/pages\/8596\/revisions\/8643"}],"wp:attachment":[{"href":"https:\/\/przedszkole150.edu.wroclaw.pl\/index.php\/wp-json\/wp\/v2\/media?parent=8596"}],"curies":[{"name":"wp","href":"https:\/\/api.w.org\/{rel}","templated":true}]}}