
{"id":8614,"date":"2026-02-11T08:56:53","date_gmt":"2026-02-11T07:56:53","guid":{"rendered":"https:\/\/przedszkole150.edu.wroclaw.pl\/?page_id=8614"},"modified":"2026-02-11T09:00:11","modified_gmt":"2026-02-11T08:00:11","slug":"gimnastyka-dla-smyka","status":"publish","type":"page","link":"https:\/\/przedszkole150.edu.wroclaw.pl\/index.php\/gimnastyka-dla-smyka\/","title":{"rendered":"Gimnastyka dla smyka"},"content":{"rendered":"<div class=\"wpb-content-wrapper\"><p>[vc_row][vc_column][vc_column_text]<\/p>\n<p data-start=\"86\" data-end=\"455\" data-olk-copy-source=\"MessageBody\"><span style=\"font-family: times new roman, times\">Podczas codziennych zabaw ruchowych dzieci w naszym przedszkolu wykorzystuj\u0105 m.in.\u00a0<strong data-start=\"260\" data-end=\"270\">tunele<\/strong>,\u00a0<strong data-start=\"272\" data-end=\"295\">\u015bcie\u017cki sensoryczne<\/strong>,\u00a0<strong data-start=\"297\" data-end=\"325\">chusty animacyjne Klanza<\/strong>,\u00a0<strong data-start=\"327\" data-end=\"339\">pacho\u0142ki<\/strong>, <strong>drabinki,<\/strong>\u00a0\u00a0<strong data-start=\"341\" data-end=\"352\">obr\u0119cze<\/strong>,\u00a0<strong data-start=\"354\" data-end=\"366\">woreczki<\/strong>\u00a0oraz\u00a0<strong data-start=\"372\" data-end=\"381\">pi\u0142ki<\/strong>\u00a0r\u00f3\u017cnego rodzaju \u2013 w tym\u00a0<strong data-start=\"406\" data-end=\"427\">pi\u0142ki sensoryczne<\/strong>\u00a0i\u00a0<strong data-start=\"430\" data-end=\"452\">pi\u0142ki gimnastyczne<\/strong>.<\/span><\/p>\n<p data-start=\"457\" data-end=\"731\"><span style=\"font-family: times new roman, times\">Zr\u00f3\u017cnicowany sprz\u0119t pozwala dzieciom rozwija\u0107 sprawno\u015b\u0107 ruchow\u0105, koordynacj\u0119, r\u00f3wnowag\u0119 oraz zmys\u0142y, a tak\u017ce uczy wsp\u00f3\u0142pracy i daje du\u017co rado\u015bci z aktywno\u015bci fizycznej. Wszystkie zaj\u0119cia odbywaj\u0105 si\u0119 w bezpiecznych warunkach i s\u0105 dostosowane do wieku oraz mo\u017cliwo\u015bci dzieci.<\/span><\/p>\n<p>[\/vc_column_text][vc_gallery type=&#8221;image_grid&#8221; images=&#8221;8615,8616,8618,8619,8620,8621,8622,8623,8624,8625,8626,8627,8628,8629,8630,8631,8632,8633,8634&#8243; css=&#8221;&#8221;][\/vc_column][\/vc_row]<\/p>\n<\/div>","protected":false},"excerpt":{"rendered":"<p>[vc_row][vc_column][vc_column_text] Podczas codziennych zabaw ruchowych dzieci w naszym przedszkolu wykorzystuj\u0105 m.in.\u00a0tunele,\u00a0\u015bcie\u017cki sensoryczne,\u00a0chusty animacyjne Klanza,\u00a0pacho\u0142ki, drabinki,\u00a0\u00a0obr\u0119cze,\u00a0woreczki\u00a0oraz\u00a0pi\u0142ki\u00a0r\u00f3\u017cnego rodzaju \u2013 w tym\u00a0pi\u0142ki sensoryczne\u00a0i\u00a0pi\u0142ki gimnastyczne. Zr\u00f3\u017cnicowany sprz\u0119t pozwala dzieciom rozwija\u0107 sprawno\u015b\u0107 ruchow\u0105, koordynacj\u0119, r\u00f3wnowag\u0119 [&hellip;]<\/p>\n","protected":false},"author":200,"featured_media":0,"parent":0,"menu_order":0,"comment_status":"closed","ping_status":"closed","template":"","meta":{"ngg_post_thumbnail":0,"footnotes":""},"class_list":["post-8614","page","type-page","status-publish","hentry","clearfix"],"_links":{"self":[{"href":"https:\/\/przedszkole150.edu.wroclaw.pl\/index.php\/wp-json\/wp\/v2\/pages\/8614","targetHints":{"allow":["GET"]}}],"collection":[{"href":"https:\/\/przedszkole150.edu.wroclaw.pl\/index.php\/wp-json\/wp\/v2\/pages"}],"about":[{"href":"https:\/\/przedszkole150.edu.wroclaw.pl\/index.php\/wp-json\/wp\/v2\/types\/page"}],"author":[{"embeddable":true,"href":"https:\/\/przedszkole150.edu.wroclaw.pl\/index.php\/wp-json\/wp\/v2\/users\/200"}],"replies":[{"embeddable":true,"href":"https:\/\/przedszkole150.edu.wroclaw.pl\/index.php\/wp-json\/wp\/v2\/comments?post=8614"}],"version-history":[{"count":2,"href":"https:\/\/przedszkole150.edu.wroclaw.pl\/index.php\/wp-json\/wp\/v2\/pages\/8614\/revisions"}],"predecessor-version":[{"id":8637,"href":"https:\/\/przedszkole150.edu.wroclaw.pl\/index.php\/wp-json\/wp\/v2\/pages\/8614\/revisions\/8637"}],"wp:attachment":[{"href":"https:\/\/przedszkole150.edu.wroclaw.pl\/index.php\/wp-json\/wp\/v2\/media?parent=8614"}],"curies":[{"name":"wp","href":"https:\/\/api.w.org\/{rel}","templated":true}]}}