
{"id":8653,"date":"2026-02-12T12:29:08","date_gmt":"2026-02-12T11:29:08","guid":{"rendered":"https:\/\/przedszkole150.edu.wroclaw.pl\/?page_id=8653"},"modified":"2026-02-12T12:29:08","modified_gmt":"2026-02-12T11:29:08","slug":"bohateron-2026","status":"publish","type":"page","link":"https:\/\/przedszkole150.edu.wroclaw.pl\/index.php\/bohateron-2026\/","title":{"rendered":"BohaterON 2026"},"content":{"rendered":"<div class=\"wpb-content-wrapper\"><p>[vc_row][vc_column][vc_column_text]<span style=\"font-family: times new roman, times;font-size: 14pt\">Grupy V, VI oraz IX z najstarszych zer\u00f3wek wzi\u0119\u0142y udzia\u0142 w og\u00f3lnopolskiej akcji <b>BohaterON 2026<\/b>, kt\u00f3rej celem jest upami\u0119tnienie i uhonorowanie Bohater\u00f3w Powstania Warszawskiego. Dzieci z du\u017cym zaanga\u017cowaniem uczestniczy\u0142y w przygotowanych zaj\u0119ciach i dzia\u0142aniach edukacyjnych, ucz\u0105c si\u0119 o historii oraz warto\u015bciach takich jak patriotyzm, odwaga i szacunek. W ramach podzi\u0119kowania za udzia\u0142 wszystkie grupy otrzyma\u0142y pami\u0105tkowe dyplomy, kt\u00f3re s\u0105 wyrazem uznania za ich pi\u0119kn\u0105 postaw\u0119 i aktywno\u015b\u0107.<\/span>[\/vc_column_text][vc_gallery type=&#8221;image_grid&#8221; images=&#8221;8654,8655,8656&#8243; css=&#8221;&#8221;][\/vc_column][\/vc_row]<\/p>\n<\/div>","protected":false},"excerpt":{"rendered":"<p>[vc_row][vc_column][vc_column_text]Grupy V, VI oraz IX z najstarszych zer\u00f3wek wzi\u0119\u0142y udzia\u0142 w og\u00f3lnopolskiej akcji BohaterON 2026, kt\u00f3rej celem jest upami\u0119tnienie i uhonorowanie Bohater\u00f3w Powstania Warszawskiego. Dzieci z du\u017cym zaanga\u017cowaniem uczestniczy\u0142y w [&hellip;]<\/p>\n","protected":false},"author":200,"featured_media":0,"parent":0,"menu_order":0,"comment_status":"closed","ping_status":"closed","template":"","meta":{"ngg_post_thumbnail":0,"footnotes":""},"class_list":["post-8653","page","type-page","status-publish","hentry","clearfix"],"_links":{"self":[{"href":"https:\/\/przedszkole150.edu.wroclaw.pl\/index.php\/wp-json\/wp\/v2\/pages\/8653","targetHints":{"allow":["GET"]}}],"collection":[{"href":"https:\/\/przedszkole150.edu.wroclaw.pl\/index.php\/wp-json\/wp\/v2\/pages"}],"about":[{"href":"https:\/\/przedszkole150.edu.wroclaw.pl\/index.php\/wp-json\/wp\/v2\/types\/page"}],"author":[{"embeddable":true,"href":"https:\/\/przedszkole150.edu.wroclaw.pl\/index.php\/wp-json\/wp\/v2\/users\/200"}],"replies":[{"embeddable":true,"href":"https:\/\/przedszkole150.edu.wroclaw.pl\/index.php\/wp-json\/wp\/v2\/comments?post=8653"}],"version-history":[{"count":1,"href":"https:\/\/przedszkole150.edu.wroclaw.pl\/index.php\/wp-json\/wp\/v2\/pages\/8653\/revisions"}],"predecessor-version":[{"id":8657,"href":"https:\/\/przedszkole150.edu.wroclaw.pl\/index.php\/wp-json\/wp\/v2\/pages\/8653\/revisions\/8657"}],"wp:attachment":[{"href":"https:\/\/przedszkole150.edu.wroclaw.pl\/index.php\/wp-json\/wp\/v2\/media?parent=8653"}],"curies":[{"name":"wp","href":"https:\/\/api.w.org\/{rel}","templated":true}]}}